{"id":1792,"date":"2024-06-24T05:57:58","date_gmt":"2024-06-24T05:57:58","guid":{"rendered":"https:\/\/membraneswitchmfg.com\/manufacturer\/anti-ultraviolet-membrane-switch\/"},"modified":"2024-06-25T13:20:26","modified_gmt":"2024-06-25T13:20:26","slug":"anti-ultraviolet-membrane-switch","status":"publish","type":"product","link":"https:\/\/membraneswitchmfg.com\/da\/manufacturer\/anti-ultraviolet-membrane-switch\/","title":{"rendered":"Anti-Ultraviolet membrankontakt"},"content":{"rendered":"<h2><strong><b>Anti-Ultraviolet Membrane Switches: Holdbar ydeevne under barske forhold<\/b><\/strong><\/h2>\n<p><strong>Beskyttelse mod UV-str\u00e5ling<\/strong><\/p>\n<p>Anti-ultraviolette membrankontakter indeholder UV-resistente materialer og bel\u00e6gninger, der effektivt absorberer og blokerer UV-str\u00e5ler og forhindrer dem i at beskadige kontaktens komponenter og grafik. Denne beskyttelse sikrer, at kontakterne bevarer deres funktionalitet, udseende og levetid.<\/p>\n<ul>\n<li><strong>Forhindrer falmning og misfarvning af tekster og grafik<\/strong><\/li>\n<li><strong>Bevar kontaktens funktionalitet og taktile respons<\/strong><\/li>\n<li><strong>Forl\u00e6ng levetiden for membranafbrydere i udend\u00f8rs applikationer<\/strong><\/li>\n<\/ul>\n<p><strong>Holdbar og velegnet til udend\u00f8rs brug<\/strong><\/p>\n<p>Anti-ultraviolette membranafbrydere er ikke kun UV-bestandige, men ogs\u00e5 designet til at modst\u00e5 barske vejrforhold, herunder ekstreme temperaturer, fugt og st\u00f8v. De er velegnede til udend\u00f8rs applikationer, hvor holdbarhed og p\u00e5lidelighed er altafg\u00f8rende.<\/p>\n<ul>\n<li><strong>Modstandsdygtig over for ridser, kemikalier og UV-str\u00e5ler<\/strong><\/li>\n<li><strong>Driftstemperaturer fra -40\u00b0C til 85\u00b0C<\/strong><\/li>\n<li><strong>Velegnet til udend\u00f8rs kiosker, industrielle kontrolpaneler og skiltning<\/strong><\/li>\n<\/ul>\n<p><strong>Anvendelser<\/strong><\/p>\n<p>Anti-ultraviolette membranafbrydere bruges i vid udstr\u00e6kning i en lang r\u00e6kke udend\u00f8rs applikationer, herunder:<\/p>\n<ul>\n<li><strong>Udend\u00f8rs kiosker:<\/strong>Pengeautomater, informationskiosker, digital skiltning<\/li>\n<li><strong>Industrielle kontrolpaneler:<\/strong>Trafiksignaler, vandingssystemer, solpaneler<\/li>\n<li><strong>Skiltning til transport:<\/strong>Vejskilte, jernbanesignaler, lufthavnsskiltning<\/li>\n<li><strong>Marine applikationer:<\/strong>B\u00e5dkontrol, navigationspaneler, kommunikationssystemer<\/li>\n<li><strong>Landbrugsudstyr:<\/strong>Traktorer, h\u00f8stmaskiner, vandingssystemer<\/li>\n<\/ul>\n<p><strong>Samarbejd med en erfaren producent af anti-Ultraviolet-membraner<\/strong><\/p>\n<p>Med mange \u00e5rs ekspertise i UV-bestandige materialer og fremstilling af membranafbrydere er vi din p\u00e5lidelige kilde til anti-ultraviolette membranafbrydere af h\u00f8j kvalitet. Vores team af eksperter arbejder t\u00e6t sammen med dig for at forst\u00e5 dine specifikke behov og levere skr\u00e6ddersyede l\u00f8sninger, der sikrer langvarig ydeevne i barske udend\u00f8rsmilj\u00f8er.<\/p>\n<p><strong>Kontakt os i dag<\/strong>\u00a0for at f\u00e5 mere at vide om vores anti-ultraviolette membranafbryderl\u00f8sninger, og hvordan vi kan hj\u00e6lpe dig med at skabe holdbare, p\u00e5lidelige og visuelt tiltalende gr\u00e6nseflader til dine udend\u00f8rs applikationer.<\/p>","protected":false},"excerpt":{"rendered":"<p>I udend\u00f8rs milj\u00f8er og applikationer, der uds\u00e6ttes for direkte sollys, kan membranafbrydere blive nedbrudt og misfarvet p\u00e5 grund af ultraviolet (UV) str\u00e5ling. Anti-ultraviolette membranafbrydere er designet til at modst\u00e5 h\u00e5rd UV-eksponering, hvilket sikrer langvarig ydeevne og opretholder deres visuelle integritet selv under ekstreme forhold.<\/p>","protected":false},"featured_media":1768,"template":"","meta":[],"product_brand":[],"product_cat":[40],"product_tag":[],"class_list":{"0":"post-1792","1":"product","2":"type-product","3":"status-publish","4":"has-post-thumbnail","6":"product_cat-membrane-switch","8":"first","9":"instock","10":"shipping-taxable","11":"product-type-simple"},"_links":{"self":[{"href":"https:\/\/membraneswitchmfg.com\/da\/wp-json\/wp\/v2\/product\/1792","targetHints":{"allow":["GET"]}}],"collection":[{"href":"https:\/\/membraneswitchmfg.com\/da\/wp-json\/wp\/v2\/product"}],"about":[{"href":"https:\/\/membraneswitchmfg.com\/da\/wp-json\/wp\/v2\/types\/product"}],"wp:featuredmedia":[{"embeddable":true,"href":"https:\/\/membraneswitchmfg.com\/da\/wp-json\/wp\/v2\/media\/1768"}],"wp:attachment":[{"href":"https:\/\/membraneswitchmfg.com\/da\/wp-json\/wp\/v2\/media?parent=1792"}],"wp:term":[{"taxonomy":"product_brand","embeddable":true,"href":"https:\/\/membraneswitchmfg.com\/da\/wp-json\/wp\/v2\/product_brand?post=1792"},{"taxonomy":"product_cat","embeddable":true,"href":"https:\/\/membraneswitchmfg.com\/da\/wp-json\/wp\/v2\/product_cat?post=1792"},{"taxonomy":"product_tag","embeddable":true,"href":"https:\/\/membraneswitchmfg.com\/da\/wp-json\/wp\/v2\/product_tag?post=1792"}],"curies":[{"name":"wp","href":"https:\/\/api.w.org\/{rel}","templated":true}]}}