{"id":1793,"date":"2024-06-24T05:57:58","date_gmt":"2024-06-24T05:57:58","guid":{"rendered":"https:\/\/membraneswitchmfg.com\/manufacturer\/ip68-waterproof-membrane-switch\/"},"modified":"2024-06-25T12:29:03","modified_gmt":"2024-06-25T12:29:03","slug":"ip68-waterproof-membrane-switch","status":"publish","type":"product","link":"https:\/\/membraneswitchmfg.com\/da\/manufacturer\/ip68-waterproof-membrane-switch\/","title":{"rendered":"IP68 vandt\u00e6t membrankontakt"},"content":{"rendered":"<h2><strong><b>IP68 vandt\u00e6tte membranafbrydere: Sikrer p\u00e5lidelig drift i udfordrende milj\u00f8er<\/b><\/strong><\/h2>\n<p><strong>Uovertruffen vandt\u00e6t beskyttelse<\/strong><\/p>\n<p>IP68 vandt\u00e6tte membranafbrydere er omhyggeligt forseglet og konstrueret til at forhindre indtr\u00e6ngen af vand, st\u00f8v eller andre forurenende stoffer. Dette enest\u00e5ende beskyttelsesniveau g\u00f8r dem ideelle til brug i kr\u00e6vende milj\u00f8er som f.eks:<\/p>\n<ul>\n<li><strong>Udend\u00f8rs anvendelse:<\/strong>Kiosker, skiltning, industrielle kontrolpaneler<\/li>\n<li><strong>Havmilj\u00f8er:<\/strong>B\u00e5dkontrol, navigationssystemer, kommunikationsudstyr<\/li>\n<li><strong>F\u00f8devare- og drikkevareindustrien:<\/strong>Vaskepladser, maskinstyring, emballeringsudstyr<\/li>\n<li><strong>Medicinske og laboratoriem\u00e6ssige omgivelser:<\/strong>Sterile milj\u00f8er, kirurgisk udstyr, diagnostisk udstyr<\/li>\n<\/ul>\n<p><strong>Holdbarhed og p\u00e5lidelighed<\/strong><\/p>\n<p>Ud over deres vandt\u00e6tte egenskaber er IP68-vandt\u00e6tte membranafbrydere ogs\u00e5 designet til enest\u00e5ende holdbarhed, s\u00e5 de kan modst\u00e5 barske driftsforhold, hyppig brug og aggressive reng\u00f8ringsmidler. Det sikrer langvarig ydeevne og lave samlede ejeromkostninger.<\/p>\n<ul>\n<li><strong>Modstandsdygtig over for ridser, kemikalier og UV-str\u00e5ler<\/strong><\/li>\n<li><strong>Bredt driftstemperaturomr\u00e5de<\/strong><\/li>\n<li><strong>Lang levetid selv i kr\u00e6vende milj\u00f8er<\/strong><\/li>\n<\/ul>\n<p><strong>Tilpassede l\u00f8sninger<\/strong><\/p>\n<p>Vi tilbyder en bred vifte af tilpasningsmuligheder for IP68-vandt\u00e6tte membranafbrydere, herunder:<\/p>\n<ul>\n<li><strong>Forskellige st\u00f8rrelser og stilarter af kontakter<\/strong><\/li>\n<li><strong>Brugerdefineret grafik og forklaringer<\/strong><\/li>\n<li><strong>Baggrundsbelysning og belysningsmuligheder<\/strong><\/li>\n<li><strong>Integration af yderligere komponenter<\/strong><\/li>\n<\/ul>\n<p><strong>Samarbejd med en erfaren producent af vandt\u00e6tte IP68-membrankontakter<\/strong><\/p>\n<p>Med mange \u00e5rs ekspertise inden for vandt\u00e6t membrankontaktteknologi og en forpligtelse til kvalitet er vi din p\u00e5lidelige kilde til tilpassede IP68 vandt\u00e6tte membrankontakter. Vores team af eksperter vil arbejde t\u00e6t sammen med dig for at forst\u00e5 dine specifikke behov og levere l\u00f8sninger, der sikrer p\u00e5lidelig drift og langvarig ydeevne i selv de mest udfordrende milj\u00f8er.<\/p>\n<p><strong>Kontakt os i dag<\/strong>\u00a0for at l\u00e6re mere om vores IP68-vandt\u00e6tte membranafbryderl\u00f8sninger, og hvordan vi kan hj\u00e6lpe dig med at beskytte dit kritiske udstyr og sikre problemfri drift i ethvert milj\u00f8.<\/p>","protected":false},"excerpt":{"rendered":"<p>I applikationer, hvor eksponering for vand, st\u00f8v og andre barske forhold er et problem, giver IP68-vandt\u00e6tte membranafbrydere den ultimative beskyttelse. Disse robuste kontakter er designet til at opfylde de strenge krav i IP68-standarden for indtr\u00e6ngningsbeskyttelse, hvilket sikrer p\u00e5lidelig drift, selv n\u00e5r de er neds\u00e6nket i vand eller udsat for ekstrem st\u00f8v- og snavsindtr\u00e6ngning.<\/p>","protected":false},"featured_media":1769,"template":"","meta":[],"product_brand":[],"product_cat":[40],"product_tag":[],"class_list":{"0":"post-1793","1":"product","2":"type-product","3":"status-publish","4":"has-post-thumbnail","6":"product_cat-membrane-switch","8":"first","9":"instock","10":"shipping-taxable","11":"product-type-simple"},"_links":{"self":[{"href":"https:\/\/membraneswitchmfg.com\/da\/wp-json\/wp\/v2\/product\/1793","targetHints":{"allow":["GET"]}}],"collection":[{"href":"https:\/\/membraneswitchmfg.com\/da\/wp-json\/wp\/v2\/product"}],"about":[{"href":"https:\/\/membraneswitchmfg.com\/da\/wp-json\/wp\/v2\/types\/product"}],"wp:featuredmedia":[{"embeddable":true,"href":"https:\/\/membraneswitchmfg.com\/da\/wp-json\/wp\/v2\/media\/1769"}],"wp:attachment":[{"href":"https:\/\/membraneswitchmfg.com\/da\/wp-json\/wp\/v2\/media?parent=1793"}],"wp:term":[{"taxonomy":"product_brand","embeddable":true,"href":"https:\/\/membraneswitchmfg.com\/da\/wp-json\/wp\/v2\/product_brand?post=1793"},{"taxonomy":"product_cat","embeddable":true,"href":"https:\/\/membraneswitchmfg.com\/da\/wp-json\/wp\/v2\/product_cat?post=1793"},{"taxonomy":"product_tag","embeddable":true,"href":"https:\/\/membraneswitchmfg.com\/da\/wp-json\/wp\/v2\/product_tag?post=1793"}],"curies":[{"name":"wp","href":"https:\/\/api.w.org\/{rel}","templated":true}]}}