{"id":1794,"date":"2024-06-24T05:57:58","date_gmt":"2024-06-24T05:57:58","guid":{"rendered":"https:\/\/membraneswitchmfg.com\/manufacturer\/ip65-waterproof-membrane-switch\/"},"modified":"2024-06-25T13:14:18","modified_gmt":"2024-06-25T13:14:18","slug":"ip65-waterproof-membrane-switch","status":"publish","type":"product","link":"https:\/\/membraneswitchmfg.com\/da\/manufacturer\/ip65-waterproof-membrane-switch\/","title":{"rendered":"IP65 vandt\u00e6t membranafbryder"},"content":{"rendered":"<h2><strong><b>IP65 vandt\u00e6tte membranafbrydere: Prisbillig beskyttelse til hverdagens applikationer<\/b><\/strong><\/h2>\n<p><strong>Effektiv beskyttelse til en overkommelig pris<\/strong><\/p>\n<p>IP65 vandt\u00e6tte membranafbrydere giver en balance mellem beskyttelse og overkommelige priser, hvilket g\u00f8r dem til et ideelt valg til applikationer, hvor lejlighedsvis eksponering for vand eller st\u00f8v er et problem. Deres effektivitet mod hverdagens st\u00e6nk og st\u00f8v g\u00f8r dem velegnede til:<\/p>\n<ul>\n<li><strong>Industrielle kontrolpaneler<\/strong><\/li>\n<li><strong>Medicinsk udstyr<\/strong><\/li>\n<li><strong>Forbrugerelektronik<\/strong><\/li>\n<li><strong>Hvidevarer<\/strong><\/li>\n<li><strong>Maskiner og udstyr<\/strong><\/li>\n<\/ul>\n<p><strong>Holdbar og p\u00e5lidelig<\/strong><\/p>\n<p>P\u00e5 trods af deres omkostningseffektive natur opretholder IP65-vandt\u00e6tte membranafbrydere den holdbarhed og p\u00e5lidelighed, der forventes af standardmembranafbrydere. De er modstandsdygtige over for ridser, kemikalier og UV-str\u00e5ler, hvilket sikrer en langvarig ydeevne.<\/p>\n<ul>\n<li><strong>Skarp og responsiv taktil feedback<\/strong><\/li>\n<li><strong>Modstandsdygtig over for ridser, kemikalier og UV-str\u00e5ler<\/strong><\/li>\n<li><strong>Velegnet til indend\u00f8rs og udend\u00f8rs brug<\/strong><\/li>\n<\/ul>\n<p><strong>Muligheder, der kan tilpasses<\/strong><\/p>\n<p>Vi tilbyder en r\u00e6kke tilpasningsmuligheder for vandt\u00e6tte IP65-membranafbrydere, herunder:<\/p>\n<ul>\n<li><strong>Forskellige st\u00f8rrelser og stilarter af kontakter<\/strong><\/li>\n<li><strong>Brugerdefineret grafik og forklaringer<\/strong><\/li>\n<li><strong>Baggrundsbelysning og belysningsmuligheder<\/strong><\/li>\n<li><strong>Integration af yderligere komponenter<\/strong><\/li>\n<\/ul>\n<p><strong>Samarbejd med en erfaren producent af vandt\u00e6tte IP65-membranafbrydere<\/strong><\/p>\n<p>Med mange \u00e5rs ekspertise inden for vandt\u00e6t membranafbryderteknologi og en forpligtelse til kvalitet og overkommelige priser er vi din p\u00e5lidelige kilde til tilpassede vandt\u00e6tte IP65-membranafbrydere. Vores team af eksperter vil arbejde t\u00e6t sammen med dig for at forst\u00e5 dine specifikke behov og levere l\u00f8sninger, der giver effektiv beskyttelse og langvarig ydeevne til en konkurrencedygtig pris.<\/p>\n<p><strong>Kontakt os i dag<\/strong>\u00a0for at l\u00e6re mere om vores IP65-vandt\u00e6tte membranafbryderl\u00f8sninger, og hvordan vi kan hj\u00e6lpe dig med at beskytte din elektronik og sikre problemfri drift i hverdagsmilj\u00f8er.<\/p>","protected":false},"excerpt":{"rendered":"<p>IP65-vandt\u00e6tte membranafbrydere er en omkostningseffektiv l\u00f8sning til beskyttelse af f\u00f8lsom elektronik mod vand- og st\u00f8vindtr\u00e6ngning. Disse alsidige kontakter opfylder IP65-standarden for indtr\u00e6ngningsbeskyttelse og beskytter mod lavtryksvandstr\u00e5ler og st\u00f8vindtr\u00e6ngning, hvilket g\u00f8r dem velegnede til en lang r\u00e6kke anvendelser.<\/p>","protected":false},"featured_media":1770,"template":"","meta":[],"product_brand":[],"product_cat":[40],"product_tag":[],"class_list":{"0":"post-1794","1":"product","2":"type-product","3":"status-publish","4":"has-post-thumbnail","6":"product_cat-membrane-switch","8":"first","9":"instock","10":"shipping-taxable","11":"product-type-simple"},"_links":{"self":[{"href":"https:\/\/membraneswitchmfg.com\/da\/wp-json\/wp\/v2\/product\/1794","targetHints":{"allow":["GET"]}}],"collection":[{"href":"https:\/\/membraneswitchmfg.com\/da\/wp-json\/wp\/v2\/product"}],"about":[{"href":"https:\/\/membraneswitchmfg.com\/da\/wp-json\/wp\/v2\/types\/product"}],"wp:featuredmedia":[{"embeddable":true,"href":"https:\/\/membraneswitchmfg.com\/da\/wp-json\/wp\/v2\/media\/1770"}],"wp:attachment":[{"href":"https:\/\/membraneswitchmfg.com\/da\/wp-json\/wp\/v2\/media?parent=1794"}],"wp:term":[{"taxonomy":"product_brand","embeddable":true,"href":"https:\/\/membraneswitchmfg.com\/da\/wp-json\/wp\/v2\/product_brand?post=1794"},{"taxonomy":"product_cat","embeddable":true,"href":"https:\/\/membraneswitchmfg.com\/da\/wp-json\/wp\/v2\/product_cat?post=1794"},{"taxonomy":"product_tag","embeddable":true,"href":"https:\/\/membraneswitchmfg.com\/da\/wp-json\/wp\/v2\/product_tag?post=1794"}],"curies":[{"name":"wp","href":"https:\/\/api.w.org\/{rel}","templated":true}]}}