{"id":1795,"date":"2024-06-24T05:57:58","date_gmt":"2024-06-24T05:57:58","guid":{"rendered":"https:\/\/membraneswitchmfg.com\/manufacturer\/membrane-keypads-and-keyboards\/"},"modified":"2024-06-25T12:34:01","modified_gmt":"2024-06-25T12:34:01","slug":"membrane-keypads-and-keyboards","status":"publish","type":"product","link":"https:\/\/membraneswitchmfg.com\/da\/manufacturer\/membrane-keypads-and-keyboards\/","title":{"rendered":"Membrantastaturer og tastaturer"},"content":{"rendered":"<h2><strong><b>Membrantastaturer og -tastaturer: P\u00e5lidelige og omkostningseffektive inputl\u00f8sninger<\/b><\/strong><\/h2>\n<p><strong>Holdbar og omkostningseffektiv<\/strong><\/p>\n<p>Membrantastaturer og -tavler er kendt for deres holdbarhed og overkommelige pris. Den enkle konstruktion og manglen p\u00e5 bev\u00e6gelige dele g\u00f8r dem mindre modtagelige for slitage, hvilket forl\u00e6nger deres levetid. Derudover er fremstillingsprocessen relativt billig, hvilket resulterer i lavere omkostninger sammenlignet med andre inputenheder.<\/p>\n<ul>\n<li><strong>Lang levetid med minimal vedligeholdelse<\/strong><\/li>\n<li><strong>Omkostningseffektiv l\u00f8sning til applikationer med store m\u00e6ngder<\/strong><\/li>\n<li><strong>Velegnet til barske milj\u00f8er og hyppig brug<\/strong><\/li>\n<\/ul>\n<p><strong>Alsidige anvendelsesmuligheder<\/strong><\/p>\n<p>Membrantastaturer og -tastaturer er alsidige inputenheder, der egner sig til en lang r\u00e6kke anvendelser, bl.a:<\/p>\n<ul>\n<li><strong>Industrielle kontrolpaneler<\/strong><\/li>\n<li><strong>Medicinsk udstyr<\/strong><\/li>\n<li><strong>Forbrugerelektronik<\/strong><\/li>\n<li><strong>Hvidevarer<\/strong><\/li>\n<li><strong>Salgsautomater<\/strong><\/li>\n<li><strong>Automatiske pengeautomater (ATM)<\/strong><\/li>\n<\/ul>\n<p><strong>Muligheder, der kan tilpasses<\/strong><\/p>\n<p>Membrantastaturer og tastaturer kan tilpasses til at opfylde specifikke krav, herunder:<\/p>\n<ul>\n<li><strong>Forskellige n\u00f8glelayouts og st\u00f8rrelser<\/strong><\/li>\n<li><strong>Brugerdefineret grafik og forklaringer<\/strong><\/li>\n<li><strong>Baggrundsbelysning og belysningsmuligheder<\/strong><\/li>\n<li><strong>Integration af yderligere komponenter<\/strong><\/li>\n<\/ul>\n<p><strong>Samarbejd med en erfaren producent af membrantastaturer og tastaturer<\/strong><\/p>\n<p>Med mange \u00e5rs ekspertise inden for membrantastatur- og tastaturteknologi er vi din p\u00e5lidelige kilde til tilpassede inputl\u00f8sninger af h\u00f8j kvalitet. Vores team af eksperter vil arbejde t\u00e6t sammen med dig for at forst\u00e5 dine specifikke behov og levere l\u00f8sninger, der giver p\u00e5lidelig ydeevne, omkostningseffektivitet og alsidighed.<\/p>\n<p><strong><a href=\"https:\/\/membraneswitchmfg.com\/da\/contact\/\">Kontakt os <\/a>i dag<\/strong>\u00a0for at l\u00e6re mere om vores membrantastaturer og tastaturl\u00f8sninger, og hvordan vi kan hj\u00e6lpe dig med at skabe brugervenlige og holdbare inputenheder til dine applikationer.<\/p>","protected":false},"excerpt":{"rendered":"<p>Membrantastaturer og -tavler er en p\u00e5lidelig og omkostningseffektiv l\u00f8sning til en lang r\u00e6kke inputopgaver. Disse inputenheder har et unikt design, der anvender trykf\u00f8lsomme membraner og ledende spor til at registrere tastetryk, hvilket giver en taktil respons og langvarig ydeevne.<\/p>","protected":false},"featured_media":1751,"template":"","meta":[],"product_brand":[],"product_cat":[40],"product_tag":[],"class_list":{"0":"post-1795","1":"product","2":"type-product","3":"status-publish","4":"has-post-thumbnail","6":"product_cat-membrane-switch","8":"first","9":"instock","10":"shipping-taxable","11":"product-type-simple"},"_links":{"self":[{"href":"https:\/\/membraneswitchmfg.com\/da\/wp-json\/wp\/v2\/product\/1795","targetHints":{"allow":["GET"]}}],"collection":[{"href":"https:\/\/membraneswitchmfg.com\/da\/wp-json\/wp\/v2\/product"}],"about":[{"href":"https:\/\/membraneswitchmfg.com\/da\/wp-json\/wp\/v2\/types\/product"}],"wp:featuredmedia":[{"embeddable":true,"href":"https:\/\/membraneswitchmfg.com\/da\/wp-json\/wp\/v2\/media\/1751"}],"wp:attachment":[{"href":"https:\/\/membraneswitchmfg.com\/da\/wp-json\/wp\/v2\/media?parent=1795"}],"wp:term":[{"taxonomy":"product_brand","embeddable":true,"href":"https:\/\/membraneswitchmfg.com\/da\/wp-json\/wp\/v2\/product_brand?post=1795"},{"taxonomy":"product_cat","embeddable":true,"href":"https:\/\/membraneswitchmfg.com\/da\/wp-json\/wp\/v2\/product_cat?post=1795"},{"taxonomy":"product_tag","embeddable":true,"href":"https:\/\/membraneswitchmfg.com\/da\/wp-json\/wp\/v2\/product_tag?post=1795"}],"curies":[{"name":"wp","href":"https:\/\/api.w.org\/{rel}","templated":true}]}}