{"id":1977,"date":"2024-06-30T14:21:59","date_gmt":"2024-06-30T14:21:59","guid":{"rendered":"https:\/\/membraneswitchmfg.com\/?post_type=product&#038;p=1977"},"modified":"2024-06-30T14:23:24","modified_gmt":"2024-06-30T14:23:24","slug":"pmma-print-label","status":"publish","type":"product","link":"https:\/\/membraneswitchmfg.com\/da\/manufacturer\/pmma-print-label\/","title":{"rendered":"Etiket med PMMA-print"},"content":{"rendered":"<p data-sourcepos=\"3:1-3:62\"><strong>PMMA Print Label: Holdbare og alsidige m\u00e6rkningsl\u00f8sninger<\/strong><\/p>\n<p data-sourcepos=\"5:1-5:170\">PMMA-printlabels, ogs\u00e5 kendt som akrylprintlabels, er et popul\u00e6rt valg til en lang r\u00e6kke m\u00e6rkningsopgaver p\u00e5 grund af deres enest\u00e5ende holdbarhed, alsidighed og \u00e6stetiske udseende. Disse labels er fremstillet af polymethylmethacrylat (PMMA), en slagfast plast, der er kendt for sin styrke, ridsefasthed og modstandsdygtighed over for kemikalier og UV-str\u00e5ler.<\/p>\n<p data-sourcepos=\"7:1-7:19\"><strong>Vigtige fordele:<\/strong><\/p>\n<ul data-sourcepos=\"9:1-9:131\">\n<li data-sourcepos=\"9:1-9:131\">\n<p class=\"\" data-sourcepos=\"9:3-9:226\"><strong class=\"\">Holdbarhed:<\/strong> PMMA-labels kan modst\u00e5 barske milj\u00f8er, hvilket g\u00f8r dem ideelle til udend\u00f8rs og industrielle anvendelser. De er modstandsdygtige over for ekstreme temperaturer, fugt og kemikalier, hvilket sikrer en langvarig ydeevne.<\/p>\n<\/li>\n<li data-sourcepos=\"11:1-12:0\">\n<p data-sourcepos=\"11:3-11:244\"><strong>Alsidighed:<\/strong> PMMA-labels kan trykkes p\u00e5 mange forskellige overflader, herunder plast, metal, glas og tr\u00e6. De er velegnede til en lang r\u00e6kke anvendelser, fra produktm\u00e6rkning og sporing af aktiver til skiltning og salgsfremmende displays.<\/p>\n<\/li>\n<li data-sourcepos=\"13:1-14:0\">\n<p data-sourcepos=\"13:3-13:249\"><strong>\u00c6stetik:<\/strong> PMMA-labels har en h\u00f8jglansfinish, der udstr\u00e5ler elegance og raffinement. De f\u00e5s i mange forskellige farver og kan trykkes med indviklede designs og logoer, som g\u00f8r dine produkter eller din branding mere attraktiv.<\/p>\n<\/li>\n<\/ul>\n<p data-sourcepos=\"15:1-15:54\"><strong>PMMA Print Label: Det foretrukne valg til kr\u00e6vende m\u00e6rkningsbehov<\/strong><\/p>\n<p data-sourcepos=\"17:1-17:278\">Etiketter med PMMA-print er det foretrukne valg til anvendelser, der kr\u00e6ver holdbarhed, alsidighed og et strejf af elegance. Uanset om du har brug for labels til industrielt udstyr, udend\u00f8rs skiltning eller avancerede produkter, vil PMMA-labels levere enest\u00e5ende ydeevne og visuel appel.<\/p>\n<p data-sourcepos=\"19:1-19:30\"><strong>Yderligere overvejelser:<\/strong><\/p>\n<ul data-sourcepos=\"21:1-24:0\">\n<li data-sourcepos=\"21:1-22:0\">\n<p data-sourcepos=\"21:3-21:227\"><strong>Udskriftsmetoder:<\/strong> PMMA-labels kan trykkes ved hj\u00e6lp af forskellige metoder, herunder digitaltryk, serigrafi og laserprint. Valget af trykmetode afh\u00e6nger af det \u00f8nskede labeldesign, antal og budget.<\/p>\n<\/li>\n<li data-sourcepos=\"23:1-24:0\">\n<p data-sourcepos=\"23:3-23:226\"><strong>Valg af kl\u00e6bemiddel:<\/strong> PMMA-labels f\u00e5s med en r\u00e6kke forskellige kl\u00e6bemidler, herunder permanente, aftagelige og flytbare kl\u00e6bemidler. V\u00e6lg det kl\u00e6bemiddel, der passer bedst til din anvendelse og dine overfladekrav.<\/p>\n<\/li>\n<\/ul>","protected":false},"excerpt":{"rendered":"<p>Med deres overlegne holdbarhed, alsidighed og \u00e6stetiske appel er PMMA-printlabels et p\u00e5lideligt valg for virksomheder og enkeltpersoner, der s\u00f8ger m\u00e6rkningsl\u00f8sninger af h\u00f8j kvalitet. V\u00e6lg PMMA-labels til dit n\u00e6ste m\u00e6rkningsprojekt, og oplev forskellen i ydeevne og visuel effekt.<\/p>","protected":false},"featured_media":1978,"template":"","meta":[],"product_brand":[],"product_cat":[15],"product_tag":[],"class_list":{"0":"post-1977","1":"product","2":"type-product","3":"status-publish","4":"has-post-thumbnail","6":"product_cat-print-label","8":"first","9":"instock","10":"shipping-taxable","11":"product-type-simple"},"_links":{"self":[{"href":"https:\/\/membraneswitchmfg.com\/da\/wp-json\/wp\/v2\/product\/1977","targetHints":{"allow":["GET"]}}],"collection":[{"href":"https:\/\/membraneswitchmfg.com\/da\/wp-json\/wp\/v2\/product"}],"about":[{"href":"https:\/\/membraneswitchmfg.com\/da\/wp-json\/wp\/v2\/types\/product"}],"wp:featuredmedia":[{"embeddable":true,"href":"https:\/\/membraneswitchmfg.com\/da\/wp-json\/wp\/v2\/media\/1978"}],"wp:attachment":[{"href":"https:\/\/membraneswitchmfg.com\/da\/wp-json\/wp\/v2\/media?parent=1977"}],"wp:term":[{"taxonomy":"product_brand","embeddable":true,"href":"https:\/\/membraneswitchmfg.com\/da\/wp-json\/wp\/v2\/product_brand?post=1977"},{"taxonomy":"product_cat","embeddable":true,"href":"https:\/\/membraneswitchmfg.com\/da\/wp-json\/wp\/v2\/product_cat?post=1977"},{"taxonomy":"product_tag","embeddable":true,"href":"https:\/\/membraneswitchmfg.com\/da\/wp-json\/wp\/v2\/product_tag?post=1977"}],"curies":[{"name":"wp","href":"https:\/\/api.w.org\/{rel}","templated":true}]}}