{"id":2225,"date":"2024-07-22T14:19:03","date_gmt":"2024-07-22T14:19:03","guid":{"rendered":"https:\/\/membraneswitchmfg.com\/manufacturer\/silicone-keypad\/"},"modified":"2024-07-25T05:39:12","modified_gmt":"2024-07-25T05:39:12","slug":"silicone-keypad","status":"publish","type":"product","link":"https:\/\/membraneswitchmfg.com\/da\/manufacturer\/silicone-keypad\/","title":{"rendered":"Silikone-tastatur"},"content":{"rendered":"<h3><strong>Silikone-tastatur N\u00f8glefunktioner:<\/strong><\/h3>\n<p>1. holdbarhed: Vores tastaturer er fremstillet af silikonegummi af h\u00f8j kvalitet og er modstandsdygtige over for ekstreme temperaturer, fugt og slitage, hvilket sikrer en langvarig og robust l\u00f8sning til ethvert milj\u00f8.<\/p>\n<p>Vores silikonetastatur har en lang levetid:<\/p>\n<ul>\n<li>1000K gange<\/li>\n<li>2000K gange<\/li>\n<li>5000K gange <strong>(den l\u00e6ngste levetid i branchen)<\/strong><\/li>\n<\/ul>\n<p>2. taktil feedback: Disse tastaturer er konstrueret til pr\u00e6cision og giver fremragende taktil feedback, hvilket forbedrer brugeroplevelsen ved at levere en responsiv og tilfredsstillende ber\u00f8ring ved hvert tryk.<\/p>\n<p>3. mulighed for tilpasning: Vores silikonetastaturer f\u00e5s i mange forskellige former, st\u00f8rrelser og farver og kan skr\u00e6ddersys til at opfylde de specifikke behov i dit projekt. Brugerdefinerede tekster, baggrundsbelysning og forskellige h\u00e5rdhedsgrader er ogs\u00e5 tilg\u00e6ngelige. De overordnede dimensioner d\u00e6kker industristandarden M1, M2 og M3.<\/p>\n<p>4. alsidighed: Ideel til anvendelser inden for forbrugerelektronik, medicinsk udstyr, industriel kontrol, bilsystemer og meget mere. Silikonematerialet giver fremragende fleksibilitet, hvilket g\u00f8r det velegnet til komplekse designs og layouts.<\/p>\n<p>5. nem integration: Vores tastaturer er designet til problemfri integration og er kompatible med forskellige typer gr\u00e6nseflader, herunder PCB-monterede l\u00f8sninger og membranswitch-enheder.<\/p>\n<p>6. kontrol af sorte pletter uden fejl: Ved hj\u00e6lp af avancerede fremstillingsprocesser og strenge kvalitetskontrolsystemer opn\u00e5r vores silikonetastaturer nul fejl i udseendet, hvilket sikrer, at hvert produkt n\u00e5r de h\u00f8jeste kvalitetsstandarder for udseende.<\/p>\n<p>&nbsp;<\/p>\n<h3><strong>Silikone-tastatur Anvendelser:<\/strong><\/h3>\n<p>1. forbrugerelektronik: Perfekt til fjernbetjeninger, spilleenheder og h\u00e5ndholdte gadgets.<\/p>\n<p>2. medicinsk udstyr: Ideel til patientmonitorer, diagnostisk udstyr og b\u00e6rbar sundhedsteknologi.<\/p>\n<p>3. industriel kontrol: Robust nok til maskinstyring, instrumenteringspaneler og udend\u00f8rs udstyr.<\/p>\n<p>4. bilsystemer: P\u00e5lidelig til betjening af instrumentbr\u00e6t, infotainmentsystemer og n\u00f8glefri adgangssystemer.<\/p>","protected":false},"excerpt":{"rendered":"<p>Oplev det ypperste inden for taktil tilfredshed og funktionalitet med vores silikonetastaturer. Disse tastaturer er designet til en bred vifte af anvendelser, fra forbrugerelektronik til industrimaskiner, og tilbyder uovertruffen ydeevne, p\u00e5lidelighed og tilpasning. Uanset om de bruges i forbrugerelektronik, medicinsk udstyr eller industriel kontrol, kan du stole p\u00e5, at vores silikonetastaturer giver et fejlfrit udseende og en overlegen brugeroplevelse.<\/p>","protected":false},"featured_media":1735,"template":"","meta":[],"product_brand":[],"product_cat":[39],"product_tag":[],"class_list":{"0":"post-2225","1":"product","2":"type-product","3":"status-publish","4":"has-post-thumbnail","6":"product_cat-silicone-rubber","8":"first","9":"instock","10":"shipping-taxable","11":"product-type-simple"},"_links":{"self":[{"href":"https:\/\/membraneswitchmfg.com\/da\/wp-json\/wp\/v2\/product\/2225","targetHints":{"allow":["GET"]}}],"collection":[{"href":"https:\/\/membraneswitchmfg.com\/da\/wp-json\/wp\/v2\/product"}],"about":[{"href":"https:\/\/membraneswitchmfg.com\/da\/wp-json\/wp\/v2\/types\/product"}],"wp:featuredmedia":[{"embeddable":true,"href":"https:\/\/membraneswitchmfg.com\/da\/wp-json\/wp\/v2\/media\/1735"}],"wp:attachment":[{"href":"https:\/\/membraneswitchmfg.com\/da\/wp-json\/wp\/v2\/media?parent=2225"}],"wp:term":[{"taxonomy":"product_brand","embeddable":true,"href":"https:\/\/membraneswitchmfg.com\/da\/wp-json\/wp\/v2\/product_brand?post=2225"},{"taxonomy":"product_cat","embeddable":true,"href":"https:\/\/membraneswitchmfg.com\/da\/wp-json\/wp\/v2\/product_cat?post=2225"},{"taxonomy":"product_tag","embeddable":true,"href":"https:\/\/membraneswitchmfg.com\/da\/wp-json\/wp\/v2\/product_tag?post=2225"}],"curies":[{"name":"wp","href":"https:\/\/api.w.org\/{rel}","templated":true}]}}