{"id":2226,"date":"2024-07-22T14:19:04","date_gmt":"2024-07-22T14:19:04","guid":{"rendered":"https:\/\/membraneswitchmfg.com\/manufacturer\/silicone-protectors\/"},"modified":"2024-07-25T08:30:07","modified_gmt":"2024-07-25T08:30:07","slug":"silicone-protectors","status":"publish","type":"product","link":"https:\/\/membraneswitchmfg.com\/da\/manufacturer\/silicone-protectors\/","title":{"rendered":"Silikone-beskyttere"},"content":{"rendered":"<h2><strong>Silikonebeskyttere N\u00f8glefunktioner:<\/strong><\/h2>\n<p>1. pr\u00e6cis kontrol af farvetolerancen: Ved hj\u00e6lp af h\u00f8jpr\u00e6cisionsfarvespektrofotometre kontrollerer vi farvetolerancen inden for industristandarderne Delta 1, Delta 2 og Delta 3, hvilket sikrer farvekonsistens i hvert produktparti.<\/p>\n<p>2. silikonemateriale af h\u00f8j kvalitet: Vores etuier er lavet af f\u00f8rsteklasses silikonemateriale og har fremragende holdbarhed, fleksibilitet og \u00e6ldningsbestandighed, hvilket giver langvarig beskyttelse.<\/p>\n<p>3. bred vifte af farvemuligheder: Vi tilbyder et rigt udvalg af farver til at opfylde forskellige kundebehov. Uanset om det er levende farver eller afd\u00e6mpede neutrale farver, har de alle en ensartet nuance og visuel effekt.<\/p>\n<p>4. fremragende beskyttelse: Vores etuier er designet til at passe perfekt og giver omfattende beskyttelse, der effektivt forhindrer ridser, st\u00f8d og slitage og dermed forl\u00e6nger dine enheders levetid.<\/p>\n<p>5. Behagelig fornemmelse: Overfladen p\u00e5 silikoneetuiet er glat og giver et behageligt greb. Det skridsikre design forbedrer holdestabiliteten.<\/p>\n<h3><strong>Silikonebeskyttere Anvendelser:<\/strong><\/h3>\n<p>1. forbrugerelektronik: Ideel til smartphones, tablets og andre h\u00e5ndholdte enheder, der giver p\u00e5lidelig beskyttelse og et stilfuldt udseende.<\/p>\n<p>2. husholdningsapparater: Velegnet til fjernbetjeninger, smart home-enheder og meget mere, der beskytter dem mod daglig slitage.<\/p>\n<p>3. medicinsk udstyr: Det sikre, ikke-giftige silikonemateriale er velegnet til at beskytte medicinsk udstyr og sikrer renlighed og sikkerhed.<\/p>\n<p>4. industrielle anvendelser: Velegnet til forskelligt industrielt udstyr, der kr\u00e6ver beskyttelse, og som giver p\u00e5lidelig afsk\u00e6rmning og holdbarhed.<\/p>","protected":false},"excerpt":{"rendered":"<p>Vores silikonebeskyttere udm\u00e6rker sig ikke kun ved deres beskyttende funktionalitet, men ogs\u00e5 ved at opn\u00e5 branchens bedste farvekonsistens. Ved at bruge avanceret farvespektrofotometri sikrer vi, at farvetolerancen for hvert etui er kontrolleret inden for branchens standarder, hvilket giver en visuelt perfekt ensartethed og udseende af h\u00f8j kvalitet Vi er forpligtet til at levere silikonebeskyttere af h\u00f8jeste kvalitet og sikre, at hvert produkt opfylder dine forventninger. Med avanceret produktionsteknologi og strenge kvalitetskontrolsystemer tilbyder vi farvekonsistente, holdbare og funktionelle beskyttelsesetuier. Uanset om du har brug for standardprodukter eller skr\u00e6ddersyede l\u00f8sninger, kan vi opfylde dine behov og hj\u00e6lpe dine enheder med at forblive i optimal stand.<\/p>","protected":false},"featured_media":2212,"template":"","meta":[],"product_brand":[],"product_cat":[39],"product_tag":[],"class_list":{"0":"post-2226","1":"product","2":"type-product","3":"status-publish","4":"has-post-thumbnail","6":"product_cat-silicone-rubber","8":"first","9":"instock","10":"shipping-taxable","11":"product-type-simple"},"_links":{"self":[{"href":"https:\/\/membraneswitchmfg.com\/da\/wp-json\/wp\/v2\/product\/2226","targetHints":{"allow":["GET"]}}],"collection":[{"href":"https:\/\/membraneswitchmfg.com\/da\/wp-json\/wp\/v2\/product"}],"about":[{"href":"https:\/\/membraneswitchmfg.com\/da\/wp-json\/wp\/v2\/types\/product"}],"wp:featuredmedia":[{"embeddable":true,"href":"https:\/\/membraneswitchmfg.com\/da\/wp-json\/wp\/v2\/media\/2212"}],"wp:attachment":[{"href":"https:\/\/membraneswitchmfg.com\/da\/wp-json\/wp\/v2\/media?parent=2226"}],"wp:term":[{"taxonomy":"product_brand","embeddable":true,"href":"https:\/\/membraneswitchmfg.com\/da\/wp-json\/wp\/v2\/product_brand?post=2226"},{"taxonomy":"product_cat","embeddable":true,"href":"https:\/\/membraneswitchmfg.com\/da\/wp-json\/wp\/v2\/product_cat?post=2226"},{"taxonomy":"product_tag","embeddable":true,"href":"https:\/\/membraneswitchmfg.com\/da\/wp-json\/wp\/v2\/product_tag?post=2226"}],"curies":[{"name":"wp","href":"https:\/\/api.w.org\/{rel}","templated":true}]}}