{"id":2227,"date":"2024-07-22T14:19:04","date_gmt":"2024-07-22T14:19:04","guid":{"rendered":"https:\/\/membraneswitchmfg.com\/manufacturer\/silicone-gasket\/"},"modified":"2024-07-25T06:04:54","modified_gmt":"2024-07-25T06:04:54","slug":"silicone-gasket","status":"publish","type":"product","link":"https:\/\/membraneswitchmfg.com\/da\/manufacturer\/silicone-gasket\/","title":{"rendered":"Silikonepakning"},"content":{"rendered":"<h2><strong>Vigtige funktioner:<\/strong><\/h2>\n<p>1. modstandsdygtighed over for h\u00f8je temperaturer: Vores silikonepakninger kan modst\u00e5 ekstreme temperaturer fra -60 \u00b0C til 230 \u00b0C, hvilket g\u00f8r dem velegnede til milj\u00f8er med b\u00e5de h\u00f8j varme og frost.<\/p>\n<p>2. fremragende fleksibilitet og elasticitet: Den iboende fleksibilitet i silikone g\u00f8r det muligt for vores pakninger at tilpasse sig uregelm\u00e6ssige overflader, hvilket sikrer en t\u00e6t og p\u00e5lidelig forsegling selv under h\u00f8jt tryk.<\/p>\n<p>3. overlegen kemisk modstandsdygtighed: Vores silikonepakninger er modstandsdygtige over for en lang r\u00e6kke kemikalier, olier og opl\u00f8sningsmidler og bevarer deres integritet og ydeevne i de mest udfordrende milj\u00f8er.<\/p>\n<p>4. langvarig holdbarhed: Disse pakninger er designet til lang levetid og modst\u00e5r \u00e6ldning, vejrlig og UV-eksponering, hvilket sikrer en lang levetid med minimal vedligeholdelse.<\/p>\n<p>5. FDA og medicinsk kvalitet: Vores silikonepakninger f\u00e5s i f\u00f8devarekvalitet og medicinsk kvalitet og er sikre til brug i f\u00f8devareforarbejdning, l\u00e6gemidler og sundhedspleje.<\/p>\n<h2><strong>Silikonepakning Anvendelser:<\/strong><\/h2>\n<p>1.Automotive: Ideel til motorer, transmissioner og udst\u00f8dningssystemer, der giver p\u00e5lidelig t\u00e6tning under ekstreme forhold.<\/p>\n<p>2. industrielt udstyr: Egnet til pumper, kompressorer og maskiner, forhindrer l\u00e6kager og sikrer effektiv drift.<\/p>\n<p>3. f\u00f8devarer og drikkevarer: Perfekt til forsegling af udstyr til f\u00f8devareforarbejdning, hvilket sikrer hygiejne- og sikkerhedsstandarder.<\/p>\n<p>4. medicinsk udstyr: Sikker til brug i medicinsk udstyr og udstyr, der giver p\u00e5lidelig forsegling i kritiske applikationer.<\/p>\n<p>5.Elektronik: Effektiv til forsegling i elektroniske kabinetter, der beskytter f\u00f8lsomme komponenter mod fugt og st\u00f8v.<\/p>","protected":false},"excerpt":{"rendered":"<p>Oplev den ultimative t\u00e6tningsl\u00f8sning med vores f\u00f8rsteklasses silikonepakninger. Disse pakninger er konstrueret til at give en enest\u00e5ende ydeevne og er designet til at opfylde de strenge krav i forskellige industrier og sikre en perfekt t\u00e6tning hver gang. Uanset om du \u00f8nsker at forbedre dit udstyrs holdbarhed eller sikre et l\u00e6kagesikkert milj\u00f8, er vores silikonepakninger det ideelle valg. Vores engagement i kvalitet og innovation sikrer, at vores silikonepakninger lever op til de h\u00f8jeste industristandarder. Vi tilbyder en bred vifte af st\u00f8rrelser, former og tilpassede muligheder, der passer til dine specifikke behov. Med vores ekspertteam og avancerede produktionsprocesser leverer vi pakninger, der leverer ensartet ydeevne og p\u00e5lidelighed.<\/p>","protected":false},"featured_media":2216,"template":"","meta":[],"product_brand":[],"product_cat":[39],"product_tag":[],"class_list":{"0":"post-2227","1":"product","2":"type-product","3":"status-publish","4":"has-post-thumbnail","6":"product_cat-silicone-rubber","8":"first","9":"instock","10":"shipping-taxable","11":"product-type-simple"},"_links":{"self":[{"href":"https:\/\/membraneswitchmfg.com\/da\/wp-json\/wp\/v2\/product\/2227","targetHints":{"allow":["GET"]}}],"collection":[{"href":"https:\/\/membraneswitchmfg.com\/da\/wp-json\/wp\/v2\/product"}],"about":[{"href":"https:\/\/membraneswitchmfg.com\/da\/wp-json\/wp\/v2\/types\/product"}],"wp:featuredmedia":[{"embeddable":true,"href":"https:\/\/membraneswitchmfg.com\/da\/wp-json\/wp\/v2\/media\/2216"}],"wp:attachment":[{"href":"https:\/\/membraneswitchmfg.com\/da\/wp-json\/wp\/v2\/media?parent=2227"}],"wp:term":[{"taxonomy":"product_brand","embeddable":true,"href":"https:\/\/membraneswitchmfg.com\/da\/wp-json\/wp\/v2\/product_brand?post=2227"},{"taxonomy":"product_cat","embeddable":true,"href":"https:\/\/membraneswitchmfg.com\/da\/wp-json\/wp\/v2\/product_cat?post=2227"},{"taxonomy":"product_tag","embeddable":true,"href":"https:\/\/membraneswitchmfg.com\/da\/wp-json\/wp\/v2\/product_tag?post=2227"}],"curies":[{"name":"wp","href":"https:\/\/api.w.org\/{rel}","templated":true}]}}