{"id":2228,"date":"2024-07-22T14:19:04","date_gmt":"2024-07-22T14:19:04","guid":{"rendered":"https:\/\/membraneswitchmfg.com\/manufacturer\/silicon-pad\/"},"modified":"2024-07-25T08:35:32","modified_gmt":"2024-07-25T08:35:32","slug":"silicone-pad","status":"publish","type":"product","link":"https:\/\/membraneswitchmfg.com\/da\/manufacturer\/silicone-pad\/","title":{"rendered":"Silikonepude"},"content":{"rendered":"<h2><strong>Silikonepude N\u00f8glefunktioner:<\/strong><\/h2>\n<p>1. overlegen holdbarhed: Vores puder er lavet af silikonegummi af h\u00f8j kvalitet og er modstandsdygtige over for ekstreme temperaturer, UV-str\u00e5ling og slid, hvilket sikrer langvarig ydeevne i selv de mest kr\u00e6vende milj\u00f8er.<\/p>\n<p>2. fremragende fleksibilitet: Den iboende fleksibilitet i silikone g\u00f8r det muligt for vores puder at tilpasse sig uregelm\u00e6ssige overflader og bevare deres form, hvilket giver ensartet beskyttelse og st\u00f8dabsorbering.<\/p>\n<p>3. termisk styring: Med enest\u00e5ende varmeledningsegenskaber er vores silikonepuder ideelle til applikationer, der kr\u00e6ver effektiv varmeafledning, f.eks. elektronik og LED-belysning.<\/p>\n<p>4. vibrationsd\u00e6mpning: Vores puder er konstrueret til at absorbere og d\u00e6mpe vibrationer, hvilket reducerer st\u00f8j og mekaniske st\u00f8d, beskytter f\u00f8lsomme komponenter og forbedrer dit udstyrs levetid.<\/p>\n<p>5. muligheder for tilpasning: Vores silikonepuder f\u00e5s i forskellige tykkelser, st\u00f8rrelser og h\u00e5rdhedsgrader og kan skr\u00e6ddersys til at opfylde de specifikke behov i dit projekt. Tilpassede former og udstansede muligheder er ogs\u00e5 tilg\u00e6ngelige.<\/p>\n<p>6. kemisk modstandsdygtighed: Vores silikonepuder er modstandsdygtige over for en lang r\u00e6kke kemikalier, olier og opl\u00f8sningsmidler og bevarer deres integritet og ydeevne i barske milj\u00f8er.<\/p>\n<h2><strong>Silikonepude Anvendelser:<\/strong><\/h2>\n<p>1.Elektronik: Ideel til termisk styring i elektroniske enheder, der giver effektiv varmeoverf\u00f8rsel og beskyttelse af f\u00f8lsomme komponenter.<\/p>\n<p>2. bilindustrien: Velegnet til brug i motorer, gearkasser og andre bilsystemer med vibrationsd\u00e6mpning og varmestyring.<\/p>\n<p>3. industrielt udstyr: Perfekt til maskiner og udstyr, der kr\u00e6ver d\u00e6mpning, st\u00f8jreduktion og beskyttelse mod mekaniske st\u00f8d.<\/p>\n<p>4. medicinsk udstyr: Sikker til brug i medicinsk udstyr og giver p\u00e5lidelig st\u00f8dabsorbering og beskyttelse af sarte instrumenter.<\/p>\n<p>5. forbrugsvarer: Ideel til husholdningsapparater, m\u00f8bler og andre forbrugerprodukter, der giver st\u00f8dabsorbering og beskyttelse.<\/p>","protected":false},"excerpt":{"rendered":"<p>Vores silikonepuder tilbyder den perfekte kombination af holdbarhed, fleksibilitet og h\u00f8jtydende d\u00e6mpning til en lang r\u00e6kke anvendelser. Uanset om du har brug for p\u00e5lidelig termisk styring, vibrationsd\u00e6mpning eller beskyttende polstring, er vores silikonepuder designet til at opfylde dine specifikke krav med enest\u00e5ende kvalitet og konsistens. Vores engagement i kvalitet og innovation sikrer, at vores silikonepuder opfylder de h\u00f8jeste industristandarder. Vi tilbyder en bred vifte af muligheder, der passer til dine specifikke behov, og vores ekspertteam er dedikeret til at levere produkter, der overg\u00e5r dine forventninger. Uanset om du har brug for standardpuder eller fuldt tilpassede l\u00f8sninger, har vi ekspertisen og ressourcerne til at levere den perfekte d\u00e6mpningsl\u00f8sning til din applikation.<\/p>","protected":false},"featured_media":2220,"template":"","meta":[],"product_brand":[],"product_cat":[39],"product_tag":[],"class_list":{"0":"post-2228","1":"product","2":"type-product","3":"status-publish","4":"has-post-thumbnail","6":"product_cat-silicone-rubber","8":"first","9":"instock","10":"shipping-taxable","11":"product-type-simple"},"_links":{"self":[{"href":"https:\/\/membraneswitchmfg.com\/da\/wp-json\/wp\/v2\/product\/2228","targetHints":{"allow":["GET"]}}],"collection":[{"href":"https:\/\/membraneswitchmfg.com\/da\/wp-json\/wp\/v2\/product"}],"about":[{"href":"https:\/\/membraneswitchmfg.com\/da\/wp-json\/wp\/v2\/types\/product"}],"wp:featuredmedia":[{"embeddable":true,"href":"https:\/\/membraneswitchmfg.com\/da\/wp-json\/wp\/v2\/media\/2220"}],"wp:attachment":[{"href":"https:\/\/membraneswitchmfg.com\/da\/wp-json\/wp\/v2\/media?parent=2228"}],"wp:term":[{"taxonomy":"product_brand","embeddable":true,"href":"https:\/\/membraneswitchmfg.com\/da\/wp-json\/wp\/v2\/product_brand?post=2228"},{"taxonomy":"product_cat","embeddable":true,"href":"https:\/\/membraneswitchmfg.com\/da\/wp-json\/wp\/v2\/product_cat?post=2228"},{"taxonomy":"product_tag","embeddable":true,"href":"https:\/\/membraneswitchmfg.com\/da\/wp-json\/wp\/v2\/product_tag?post=2228"}],"curies":[{"name":"wp","href":"https:\/\/api.w.org\/{rel}","templated":true}]}}