{"id":2274,"date":"2024-07-26T02:52:22","date_gmt":"2024-07-26T02:52:22","guid":{"rendered":"https:\/\/membraneswitchmfg.com\/?post_type=product&#038;p=2274"},"modified":"2024-09-19T12:54:44","modified_gmt":"2024-09-19T12:54:44","slug":"magnetic-switch","status":"publish","type":"product","link":"https:\/\/membraneswitchmfg.com\/da\/manufacturer\/magnetic-switch\/","title":{"rendered":"Magnetisk kontakt"},"content":{"rendered":"<h4><strong><b>Vigtige funktioner:<\/b><\/strong><\/h4>\n<p><strong>1.<\/strong><strong>Uovertruffen holdbarhed<\/strong>: Vores produkt er designet til at kunne klare op til 10 millioner tryk og sikrer ensartet ydeevne og p\u00e5lidelighed over en l\u00e6ngere periode, hvilket g\u00f8r det til et omkostningseffektivt valg til langvarige anvendelser.<\/p>\n<p><strong>2.<\/strong><strong>Alsidige anvendelsesmuligheder<\/strong>: I \u00f8jeblikket anvendes vores magnetkontakt i vid udstr\u00e6kning i forskellige sektorer med stor eftersp\u00f8rgsel, herunder:<\/p>\n<ul>\n<li><strong>Medicinsk udstyr<\/strong>: Vores switch giver pr\u00e6cis og p\u00e5lidelig kontrol og er en kritisk komponent i medicinsk udstyr, der sikrer sikkerhed og p\u00e5lidelighed i sundhedsmilj\u00f8er.<\/li>\n<li><strong>L\u00f8beb\u00e5nd<\/strong>: Vores kontakt, der er integreret i fitnessudstyr, garanterer problemfri drift og forbedrer brugeroplevelsen, s\u00e5 den kan modst\u00e5 de strenge krav ved hyppig brug.<\/li>\n<\/ul>\n<h4><strong><b>Hvorfor v\u00e6lge vores magnetiske kontakt?<\/b><\/strong><\/h4>\n<p><strong>1.<\/strong><strong>Uovertruffen levetid<\/strong>: Som den eneste magnetkontakt p\u00e5 hjemmemarkedet med en levetid p\u00e5 10 millioner tryk s\u00e6tter vi standarden for holdbarhed.<\/p>\n<p><strong>2.<\/strong><strong>P\u00e5lidelighed i kritiske applikationer<\/strong>: Der er tillid til vores kontakt i medicinsk udstyr, hvor p\u00e5lidelighed og pr\u00e6cision er altafg\u00f8rende.<\/p>\n<p><strong>3.<\/strong><strong>Ydeevne i milj\u00f8er med h\u00f8j belastning<\/strong>: Med applikationer i l\u00f8beb\u00e5nd beviser vores kontakt sin modstandsdygtighed i milj\u00f8er med h\u00f8j trafik og h\u00f8j brug.<\/p>","protected":false},"excerpt":{"rendered":"<p>Vi pr\u00e6senterer vores avancerede <span class=\"Y2IQFc\" lang=\"en\">Magnetisk membrankontakt<\/span>Det er indbegrebet af holdbarhed og p\u00e5lidelighed p\u00e5 markedet. Med en bem\u00e6rkelsesv\u00e6rdig produktlevetid p\u00e5 op til <strong>10 millioner tryk<\/strong>Vores magnetkontakt st\u00e5r som <strong>den eneste af sin slags p\u00e5 hjemmemarkedet, der tilbyder s\u00e5 lang en levetid<\/strong>Vi pr\u00e6senterer vores avancerede magnetkontakt, indbegrebet af holdbarhed og p\u00e5lidelighed p\u00e5 markedet. Med en bem\u00e6rkelsesv\u00e6rdig produktlevetid p\u00e5 op til 10 millioner tryk er vores magnetkontakt den eneste af sin slags p\u00e5 hjemmemarkedet, der har s\u00e5 lang en levetid.<\/p>","protected":false},"featured_media":2435,"template":"","meta":[],"product_brand":[],"product_cat":[40],"product_tag":[],"class_list":{"0":"post-2274","1":"product","2":"type-product","3":"status-publish","4":"has-post-thumbnail","6":"product_cat-membrane-switch","8":"first","9":"instock","10":"shipping-taxable","11":"product-type-simple"},"_links":{"self":[{"href":"https:\/\/membraneswitchmfg.com\/da\/wp-json\/wp\/v2\/product\/2274","targetHints":{"allow":["GET"]}}],"collection":[{"href":"https:\/\/membraneswitchmfg.com\/da\/wp-json\/wp\/v2\/product"}],"about":[{"href":"https:\/\/membraneswitchmfg.com\/da\/wp-json\/wp\/v2\/types\/product"}],"wp:featuredmedia":[{"embeddable":true,"href":"https:\/\/membraneswitchmfg.com\/da\/wp-json\/wp\/v2\/media\/2435"}],"wp:attachment":[{"href":"https:\/\/membraneswitchmfg.com\/da\/wp-json\/wp\/v2\/media?parent=2274"}],"wp:term":[{"taxonomy":"product_brand","embeddable":true,"href":"https:\/\/membraneswitchmfg.com\/da\/wp-json\/wp\/v2\/product_brand?post=2274"},{"taxonomy":"product_cat","embeddable":true,"href":"https:\/\/membraneswitchmfg.com\/da\/wp-json\/wp\/v2\/product_cat?post=2274"},{"taxonomy":"product_tag","embeddable":true,"href":"https:\/\/membraneswitchmfg.com\/da\/wp-json\/wp\/v2\/product_tag?post=2274"}],"curies":[{"name":"wp","href":"https:\/\/api.w.org\/{rel}","templated":true}]}}