{"id":2438,"date":"2024-09-20T06:37:42","date_gmt":"2024-09-20T06:37:42","guid":{"rendered":"https:\/\/membraneswitchmfg.com\/?post_type=product&#038;p=2438"},"modified":"2024-09-20T06:40:01","modified_gmt":"2024-09-20T06:40:01","slug":"in-mold-electronics-ime","status":"publish","type":"product","link":"https:\/\/membraneswitchmfg.com\/da\/manufacturer\/in-mold-electronics-ime\/","title":{"rendered":"In-Mold elektronik (IME)"},"content":{"rendered":"<h2>In-Mold Electronics (IME): En revolutionerende teknologi<\/h2>\n<h3 data-sourcepos=\"5:1-5:24\">Vigtigste fordele ved In-Mold Electronics<strong>:<\/strong><\/h3>\n<ul>\n<li><span class=\"citation-2 recitation\">Reducerede monteringsomkostninger:<\/span><span class=\"citation-2 recitation citation-end-2\"> Ved at integrere elektroniske komponenter direkte i plastikdelen eliminerer IME behovet for separate monteringstrin, hvilket reducerer produktionsomkostningerne betydeligt.<\/span><\/li>\n<li>Forbedret holdbarhed: <span class=\"citation-3 recitation citation-end-3\">IME skaber en st\u00e6rk binding mellem de elektroniske komponenter og plastikdelen, hvilket forbedrer holdbarheden og modstandsdygtigheden over for milj\u00f8faktorer.<\/span><\/li>\n<li>Mindre formfaktor: <span class=\"citation-4 recitation citation-end-4\">IME muligg\u00f8r oprettelsen af tyndere og mere kompakte elektroniske enheder, hvilket g\u00f8r dem mere b\u00e6rbare og \u00e6stetisk tiltalende.<\/span><\/li>\n<li>Forbedret \u00e6stetik: IME kan bruges til at skabe s\u00f8ml\u00f8se og visuelt tiltalende designs, der integrerer elektroniske komponenter problemfrit i produktets overordnede udseende.<\/li>\n<li>Forbedret p\u00e5lidelighed: <span class=\"citation-5 recitation citation-end-5\">Ved at eliminere eksterne forbindelser og monteringstrin kan IME forbedre p\u00e5lideligheden og levetiden for elektroniske produkter.<\/span><\/li>\n<\/ul>\n<h3 data-sourcepos=\"13:1-13:24\">Anvendelser af In-Mold Electronics:<\/h3>\n<ul data-sourcepos=\"15:1-19:0\">\n<li data-sourcepos=\"15:1-15:100\">Forbrugerelektronik: Tastaturer, fjernbetjeninger, instrumentbr\u00e6tter til biler og b\u00e6rbare enheder.<\/li>\n<li data-sourcepos=\"16:1-16:110\">Medicinsk udstyr: <span class=\"citation-6 recitation citation-end-6\">Diagnostisk udstyr, patientoverv\u00e5gningssystemer og implanterbare enheder.<\/span><\/li>\n<li data-sourcepos=\"16:1-16:110\">Bilindustrien: <span class=\"citation-7 recitation citation-end-7\">Kontrolpaneler, instrumentklynger og d\u00f8rpaneler.<\/span><\/li>\n<li data-sourcepos=\"16:1-16:110\">Industriel automation: Kontrolpaneler, sensorer og andre automationskomponenter.<\/li>\n<\/ul>","protected":false},"excerpt":{"rendered":"<p><span class=\"citation-0 recitation\">In-Mold elektronik (IME)<\/span><span class=\"citation-0 recitation citation-end-0\"> er en fremstillingsproces, der integrerer elektroniske komponenter direkte i plastikdele under st\u00f8beprocessen.<\/span> <span class=\"citation-1 recitation citation-end-1\">Denne innovative teknik tilbyder adskillige fordele i forhold til traditionelle samlingsmetoder, hvilket g\u00f8r den til et popul\u00e6rt valg for forskellige industrier.<\/span><\/p>\n<p><span class=\"citation-8 recitation citation-end-8\">IME er en banebrydende teknologi, der tilbyder betydelige fordele med hensyn til omkostninger, holdbarhed, design og p\u00e5lidelighed.<\/span> Efterh\u00e5nden som teknologien forts\u00e6tter med at udvikle sig, kan vi forvente at se endnu mere innovative applikationer i fremtiden.<\/p>","protected":false},"featured_media":2439,"template":"","meta":[],"product_brand":[],"product_cat":[40],"product_tag":[],"class_list":{"0":"post-2438","1":"product","2":"type-product","3":"status-publish","4":"has-post-thumbnail","6":"product_cat-membrane-switch","8":"first","9":"instock","10":"shipping-taxable","11":"product-type-simple"},"_links":{"self":[{"href":"https:\/\/membraneswitchmfg.com\/da\/wp-json\/wp\/v2\/product\/2438","targetHints":{"allow":["GET"]}}],"collection":[{"href":"https:\/\/membraneswitchmfg.com\/da\/wp-json\/wp\/v2\/product"}],"about":[{"href":"https:\/\/membraneswitchmfg.com\/da\/wp-json\/wp\/v2\/types\/product"}],"wp:featuredmedia":[{"embeddable":true,"href":"https:\/\/membraneswitchmfg.com\/da\/wp-json\/wp\/v2\/media\/2439"}],"wp:attachment":[{"href":"https:\/\/membraneswitchmfg.com\/da\/wp-json\/wp\/v2\/media?parent=2438"}],"wp:term":[{"taxonomy":"product_brand","embeddable":true,"href":"https:\/\/membraneswitchmfg.com\/da\/wp-json\/wp\/v2\/product_brand?post=2438"},{"taxonomy":"product_cat","embeddable":true,"href":"https:\/\/membraneswitchmfg.com\/da\/wp-json\/wp\/v2\/product_cat?post=2438"},{"taxonomy":"product_tag","embeddable":true,"href":"https:\/\/membraneswitchmfg.com\/da\/wp-json\/wp\/v2\/product_tag?post=2438"}],"curies":[{"name":"wp","href":"https:\/\/api.w.org\/{rel}","templated":true}]}}