{"id":1691,"date":"2024-06-22T14:56:03","date_gmt":"2024-06-22T14:56:03","guid":{"rendered":"https:\/\/membraneswitchmfg.com\/manufacturer\/anti-counterfeiting-anti-theft-label\/"},"modified":"2024-06-26T00:51:33","modified_gmt":"2024-06-26T00:51:33","slug":"anti-counterfeiting-anti-theft-label","status":"publish","type":"product","link":"https:\/\/membraneswitchmfg.com\/de\/manufacturer\/anti-counterfeiting-anti-theft-label\/","title":{"rendered":"Anti-F\u00e4lschungs-Anti-Diebstahl-Etikett"},"content":{"rendered":"<h2 class=\"\" data-sourcepos=\"1:1-1:76\">F\u00e4lschungssichere Diebstahlschutzetiketten: Sch\u00fctzen Sie Ihre Produkte und Ihre Marke<\/h2>\n<p data-sourcepos=\"3:1-3:90\">Sch\u00fctzen Sie Ihre Produkte und Ihren Markenruf mit unseren innovativen f\u00e4lschungssicheren Diebstahlschutzetiketten. Diese fortschrittlichen Etiketten wurden entwickelt, um F\u00e4lschungen abzuschrecken, Diebstahl zu verhindern und die Echtheit Ihrer Produkte sicherzustellen, um Ihnen und Ihren Kunden ein beruhigendes Gef\u00fchl zu geben.<\/p>\n<p data-sourcepos=\"5:1-5:31\"><strong>Un\u00fcbertroffene Sicherheitsmerkmale<\/strong><\/p>\n<p data-sourcepos=\"7:1-7:110\">Unsere f\u00e4lschungssicheren Diebstahlschutzetiketten enthalten eine Vielzahl ausgefeilter Sicherheitsmerkmale, darunter:<\/p>\n<ul data-sourcepos=\"9:1-11:15\">\n<li data-sourcepos=\"9:1-9:85\"><strong>Einzigartige manipulationssichere Designs<\/strong> die beim Entfernen brechen oder versteckte Botschaften enth\u00fcllen<\/li>\n<li data-sourcepos=\"10:1-10:66\"><strong>Eingebetteter Mikrotext<\/strong> der nur unter Vergr\u00f6\u00dferung sichtbar ist<\/li>\n<li data-sourcepos=\"11:1-11:15\"><strong>Holographische Bilder<\/strong> die nicht repliziert werden k\u00f6nnen<\/li>\n<li data-sourcepos=\"12:1-13:0\"><strong>Spezialisierte Tinten<\/strong> die auf bestimmte Chemikalien oder L\u00f6sungsmittel reagieren<\/li>\n<\/ul>\n<p data-sourcepos=\"14:1-14:152\">Diese Funktionen machen es F\u00e4lschern nahezu unm\u00f6glich, Ihre Etiketten zu replizieren, wodurch Ihre Produkte und Ihre Marke vor unbefugter Nachahmung gesch\u00fctzt werden.<\/p>\n<p data-sourcepos=\"16:1-16:49\"><strong>Vielseitige Anwendungen f\u00fcr den Produktschutz<\/strong><\/p>\n<p data-sourcepos=\"18:1-18:99\">Unsere f\u00e4lschungssicheren Diebstahlschutzetiketten eignen sich f\u00fcr eine Vielzahl von Anwendungen, darunter:<\/p>\n<ul data-sourcepos=\"20:1-23:1\">\n<li data-sourcepos=\"20:1-20:45\"><strong>Pharmazeutika und Gesundheitsprodukte<\/strong><\/li>\n<li data-sourcepos=\"21:1-21:36\"><strong>Elektronik und Konsumg\u00fcter<\/strong><\/li>\n<li data-sourcepos=\"22:1-22:32\"><strong>Luxusartikel und Kosmetika<\/strong><\/li>\n<li data-sourcepos=\"23:1-23:1\"><strong>Industrielle Komponenten und Maschinen<\/strong><\/li>\n<li data-sourcepos=\"24:1-25:0\"><strong>Software und digitale Produkte<\/strong><\/li>\n<\/ul>\n<p data-sourcepos=\"26:1-26:166\">Durch das Anbringen unserer Etiketten auf Ihren Produkten k\u00f6nnen Sie F\u00e4lschungen abschrecken, Diebstahl verhindern und sicherstellen, dass Ihre Kunden Originalprodukte von autorisierten Quellen erhalten.<\/p>\n<p data-sourcepos=\"28:1-28:89\"><strong>Partner with China Label Barcode Printer Suppliers for Superior Quality and Expertise<\/strong><\/p>\n<p data-sourcepos=\"30:1-30:362\">Als China Label Barcode Printer Suppliers sind wir bestrebt, unseren Kunden f\u00e4lschungssichere Diebstahlschutzetiketten von h\u00f6chster Qualit\u00e4t und das Fachwissen bereitzustellen, um ihre spezifischen Anwendungsanforderungen zu erf\u00fcllen. Unser Team aus erfahrenen Fachleuten kann Ihnen bei der Auswahl des richtigen Etikettenmaterials, der Sicherheitsmerkmale und der Druckoptionen f\u00fcr Ihre individuellen Anforderungen helfen.<\/p>\n<p data-sourcepos=\"32:1-32:169\"><strong>Kontaktieren Sie uns heute<\/strong> um mehr \u00fcber unsere f\u00e4lschungssicheren Diebstahlschutzetiketten zu erfahren und wie wir Ihnen helfen k\u00f6nnen, Ihre Produkte und Ihre Marke vor F\u00e4lschungen und Diebstahl zu sch\u00fctzen.<\/p>\n<p data-sourcepos=\"34:1-34:80\"><strong>Zus\u00e4tzliche Schl\u00fcsselw\u00f6rter:<\/strong> Druckeretiketten, Unternehmen f\u00fcr f\u00e4lschungssicheren Etikettendruck<\/p>","protected":false},"excerpt":{"rendered":"<p>F\u00e4lschungssichere und diebstahlsichere Etiketten sind spezielle Sicherheitsetiketten und -markierungen, die entwickelt wurden, um Produkte und Verm\u00f6genswerte vor unbefugter Vervielf\u00e4ltigung, Diebstahl und Manipulation zu sch\u00fctzen. Diese Etiketten enthalten fortschrittliche Technologien, um die Echtheit zu \u00fcberpr\u00fcfen, F\u00e4lschungen zu verhindern und Diebstahl abzuschrecken, wodurch die Integrit\u00e4t und Sicherheit von Waren in verschiedenen Branchen gew\u00e4hrleistet wird.<\/p>","protected":false},"featured_media":1652,"template":"","meta":[],"product_brand":[],"product_cat":[15],"product_tag":[],"class_list":{"0":"post-1691","1":"product","2":"type-product","3":"status-publish","4":"has-post-thumbnail","6":"product_cat-print-label","8":"first","9":"instock","10":"shipping-taxable","11":"product-type-simple"},"_links":{"self":[{"href":"https:\/\/membraneswitchmfg.com\/de\/wp-json\/wp\/v2\/product\/1691","targetHints":{"allow":["GET"]}}],"collection":[{"href":"https:\/\/membraneswitchmfg.com\/de\/wp-json\/wp\/v2\/product"}],"about":[{"href":"https:\/\/membraneswitchmfg.com\/de\/wp-json\/wp\/v2\/types\/product"}],"wp:featuredmedia":[{"embeddable":true,"href":"https:\/\/membraneswitchmfg.com\/de\/wp-json\/wp\/v2\/media\/1652"}],"wp:attachment":[{"href":"https:\/\/membraneswitchmfg.com\/de\/wp-json\/wp\/v2\/media?parent=1691"}],"wp:term":[{"taxonomy":"product_brand","embeddable":true,"href":"https:\/\/membraneswitchmfg.com\/de\/wp-json\/wp\/v2\/product_brand?post=1691"},{"taxonomy":"product_cat","embeddable":true,"href":"https:\/\/membraneswitchmfg.com\/de\/wp-json\/wp\/v2\/product_cat?post=1691"},{"taxonomy":"product_tag","embeddable":true,"href":"https:\/\/membraneswitchmfg.com\/de\/wp-json\/wp\/v2\/product_tag?post=1691"}],"curies":[{"name":"wp","href":"https:\/\/api.w.org\/{rel}","templated":true}]}}