{"id":1693,"date":"2024-06-22T14:56:03","date_gmt":"2024-06-22T14:56:03","guid":{"rendered":"https:\/\/membraneswitchmfg.com\/manufacturer\/removable-non-residual-electrostatic-film-label\/"},"modified":"2024-06-25T14:49:18","modified_gmt":"2024-06-25T14:49:18","slug":"removable-non-residual-electrostatic-film-label","status":"publish","type":"product","link":"https:\/\/membraneswitchmfg.com\/de\/manufacturer\/removable-non-residual-electrostatic-film-label\/","title":{"rendered":"Abl\u00f6sbares, nicht r\u00fcckstandsloses elektrostatisches Folienetikett"},"content":{"rendered":"<h2 class=\"\" data-sourcepos=\"3:1-3:94\">Abnehmbare, r\u00fcckstandsfreie elektrostatische Folienetiketten: Vielseitige und wiederverwendbare Etikettierl\u00f6sungen<\/h2>\n<p data-sourcepos=\"5:1-5:318\">Nutzen Sie den Komfort der wiederverwendbaren Etikettierung mit unseren abnehmbaren, r\u00fcckstandsfreien elektrostatischen Folienetiketten. Diese vielseitigen Etiketten bieten eine problemlose L\u00f6sung f\u00fcr tempor\u00e4re Beschilderungen, Produktkennzeichnungen und Werbebotschaften, die sicher auf einer Vielzahl von Oberfl\u00e4chen haften, ohne klebrige R\u00fcckst\u00e4nde zu hinterlassen.<\/p>\n<p data-sourcepos=\"7:1-7:52\"><strong>Un\u00fcbertroffene Vielseitigkeit f\u00fcr tempor\u00e4re Anwendungen<\/strong><\/p>\n<p data-sourcepos=\"9:1-9:162\">Unsere abnehmbaren, r\u00fcckstandsfreien elektrostatischen Folienetiketten sind ideal f\u00fcr Anwendungen, bei denen Etiketten h\u00e4ufig entfernt und neu positioniert werden m\u00fcssen. Sie sind perfekt f\u00fcr:<\/p>\n<ul data-sourcepos=\"11:1-16:0\">\n<li data-sourcepos=\"11:1-11:36\"><strong>Einzelhandels- und Werbebeschilderung<\/strong><\/li>\n<li data-sourcepos=\"12:1-12:38\"><strong>Lager- und Inventaretikettierung<\/strong><\/li>\n<li data-sourcepos=\"13:1-13:40\"><strong>Tempor\u00e4re B\u00fcro- und Veranstaltungsbeschilderung<\/strong><\/li>\n<li data-sourcepos=\"14:1-14:41\"><strong>Produktetikettierung und -identifizierung<\/strong><\/li>\n<li data-sourcepos=\"15:1-16:0\"><strong>Schulungs- und Unterrichtsbeschilderung<\/strong><\/li>\n<\/ul>\n<p data-sourcepos=\"17:1-17:29\"><strong>Wiederverwendbar und r\u00fcckstandsfrei<\/strong><\/p>\n<p data-sourcepos=\"19:1-19:284\">Diese Etiketten werden aus hochwertiger elektrostatischer Folie hergestellt und haften sicher auf glatten Oberfl\u00e4chen, ohne dass Klebstoffe erforderlich sind. Sie lassen sich leicht entfernen und neu positionieren, ohne klebrige R\u00fcckst\u00e4nde zu hinterlassen, was sie zu einer nachhaltigen und umweltfreundlichen Etikettierl\u00f6sung macht.<\/p>\n<p data-sourcepos=\"21:1-21:2\"><strong>Kompatibel mit einer Vielzahl von Druckern<\/strong><\/p>\n<p data-sourcepos=\"23:1-23:243\">Unsere abnehmbaren, r\u00fcckstandsfreien elektrostatischen Folienetiketten sind mit einer Vielzahl von Tintenstrahl- und Laserdruckern kompatibel, sodass Sie individuelle Etiketten im eigenen Haus erstellen k\u00f6nnen. Sie sind in verschiedenen Gr\u00f6\u00dfen und Formen erh\u00e4ltlich, um Ihren spezifischen Anforderungen gerecht zu werden.<\/p>\n<p data-sourcepos=\"25:1-25:89\"><strong>Partner with China Label Barcode Printer Suppliers for Superior Quality and Expertise<\/strong><\/p>\n<p data-sourcepos=\"27:1-27:360\">Als China Label Barcode Printer Suppliers sind wir bestrebt, unseren Kunden die hochwertigsten abnehmbaren, r\u00fcckstandsfreien elektrostatischen Folienetiketten und das Fachwissen zur Erf\u00fcllung ihrer spezifischen Anwendungsbed\u00fcrfnisse zu bieten. Unser Team aus erfahrenen Fachleuten kann Ihnen bei der Auswahl des richtigen Etikettenmaterials, der richtigen Gr\u00f6\u00dfe und der richtigen Druckoptionen f\u00fcr Ihre individuellen Anforderungen helfen.<\/p>\n<p data-sourcepos=\"29:1-29:170\"><strong>Kontaktieren Sie uns heute<\/strong> um mehr \u00fcber unsere abnehmbaren, r\u00fcckstandsfreien elektrostatischen Folienetiketten zu erfahren und wie wir Ihnen helfen k\u00f6nnen, Ihre Etikettierprozesse zu rationalisieren und Abfall zu reduzieren.<\/p>","protected":false},"excerpt":{"rendered":"<p>Abnehmbare, r\u00fcckstandsfreie elektrostatische Folienetiketten sind eine Art von Etikett, das durch statische Elektrizit\u00e4t und nicht durch Klebstoff auf Oberfl\u00e4chen haftet. Diese einzigartige Eigenschaft erm\u00f6glicht ein einfaches Anbringen und Entfernen, ohne klebrige R\u00fcckst\u00e4nde oder Besch\u00e4digungen zu hinterlassen.<\/p>","protected":false},"featured_media":1658,"template":"","meta":[],"product_brand":[],"product_cat":[15],"product_tag":[],"class_list":{"0":"post-1693","1":"product","2":"type-product","3":"status-publish","4":"has-post-thumbnail","6":"product_cat-print-label","8":"first","9":"instock","10":"shipping-taxable","11":"product-type-simple"},"_links":{"self":[{"href":"https:\/\/membraneswitchmfg.com\/de\/wp-json\/wp\/v2\/product\/1693","targetHints":{"allow":["GET"]}}],"collection":[{"href":"https:\/\/membraneswitchmfg.com\/de\/wp-json\/wp\/v2\/product"}],"about":[{"href":"https:\/\/membraneswitchmfg.com\/de\/wp-json\/wp\/v2\/types\/product"}],"wp:featuredmedia":[{"embeddable":true,"href":"https:\/\/membraneswitchmfg.com\/de\/wp-json\/wp\/v2\/media\/1658"}],"wp:attachment":[{"href":"https:\/\/membraneswitchmfg.com\/de\/wp-json\/wp\/v2\/media?parent=1693"}],"wp:term":[{"taxonomy":"product_brand","embeddable":true,"href":"https:\/\/membraneswitchmfg.com\/de\/wp-json\/wp\/v2\/product_brand?post=1693"},{"taxonomy":"product_cat","embeddable":true,"href":"https:\/\/membraneswitchmfg.com\/de\/wp-json\/wp\/v2\/product_cat?post=1693"},{"taxonomy":"product_tag","embeddable":true,"href":"https:\/\/membraneswitchmfg.com\/de\/wp-json\/wp\/v2\/product_tag?post=1693"}],"curies":[{"name":"wp","href":"https:\/\/api.w.org\/{rel}","templated":true}]}}