{"id":1694,"date":"2024-06-22T14:56:04","date_gmt":"2024-06-22T14:56:04","guid":{"rendered":"https:\/\/membraneswitchmfg.com\/manufacturer\/listing-card-product-manual\/"},"modified":"2024-06-25T14:40:27","modified_gmt":"2024-06-25T14:40:27","slug":"listing-card-product-manual","status":"publish","type":"product","link":"https:\/\/membraneswitchmfg.com\/de\/manufacturer\/listing-card-product-manual\/","title":{"rendered":"Listing Card und Produkthandbuch"},"content":{"rendered":"<h2 class=\"\" data-sourcepos=\"1:1-1:87\">Auflistung von Karten und Produkthandb\u00fcchern: Verbesserung der Produktpr\u00e4sentation und Markenidentit\u00e4t<\/h2>\n<p data-sourcepos=\"3:1-3:108\">Steigern Sie Ihre Produktpr\u00e4sentation und Markenidentit\u00e4t mit unseren hochwertigen Auflistungskarten und Produkthandb\u00fcchern. Diese wichtigen Werkzeuge liefern wertvolle Informationen f\u00fcr Kunden, verbessern ihr Einkaufserlebnis und f\u00f6rdern die Markentreue.<\/p>\n<p data-sourcepos=\"5:1-5:56\"><strong>Auflistungskarten: Klare und pr\u00e4gnante Produktinformationen<\/strong><\/p>\n<p data-sourcepos=\"7:1-7:21\">Auflistungskarten bieten einen pr\u00e4gnanten und informativen \u00dcberblick \u00fcber Ihre Produkte und liefern wichtige Details auf einen Blick. Sie sind ideal f\u00fcr:<\/p>\n<ul data-sourcepos=\"9:1-12:0\">\n<li data-sourcepos=\"9:1-9:64\"><strong>Anzeigen von Produktnamen, Beschreibungen und Spezifikationen<\/strong><\/li>\n<li data-sourcepos=\"10:1-10:44\"><strong>Hervorhebung der wichtigsten Merkmale und Vorteile<\/strong><\/li>\n<li data-sourcepos=\"11:1-12:0\"><strong>Pr\u00e4sentation von Produktbildern und Branding<\/strong><\/li>\n<\/ul>\n<p data-sourcepos=\"13:1-13:48\"><strong>Produkthandb\u00fccher: Umfassende Benutzerf\u00fchrung<\/strong><\/p>\n<p data-sourcepos=\"15:1-15:23\">Produkthandb\u00fccher bieten umfassende Anweisungen und Anleitungen f\u00fcr Ihre Produkte, um die Kundenzufriedenheit zu gew\u00e4hrleisten und die Supportkosten zu senken. Sie beinhalten:<\/p>\n<ul data-sourcepos=\"17:1-21:0\">\n<li data-sourcepos=\"17:1-17:50\"><strong>Detaillierte Installations- und Einrichtungsanweisungen<\/strong><\/li>\n<li data-sourcepos=\"18:1-18:39\"><strong>Schritt-f\u00fcr-Schritt-Bedienungsanleitungen<\/strong><\/li>\n<li data-sourcepos=\"19:1-19:35\"><strong>Tipps zur Fehlerbehebung und FAQs<\/strong><\/li>\n<li data-sourcepos=\"20:1-21:0\"><strong>Sicherheitswarnungen und Vorsichtsma\u00dfnahmen<\/strong><\/li>\n<\/ul>\n<p data-sourcepos=\"22:1-22:89\"><strong>Partner with China Label Barcode Printer Suppliers for Superior Quality and Expertise<\/strong><\/p>\n<p data-sourcepos=\"24:1-24:316\">Bei China Label Barcode Printer Suppliers sind wir bestrebt, unseren Kunden die hochwertigsten Auflistungskarten und Produkthandb\u00fccher anzubieten. Unser Team aus erfahrenen Fachleuten kann Ihnen helfen, kundenspezifische Materialien zu entwerfen und zu erstellen, die mit Ihrer Markenidentit\u00e4t \u00fcbereinstimmen und Produktinformationen effektiv kommunizieren.<\/p>\n<p data-sourcepos=\"26:1-26:62\"><strong>Kontaktieren Sie uns heute<\/strong> um mehr \u00fcber unsere Auflistungskarten und Produkthandb\u00fccher zu erfahren und wie wir Ihnen helfen k\u00f6nnen, Ihre Produktpr\u00e4sentation zu verbessern, das Kundenerlebnis zu verbessern und Ihre Marke zu st\u00e4rken.<\/p>\n<p data-sourcepos=\"28:1-28:150\"><strong>Zus\u00e4tzliche Schl\u00fcsselw\u00f6rter:<\/strong> SD-Karten-Druckeretiketten, ID-Karten-Etikettendrucker, Etikettenkartendrucker, Etiketten f\u00fcr Weihnachtskarten drucken, bedruckte Kartonetiketten<\/p>","protected":false},"excerpt":{"rendered":"<p>Eine Produktkarte oder ein Produkthandbuch ist ein Dokument, das detaillierte Informationen \u00fcber ein Produkt oder eine Dienstleistung enth\u00e4lt. Es wird in der Regel von Unternehmen verwendet, um Kunden \u00fcber die Merkmale, Vorteile und Spezifikationen ihrer Produkte zu informieren.<\/p>","protected":false},"featured_media":1657,"template":"","meta":[],"product_brand":[],"product_cat":[15],"product_tag":[],"class_list":{"0":"post-1694","1":"product","2":"type-product","3":"status-publish","4":"has-post-thumbnail","6":"product_cat-print-label","8":"first","9":"instock","10":"shipping-taxable","11":"product-type-simple"},"_links":{"self":[{"href":"https:\/\/membraneswitchmfg.com\/de\/wp-json\/wp\/v2\/product\/1694","targetHints":{"allow":["GET"]}}],"collection":[{"href":"https:\/\/membraneswitchmfg.com\/de\/wp-json\/wp\/v2\/product"}],"about":[{"href":"https:\/\/membraneswitchmfg.com\/de\/wp-json\/wp\/v2\/types\/product"}],"wp:featuredmedia":[{"embeddable":true,"href":"https:\/\/membraneswitchmfg.com\/de\/wp-json\/wp\/v2\/media\/1657"}],"wp:attachment":[{"href":"https:\/\/membraneswitchmfg.com\/de\/wp-json\/wp\/v2\/media?parent=1694"}],"wp:term":[{"taxonomy":"product_brand","embeddable":true,"href":"https:\/\/membraneswitchmfg.com\/de\/wp-json\/wp\/v2\/product_brand?post=1694"},{"taxonomy":"product_cat","embeddable":true,"href":"https:\/\/membraneswitchmfg.com\/de\/wp-json\/wp\/v2\/product_cat?post=1694"},{"taxonomy":"product_tag","embeddable":true,"href":"https:\/\/membraneswitchmfg.com\/de\/wp-json\/wp\/v2\/product_tag?post=1694"}],"curies":[{"name":"wp","href":"https:\/\/api.w.org\/{rel}","templated":true}]}}