{"id":1773,"date":"2024-06-24T05:57:57","date_gmt":"2024-06-24T05:57:57","guid":{"rendered":"https:\/\/membraneswitchmfg.com\/manufacturer\/silver-flex-membrane-switch\/"},"modified":"2024-06-25T13:26:16","modified_gmt":"2024-06-25T13:26:16","slug":"silver-flex-membrane-switch","status":"publish","type":"product","link":"https:\/\/membraneswitchmfg.com\/de\/manufacturer\/silver-flex-membrane-switch\/","title":{"rendered":"Silber-Flex-Membranschalter"},"content":{"rendered":"<h2><strong><b>Silber-Flex-Membranschalter: Zuverl\u00e4ssige und kosteng\u00fcnstige L\u00f6sungen<\/b><\/strong><\/h2>\n<p><strong>Un\u00fcbertroffene Vielseitigkeit und Leistung<\/strong><\/p>\n<p>Silber-Flex-Membranschalter sind bekannt f\u00fcr ihre:<\/p>\n<ul>\n<li><strong>D\u00fcnnes und flexibles Design f\u00fcr einfache Integration<\/strong><\/li>\n<li><strong>Taktiles Feedback f\u00fcr eine verbesserte Benutzererfahrung<\/strong><\/li>\n<li><strong>Lange Lebensdauer mit Millionen von Bet\u00e4tigungen<\/strong><\/li>\n<li><strong>Best\u00e4ndigkeit gegen Feuchtigkeit, Staub und raue Umgebungen<\/strong><\/li>\n<\/ul>\n<p><strong>Kosteng\u00fcnstige L\u00f6sungen f\u00fcr Ihre Bed\u00fcrfnisse<\/strong><\/p>\n<p>Silber-Flex-Membranschalter bieten eine kosteng\u00fcnstige L\u00f6sung ohne Qualit\u00e4tseinbu\u00dfen. Sie sind ideal f\u00fcr Anwendungen, bei denen:<\/p>\n<ul>\n<li><strong>Das Budget ein Hauptanliegen ist<\/strong><\/li>\n<li><strong>Gro\u00dfe Mengen ben\u00f6tigt werden<\/strong><\/li>\n<li><strong>Platzbeschr\u00e4nkungen ein Faktor sind<\/strong><\/li>\n<\/ul>\n<p><strong>Anwendungen<\/strong><\/p>\n<p>Silber-Flex-Membranschalter werden in verschiedenen Branchen eingesetzt, darunter:<\/p>\n<ul>\n<li><strong>Unterhaltungselektronik<\/strong><\/li>\n<li><strong>Medizinische Ger\u00e4te<\/strong><\/li>\n<li><strong>Industrielle Schalttafeln<\/strong><\/li>\n<li><strong>Ger\u00e4te<\/strong><\/li>\n<li><strong>Und viele mehr<\/strong><\/li>\n<\/ul>\n<p><strong>Anpassbare Optionen<\/strong><\/p>\n<p>Wir bieten eine breite Palette von Anpassungsm\u00f6glichkeiten an Ihre spezifischen Bed\u00fcrfnisse, darunter:<\/p>\n<ul>\n<li><strong>Unterschiedliche Schaltergr\u00f6\u00dfen und -konfigurationen<\/strong><\/li>\n<li><strong>Benutzerdefinierte Grafiken und Hintergrundbeleuchtung<\/strong><\/li>\n<li><strong>Optionen f\u00fcr taktiles Feedback<\/strong><\/li>\n<li><strong>Umweltabdichtung und -schutz<\/strong><\/li>\n<\/ul>\n<p><strong>Arbeiten Sie mit einem vertrauensw\u00fcrdigen Lieferanten f\u00fcr wasserdichte Membranschalter zusammen<\/strong><\/p>\n<p>Mit jahrelanger Erfahrung und dem Engagement f\u00fcr Qualit\u00e4t sind wir Ihr vertrauensw\u00fcrdiger Lieferant von Silber-Flex-Membranschaltern. Unser Expertenteam kann Ihnen helfen, die perfekten Schalter f\u00fcr Ihre Anwendung zu entwerfen und herzustellen.<\/p>\n<p><strong>Kontaktieren Sie uns heute<\/strong>\u00a0um mehr \u00fcber unsere Silber-Flex-Membranschalter zu erfahren und wie wir Ihnen helfen k\u00f6nnen, Ihre Produktziele zu erreichen und gleichzeitig Ihr Budget einzuhalten.<\/p>","protected":false},"excerpt":{"rendered":"<p>Erleben Sie die perfekte Balance zwischen Leistung und Erschwinglichkeit mit unseren Silver Flex Membrane Switches. Diese vielseitigen Schalter bieten ein taktiles, reaktionsschnelles Gef\u00fchl und eine lange Lebensdauer, was sie zu einer idealen Wahl f\u00fcr eine breite Palette von Anwendungen macht.<\/p>","protected":false},"featured_media":1759,"template":"","meta":[],"product_brand":[],"product_cat":[40],"product_tag":[],"class_list":{"0":"post-1773","1":"product","2":"type-product","3":"status-publish","4":"has-post-thumbnail","6":"product_cat-membrane-switch","8":"first","9":"instock","10":"shipping-taxable","11":"product-type-simple"},"_links":{"self":[{"href":"https:\/\/membraneswitchmfg.com\/de\/wp-json\/wp\/v2\/product\/1773","targetHints":{"allow":["GET"]}}],"collection":[{"href":"https:\/\/membraneswitchmfg.com\/de\/wp-json\/wp\/v2\/product"}],"about":[{"href":"https:\/\/membraneswitchmfg.com\/de\/wp-json\/wp\/v2\/types\/product"}],"wp:featuredmedia":[{"embeddable":true,"href":"https:\/\/membraneswitchmfg.com\/de\/wp-json\/wp\/v2\/media\/1759"}],"wp:attachment":[{"href":"https:\/\/membraneswitchmfg.com\/de\/wp-json\/wp\/v2\/media?parent=1773"}],"wp:term":[{"taxonomy":"product_brand","embeddable":true,"href":"https:\/\/membraneswitchmfg.com\/de\/wp-json\/wp\/v2\/product_brand?post=1773"},{"taxonomy":"product_cat","embeddable":true,"href":"https:\/\/membraneswitchmfg.com\/de\/wp-json\/wp\/v2\/product_cat?post=1773"},{"taxonomy":"product_tag","embeddable":true,"href":"https:\/\/membraneswitchmfg.com\/de\/wp-json\/wp\/v2\/product_tag?post=1773"}],"curies":[{"name":"wp","href":"https:\/\/api.w.org\/{rel}","templated":true}]}}