{"id":1774,"date":"2024-06-24T05:57:57","date_gmt":"2024-06-24T05:57:57","guid":{"rendered":"https:\/\/membraneswitchmfg.com\/manufacturer\/copper-flex-membrane-switch\/"},"modified":"2024-06-25T13:28:19","modified_gmt":"2024-06-25T13:28:19","slug":"copper-flex-membrane-switch","status":"publish","type":"product","link":"https:\/\/membraneswitchmfg.com\/de\/manufacturer\/copper-flex-membrane-switch\/","title":{"rendered":"Kupfer-Flex-Membranschalter"},"content":{"rendered":"<h2><strong><b>Kupfer-Flex-Membranschalter: \u00dcberlegene Leistung f\u00fcr anspruchsvolle Anwendungen<\/b><\/strong><\/h2>\n<p><strong>Un\u00fcbertroffene Haltbarkeit und Pr\u00e4zision<\/strong><\/p>\n<p>Kupfer-Flex-Membranschalter sind auf Exzellenz ausgelegt und bieten:<\/p>\n<ul>\n<li><strong>Hochleitf\u00e4hige Kupferbahnen f\u00fcr verbesserte Signal\u00fcbertragung<\/strong><\/li>\n<li><strong>Pr\u00e4zise Schaltungsmuster f\u00fcr zuverl\u00e4ssigen Betrieb<\/strong><\/li>\n<li><strong>Robuste Konstruktion f\u00fcr Best\u00e4ndigkeit gegen raue Umgebungen<\/strong><\/li>\n<\/ul>\n<p><strong>Erleben Sie die Vorteile<\/strong><\/p>\n<p>Mit Kupfer-Flex-Membranschaltern k\u00f6nnen Sie Folgendes erwarten:<\/p>\n<ul>\n<li><strong>Reduzierte Ausfallzeiten und Wartungskosten<\/strong><\/li>\n<li><strong>Verbesserte Produktleistung und Zuverl\u00e4ssigkeit<\/strong><\/li>\n<li><strong>Erh\u00f6hte Benutzerzufriedenheit und Markenreputation<\/strong><\/li>\n<\/ul>\n<p><strong>Anwendungen<\/strong><\/p>\n<p>Kupfer-Flex-Membranschalter eignen sich gut f\u00fcr eine Vielzahl von Anwendungen, darunter:<\/p>\n<ul>\n<li><strong>Industrielle Steuerungssysteme<\/strong><\/li>\n<li><strong>Medizinische Ger\u00e4te<\/strong><\/li>\n<li><strong>Milit\u00e4r- und Luftfahrtausr\u00fcstung<\/strong><\/li>\n<li><strong>Anwendungen in rauen Umgebungen<\/strong><\/li>\n<li><strong>Und viele mehr<\/strong><\/li>\n<\/ul>\n<p><strong>Anpassbare L\u00f6sungen<\/strong><\/p>\n<p>Wir bieten eine breite Palette von Anpassungsm\u00f6glichkeiten an Ihre spezifischen Bed\u00fcrfnisse, darunter:<\/p>\n<ul>\n<li><strong>Unterschiedliche Schaltergr\u00f6\u00dfen und -konfigurationen<\/strong><\/li>\n<li><strong>Benutzerdefinierte Grafiken und Hintergrundbeleuchtung<\/strong><\/li>\n<li><strong>Optionen f\u00fcr taktiles Feedback<\/strong><\/li>\n<li><strong>Umweltabdichtung und -schutz<\/strong><\/li>\n<\/ul>\n<p><strong>Arbeiten Sie mit einem erfahrenen Anbieter von wasserdichten flexiblen Membranschaltern zusammen<\/strong><\/p>\n<p>Mit jahrelanger Erfahrung und dem Bekenntnis zur Qualit\u00e4t sind wir Ihre vertrauensw\u00fcrdige Quelle f\u00fcr Kupfer-Flex-Membranschalter. Unser Expertenteam kann Ihnen helfen, die perfekten Schalter f\u00fcr Ihre Anwendung zu entwerfen und herzustellen.<\/p>\n<p><strong>Kontaktieren Sie uns heute<\/strong>\u00a0um mehr \u00fcber unsere Kupfer-Flex-Membranschalter zu erfahren und wie wir Ihnen helfen k\u00f6nnen, \u00fcberlegene Leistung und Zuverl\u00e4ssigkeit in Ihren anspruchsvollen Anwendungen zu erzielen.<\/p>","protected":false},"excerpt":{"rendered":"<p>Steigern Sie die Leistung Ihres Produkts mit unseren hochmodernen Kupfer-Flex-Membranschaltern, die entwickelt wurden, um den Strapazen anspruchsvoller Umgebungen standzuhalten. Diese au\u00dfergew\u00f6hnlichen Schalter bieten \u00fcberlegene Haltbarkeit, Pr\u00e4zision und lang anhaltende Zuverl\u00e4ssigkeit und sind somit die ideale Wahl f\u00fcr unternehmenskritische Anwendungen.<\/p>","protected":false},"featured_media":1747,"template":"","meta":[],"product_brand":[],"product_cat":[40],"product_tag":[],"class_list":{"0":"post-1774","1":"product","2":"type-product","3":"status-publish","4":"has-post-thumbnail","6":"product_cat-membrane-switch","8":"first","9":"instock","10":"shipping-taxable","11":"product-type-simple"},"_links":{"self":[{"href":"https:\/\/membraneswitchmfg.com\/de\/wp-json\/wp\/v2\/product\/1774","targetHints":{"allow":["GET"]}}],"collection":[{"href":"https:\/\/membraneswitchmfg.com\/de\/wp-json\/wp\/v2\/product"}],"about":[{"href":"https:\/\/membraneswitchmfg.com\/de\/wp-json\/wp\/v2\/types\/product"}],"wp:featuredmedia":[{"embeddable":true,"href":"https:\/\/membraneswitchmfg.com\/de\/wp-json\/wp\/v2\/media\/1747"}],"wp:attachment":[{"href":"https:\/\/membraneswitchmfg.com\/de\/wp-json\/wp\/v2\/media?parent=1774"}],"wp:term":[{"taxonomy":"product_brand","embeddable":true,"href":"https:\/\/membraneswitchmfg.com\/de\/wp-json\/wp\/v2\/product_brand?post=1774"},{"taxonomy":"product_cat","embeddable":true,"href":"https:\/\/membraneswitchmfg.com\/de\/wp-json\/wp\/v2\/product_cat?post=1774"},{"taxonomy":"product_tag","embeddable":true,"href":"https:\/\/membraneswitchmfg.com\/de\/wp-json\/wp\/v2\/product_tag?post=1774"}],"curies":[{"name":"wp","href":"https:\/\/api.w.org\/{rel}","templated":true}]}}