{"id":1775,"date":"2024-06-24T05:57:57","date_gmt":"2024-06-24T05:57:57","guid":{"rendered":"https:\/\/membraneswitchmfg.com\/manufacturer\/pcb-membrane-switch\/"},"modified":"2024-06-25T11:50:52","modified_gmt":"2024-06-25T11:50:52","slug":"pcb-membrane-switch","status":"publish","type":"product","link":"https:\/\/membraneswitchmfg.com\/de\/manufacturer\/pcb-membrane-switch\/","title":{"rendered":"PCB-Membranschalter"},"content":{"rendered":"<h2><strong><b>PCB-Folientastatur: Eine Fusion aus Leistung und Vielseitigkeit<\/b><\/strong><\/h2>\n<p><strong>Unvergleichliche Leistung und Vielseitigkeit<\/strong><\/p>\n<p>PCB-Folientastaturen sind bekannt f\u00fcr ihre:<\/p>\n<ul>\n<li><strong>D\u00fcnnes und leichtes Design f\u00fcr einfache Integration<\/strong><\/li>\n<li><strong>Taktiles Feedback f\u00fcr verbesserte Benutzerinteraktion<\/strong><\/li>\n<li><strong>Lange Lebensdauer mit Millionen von Bet\u00e4tigungen<\/strong><\/li>\n<li><strong>Best\u00e4ndigkeit gegen Feuchtigkeit, Staub und raue Umgebungen<\/strong><\/li>\n<li><strong>Nahtlose Integration mit Leiterplatten f\u00fcr erweiterte Funktionalit\u00e4ten<\/strong><\/li>\n<\/ul>\n<p><strong>Kosteng\u00fcnstige L\u00f6sungen f\u00fcr Ihre Bed\u00fcrfnisse<\/strong><\/p>\n<p>PCB-Folientastaturen bieten ein ausgewogenes Verh\u00e4ltnis von Leistung und Erschwinglichkeit und sind somit ideal f\u00fcr Anwendungen, bei denen:<\/p>\n<ul>\n<li><strong>Das Budget ein Hauptanliegen ist<\/strong><\/li>\n<li><strong>Gro\u00dfe Mengen ben\u00f6tigt werden<\/strong><\/li>\n<li><strong>Platzbeschr\u00e4nkungen ein Faktor sind<\/strong><\/li>\n<li><strong>Erweiterte Funktionalit\u00e4ten ben\u00f6tigt werden<\/strong><\/li>\n<\/ul>\n<p><strong>Anwendungen<\/strong><\/p>\n<p>PCB-Folientastaturen werden in verschiedenen Branchen eingesetzt, darunter:<\/p>\n<ul>\n<li><strong>Unterhaltungselektronik<\/strong><\/li>\n<li><strong>Medizinische Ger\u00e4te<\/strong><\/li>\n<li><strong>Industrielle Schalttafeln<\/strong><\/li>\n<li><strong>Ger\u00e4te<\/strong><\/li>\n<li><strong>Und viele mehr<\/strong><\/li>\n<\/ul>\n<p><strong>Anpassbare Optionen<\/strong><\/p>\n<p>Wir bieten eine breite Palette von Anpassungsm\u00f6glichkeiten an Ihre spezifischen Bed\u00fcrfnisse, darunter:<\/p>\n<ul>\n<li><strong>Unterschiedliche Schaltergr\u00f6\u00dfen und -konfigurationen<\/strong><\/li>\n<li><strong>Benutzerdefinierte Grafiken und Hintergrundbeleuchtung<\/strong><\/li>\n<li><strong>Optionen f\u00fcr taktiles Feedback<\/strong><\/li>\n<li><strong>Umweltabdichtung und -schutz<\/strong><\/li>\n<\/ul>\n<p><strong>Arbeiten Sie mit einem erfahrenen Hersteller von Folientastatur-Leiterplatten zusammen<\/strong><\/p>\n<p>Mit jahrelanger Erfahrung und einem Engagement f\u00fcr Qualit\u00e4t sind wir Ihr vertrauensw\u00fcrdiger Hersteller von PCB-Folientastaturen. Unser Expertenteam kann Ihnen helfen, die perfekten Schalter f\u00fcr Ihre Anwendung zu entwerfen und herzustellen.<\/p>\n<p><strong><a href=\"https:\/\/membraneswitchmfg.com\/de\/contact\/\">Kontakt <\/a>heute<\/strong>\u00a0um mehr \u00fcber unsere PCB-Folientastaturen zu erfahren und wie wir Ihnen helfen k\u00f6nnen, Ihre Produktziele zu erreichen und gleichzeitig Ihr Budget einzuhalten.<\/p>","protected":false},"excerpt":{"rendered":"<p>Verbessern Sie Ihre Benutzeroberfl\u00e4che mit unseren PCB-Folientastaturen, die die Pr\u00e4zision von PCBs mit dem taktilen Feedback von Folientastaturen kombinieren. Diese vielseitigen Schalter bieten eine nahtlose Benutzererfahrung, verbesserte Haltbarkeit und kosteng\u00fcnstige L\u00f6sungen f\u00fcr eine Vielzahl von Anwendungen.<\/p>","protected":false},"featured_media":1757,"template":"","meta":[],"product_brand":[],"product_cat":[40],"product_tag":[],"class_list":{"0":"post-1775","1":"product","2":"type-product","3":"status-publish","4":"has-post-thumbnail","6":"product_cat-membrane-switch","8":"first","9":"instock","10":"shipping-taxable","11":"product-type-simple"},"_links":{"self":[{"href":"https:\/\/membraneswitchmfg.com\/de\/wp-json\/wp\/v2\/product\/1775","targetHints":{"allow":["GET"]}}],"collection":[{"href":"https:\/\/membraneswitchmfg.com\/de\/wp-json\/wp\/v2\/product"}],"about":[{"href":"https:\/\/membraneswitchmfg.com\/de\/wp-json\/wp\/v2\/types\/product"}],"wp:featuredmedia":[{"embeddable":true,"href":"https:\/\/membraneswitchmfg.com\/de\/wp-json\/wp\/v2\/media\/1757"}],"wp:attachment":[{"href":"https:\/\/membraneswitchmfg.com\/de\/wp-json\/wp\/v2\/media?parent=1775"}],"wp:term":[{"taxonomy":"product_brand","embeddable":true,"href":"https:\/\/membraneswitchmfg.com\/de\/wp-json\/wp\/v2\/product_brand?post=1775"},{"taxonomy":"product_cat","embeddable":true,"href":"https:\/\/membraneswitchmfg.com\/de\/wp-json\/wp\/v2\/product_cat?post=1775"},{"taxonomy":"product_tag","embeddable":true,"href":"https:\/\/membraneswitchmfg.com\/de\/wp-json\/wp\/v2\/product_tag?post=1775"}],"curies":[{"name":"wp","href":"https:\/\/api.w.org\/{rel}","templated":true}]}}