{"id":1776,"date":"2024-06-24T05:57:57","date_gmt":"2024-06-24T05:57:57","guid":{"rendered":"https:\/\/membraneswitchmfg.com\/manufacturer\/rubber-keypad-membrane-switch\/"},"modified":"2024-06-25T13:32:14","modified_gmt":"2024-06-25T13:32:14","slug":"rubber-keypad-membrane-switch","status":"publish","type":"product","link":"https:\/\/membraneswitchmfg.com\/de\/manufacturer\/rubber-keypad-membrane-switch\/","title":{"rendered":"Gummitastatur-Membranschalter"},"content":{"rendered":"<h2><strong><b>Gummi-Tastenfeld-Membranschalter: Erh\u00f6hte Haltbarkeit und taktiles Feedback<\/b><\/strong><\/h2>\n<p><strong>Un\u00fcbertroffene Haltbarkeit und taktile Reaktion<\/strong><\/p>\n<p>Gummi-Tastenfeld-Membranschalter sind auf Exzellenz ausgelegt und bieten:<\/p>\n<ul>\n<li><strong>Hochwertiger Silikongummi f\u00fcr \u00fcberlegene Haltbarkeit und Flexibilit\u00e4t<\/strong><\/li>\n<li><strong>Taktile Kuppeln f\u00fcr ein zufriedenstellendes und reaktionsschnelles Dr\u00fccken der Tasten<\/strong><\/li>\n<li><strong>Best\u00e4ndigkeit gegen Feuchtigkeit, Staub und raue Umgebungen<\/strong><\/li>\n<li><strong>Lange Lebensdauer mit Millionen von Bet\u00e4tigungen<\/strong><\/li>\n<\/ul>\n<p><strong>Erleben Sie die Vorteile<\/strong><\/p>\n<p>Mit Gummi-Tastenfeld-Membranschaltern k\u00f6nnen Sie Folgendes erwarten:<\/p>\n<ul>\n<li><strong>Reduzierte Ausfallzeiten und Wartungskosten<\/strong><\/li>\n<li><strong>Erh\u00f6hte Benutzerzufriedenheit und Produktbenutzerfreundlichkeit<\/strong><\/li>\n<li><strong>Verbesserte Produktleistung und Zuverl\u00e4ssigkeit<\/strong><\/li>\n<\/ul>\n<p><strong>Anwendungen<\/strong><\/p>\n<p>Gummi-Tastenfeld-Membranschalter eignen sich gut f\u00fcr eine Vielzahl von Anwendungen, einschlie\u00dflich:<\/p>\n<ul>\n<li><strong>Unterhaltungselektronik<\/strong><\/li>\n<li><strong>Medizinische Ger\u00e4te<\/strong><\/li>\n<li><strong>Industrielle Schalttafeln<\/strong><\/li>\n<li><strong>Telekommunikationsger\u00e4te<\/strong><\/li>\n<li><strong>Und viele mehr<\/strong><\/li>\n<\/ul>\n<p><strong>Anpassbare L\u00f6sungen<\/strong><\/p>\n<p>Wir bieten eine breite Palette von Anpassungsm\u00f6glichkeiten an Ihre spezifischen Bed\u00fcrfnisse, darunter:<\/p>\n<ul>\n<li><strong>Unterschiedliche Schaltergr\u00f6\u00dfen und -konfigurationen<\/strong><\/li>\n<li><strong>Benutzerdefinierte Grafiken und Hintergrundbeleuchtung<\/strong><\/li>\n<li><strong>Optionen f\u00fcr taktiles Feedback<\/strong><\/li>\n<li><strong>Umweltabdichtung und -schutz<\/strong><\/li>\n<\/ul>\n<p><strong>Arbeiten Sie mit einem erfahrenen Lieferanten von Silikonmembranschaltern zusammen<\/strong><\/p>\n<p>Mit jahrelanger Erfahrung und dem Bekenntnis zur Qualit\u00e4t sind wir Ihre vertrauensw\u00fcrdige Quelle f\u00fcr Gummi-Tastenfeld-Membranschalter. Unser Expertenteam kann Ihnen helfen, die perfekten Schalter f\u00fcr Ihre Anwendung zu entwerfen und herzustellen.<\/p>\n<p><strong>Kontaktieren Sie uns heute<\/strong>\u00a0um mehr \u00fcber unsere Gummi-Tastenfeld-Membranschalter zu erfahren und wie wir Ihnen helfen k\u00f6nnen, \u00fcberlegene Leistung, Haltbarkeit und Benutzerzufriedenheit in Ihren Produkten zu erzielen.<\/p>","protected":false},"excerpt":{"rendered":"<p>Erleben Sie die perfekte Mischung aus Haltbarkeit und haptischem Feedback mit unseren Gummitastenfeld-Membranschaltern. Diese vielseitigen Schalter bieten eine komfortable Benutzererfahrung, eine lange Lebensdauer und kosteng\u00fcnstige L\u00f6sungen f\u00fcr eine Vielzahl von Anwendungen.<\/p>","protected":false},"featured_media":1758,"template":"","meta":[],"product_brand":[],"product_cat":[40],"product_tag":[],"class_list":{"0":"post-1776","1":"product","2":"type-product","3":"status-publish","4":"has-post-thumbnail","6":"product_cat-membrane-switch","8":"first","9":"instock","10":"shipping-taxable","11":"product-type-simple"},"_links":{"self":[{"href":"https:\/\/membraneswitchmfg.com\/de\/wp-json\/wp\/v2\/product\/1776","targetHints":{"allow":["GET"]}}],"collection":[{"href":"https:\/\/membraneswitchmfg.com\/de\/wp-json\/wp\/v2\/product"}],"about":[{"href":"https:\/\/membraneswitchmfg.com\/de\/wp-json\/wp\/v2\/types\/product"}],"wp:featuredmedia":[{"embeddable":true,"href":"https:\/\/membraneswitchmfg.com\/de\/wp-json\/wp\/v2\/media\/1758"}],"wp:attachment":[{"href":"https:\/\/membraneswitchmfg.com\/de\/wp-json\/wp\/v2\/media?parent=1776"}],"wp:term":[{"taxonomy":"product_brand","embeddable":true,"href":"https:\/\/membraneswitchmfg.com\/de\/wp-json\/wp\/v2\/product_brand?post=1776"},{"taxonomy":"product_cat","embeddable":true,"href":"https:\/\/membraneswitchmfg.com\/de\/wp-json\/wp\/v2\/product_cat?post=1776"},{"taxonomy":"product_tag","embeddable":true,"href":"https:\/\/membraneswitchmfg.com\/de\/wp-json\/wp\/v2\/product_tag?post=1776"}],"curies":[{"name":"wp","href":"https:\/\/api.w.org\/{rel}","templated":true}]}}