{"id":1778,"date":"2024-06-24T05:57:57","date_gmt":"2024-06-24T05:57:57","guid":{"rendered":"https:\/\/membraneswitchmfg.com\/manufacturer\/nameplate\/"},"modified":"2024-07-25T09:10:27","modified_gmt":"2024-07-25T09:10:27","slug":"nameplate","status":"publish","type":"product","link":"https:\/\/membraneswitchmfg.com\/de\/manufacturer\/nameplate\/","title":{"rendered":"Typenschild"},"content":{"rendered":"<h2><strong><b>Namensschilder: Verbessern Sie die Identit\u00e4t und Funktionalit\u00e4t Ihres Produkts<\/b><\/strong><\/h2>\n<p><strong>Heben Sie die Identit\u00e4t Ihres Produkts hervor<\/strong><\/p>\n<p>Namensschilder spielen eine wichtige Rolle bei der Etablierung Ihrer Markenidentit\u00e4t:<\/p>\n<ul>\n<li><strong>Ihr Firmenlogo und Ihr Markenname werden gut sichtbar angebracht<\/strong><\/li>\n<li><strong>Verst\u00e4rkung Ihrer Markenbotschaft und Ihrer Werte<\/strong><\/li>\n<li><strong>Schaffung eines koh\u00e4renten und professionellen Markenimages<\/strong><\/li>\n<\/ul>\n<p><strong>\u00dcbermittlung wesentlicher Informationen<\/strong><\/p>\n<p>Namensschilder vermitteln auf wirksame Weise wichtige Produktinformationen, einschlie\u00dflich<\/p>\n<ul>\n<li><strong>Produktname und Modellnummer<\/strong><\/li>\n<li><strong>Gesetzliche Kennzeichnungen und Zertifizierungen<\/strong><\/li>\n<li><strong>Betriebsanweisungen und Warnhinweise<\/strong><\/li>\n<li><strong>Kontaktinformationen f\u00fcr den Support<\/strong><\/li>\n<\/ul>\n<p><strong>Verbesserung der Produktfunktionalit\u00e4t<\/strong><\/p>\n<p>Namensschilder k\u00f6nnen auch funktionale Elemente enthalten, wie z. B.:<\/p>\n<ul>\n<li><strong>Drucktasten-Folientaster f\u00fcr Benutzerinteraktion<\/strong><\/li>\n<li><strong>LED-Anzeigen f\u00fcr Status-Updates<\/strong><\/li>\n<li><strong>Barcode-Etiketten zur einfachen Identifizierung<\/strong><\/li>\n<\/ul>\n<p><strong>Anwendungen<\/strong><\/p>\n<p>Typenschilder werden in einer Vielzahl von Anwendungen eingesetzt, z. B:<\/p>\n<ul>\n<li><strong>Industrielle Schalttafeln<\/strong><\/li>\n<li><strong>Medizinische Ger\u00e4te<\/strong><\/li>\n<li><strong>Unterhaltungselektronik<\/strong><\/li>\n<li><strong>Ger\u00e4te<\/strong><\/li>\n<li><strong>Maschinen und Ausr\u00fcstung<\/strong><\/li>\n<\/ul>\n<p><strong>Anpassbare L\u00f6sungen<\/strong><\/p>\n<p>Wir bieten eine breite Palette von Anpassungsm\u00f6glichkeiten an Ihre spezifischen Bed\u00fcrfnisse, darunter:<\/p>\n<ul>\n<li><strong>Vielfalt an Materialien und Oberfl\u00e4chen<\/strong><\/li>\n<li><strong>Individuelle Grafiken und Designs<\/strong><\/li>\n<li><strong>Hintergrundbeleuchtung und Beleuchtungsoptionen<\/strong><\/li>\n<li><strong>Pr\u00e4gung und Texturen<\/strong><\/li>\n<\/ul>\n<p><strong>Partnerschaft mit einem erfahrenen Typenschildhersteller<\/strong><\/p>\n<p>Mit unserer langj\u00e4hrigen Erfahrung und unserem Engagement f\u00fcr Qualit\u00e4t sind wir Ihre vertrauensw\u00fcrdige Quelle f\u00fcr individuelle Namensschilder. Unser Expertenteam unterst\u00fctzt Sie bei der Entwicklung und Herstellung der perfekten Namensschilder, die die Identit\u00e4t, Funktionalit\u00e4t und \u00c4sthetik Ihres Produkts unterstreichen.<\/p>\n<p>Kontaktieren Sie uns noch heute, um mehr \u00fcber unsere Typenschildl\u00f6sungen zu erfahren und wie wir Ihnen helfen k\u00f6nnen, Ihre Produkte aufzuwerten.<\/p>\n<p><strong>Zus\u00e4tzliche Schl\u00fcsselw\u00f6rter:<\/strong>\u00a0Drucktasten-Folientaster, Schaltertyp Membran, Typenschild<\/p>","protected":false},"excerpt":{"rendered":"<p>Typenschilder, auch bekannt als Frontplatten oder Kennzeichnungsschilder, dienen als das Gesicht Ihres elektronischen Ger\u00e4ts, vermitteln wichtige Informationen und verbessern dessen allgemeine \u00c4sthetik. Diese robusten Paneele bestehen typischerweise aus Kunststoff oder Metall und werden individuell mit Firmenlogos, Branding-Elementen und Produktspezifikationen bedruckt.<\/p>","protected":false},"featured_media":1755,"template":"","meta":[],"product_brand":[],"product_cat":[15],"product_tag":[],"class_list":{"0":"post-1778","1":"product","2":"type-product","3":"status-publish","4":"has-post-thumbnail","6":"product_cat-print-label","8":"first","9":"instock","10":"shipping-taxable","11":"product-type-simple"},"_links":{"self":[{"href":"https:\/\/membraneswitchmfg.com\/de\/wp-json\/wp\/v2\/product\/1778","targetHints":{"allow":["GET"]}}],"collection":[{"href":"https:\/\/membraneswitchmfg.com\/de\/wp-json\/wp\/v2\/product"}],"about":[{"href":"https:\/\/membraneswitchmfg.com\/de\/wp-json\/wp\/v2\/types\/product"}],"wp:featuredmedia":[{"embeddable":true,"href":"https:\/\/membraneswitchmfg.com\/de\/wp-json\/wp\/v2\/media\/1755"}],"wp:attachment":[{"href":"https:\/\/membraneswitchmfg.com\/de\/wp-json\/wp\/v2\/media?parent=1778"}],"wp:term":[{"taxonomy":"product_brand","embeddable":true,"href":"https:\/\/membraneswitchmfg.com\/de\/wp-json\/wp\/v2\/product_brand?post=1778"},{"taxonomy":"product_cat","embeddable":true,"href":"https:\/\/membraneswitchmfg.com\/de\/wp-json\/wp\/v2\/product_cat?post=1778"},{"taxonomy":"product_tag","embeddable":true,"href":"https:\/\/membraneswitchmfg.com\/de\/wp-json\/wp\/v2\/product_tag?post=1778"}],"curies":[{"name":"wp","href":"https:\/\/api.w.org\/{rel}","templated":true}]}}