{"id":1781,"date":"2024-06-24T05:57:57","date_gmt":"2024-06-24T05:57:57","guid":{"rendered":"https:\/\/membraneswitchmfg.com\/manufacturer\/membrane-switch-back-support\/"},"modified":"2024-07-25T08:37:56","modified_gmt":"2024-07-25T08:37:56","slug":"membrane-switch-back-support","status":"publish","type":"product","link":"https:\/\/membraneswitchmfg.com\/de\/manufacturer\/membrane-switch-back-support\/","title":{"rendered":"Membranschalter + R\u00fcckenst\u00fctze"},"content":{"rendered":"<h2><strong><b>Membranschalter + R\u00fcckenst\u00fctze: Verbesserte Langlebigkeit und Funktionalit\u00e4t<\/b><\/strong><\/h2>\n<p><strong>Verbesserte Langlebigkeit und Stabilit\u00e4t<\/strong><\/p>\n<p>Die R\u00fcckenst\u00fctze bietet eine stabile Grundlage f\u00fcr den Membranschalter, was seine Haltbarkeit und Lebensdauer erheblich verbessert. Dies ist besonders vorteilhaft in Umgebungen, in denen der Schalter h\u00e4ufigem Gebrauch oder rauen Bedingungen ausgesetzt ist.<\/p>\n<ul>\n<li><strong>Widersteht Verformung und Verschlei\u00df<\/strong><\/li>\n<li><strong>Sch\u00fctzt den Schalter vor St\u00f6\u00dfen und Vibrationen<\/strong><\/li>\n<li><strong>Verl\u00e4ngert die Lebensdauer des Schalters<\/strong><\/li>\n<\/ul>\n<p><strong>Verbesserte Funktionalit\u00e4t und Montageoptionen<\/strong><\/p>\n<p>Die hintere Halterung erleichtert die sichere und pr\u00e4zise Montage des Membranschalters und gew\u00e4hrleistet die korrekte Ausrichtung und Funktion. Sie erm\u00f6glicht auch die Integration zus\u00e4tzlicher Komponenten, wie LEDs und Steckverbinder.<\/p>\n<ul>\n<li><strong>Erm\u00f6glicht b\u00fcndige oder erh\u00f6hte Montage<\/strong><\/li>\n<li><strong>Bietet Befestigungsl\u00f6cher und Bolzen<\/strong><\/li>\n<li><strong>Erm\u00f6glicht die Integration von Elektronik<\/strong><\/li>\n<\/ul>\n<p><strong>Verbesserte \u00c4sthetik und professionelles Erscheinungsbild<\/strong><\/p>\n<p>Die R\u00fcckenst\u00fctze verbessert die Gesamt\u00e4sthetik des Membranschalters und sorgt f\u00fcr ein professionelleres und optisch ansprechenderes Erscheinungsbild. Sie kann mit Farben, Texturen und Oberfl\u00e4chen angepasst werden, um dem Design des Ger\u00e4ts zu entsprechen.<\/p>\n<ul>\n<li><strong>Schlankes und modernes Design<\/strong><\/li>\n<li><strong>Vielfalt an Farben und Ausf\u00fchrungen<\/strong><\/li>\n<li><strong>Anpassbare Grafiken und Logos<\/strong><\/li>\n<\/ul>\n<p><strong>Anwendungen<\/strong><\/p>\n<p>Membranschalter mit R\u00fcckenst\u00fctze sind in verschiedenen Anwendungen weit verbreitet, darunter:<\/p>\n<ul>\n<li><strong>Industrielle Schalttafeln<\/strong><\/li>\n<li><strong>Medizinische Ger\u00e4te<\/strong><\/li>\n<li><strong>Unterhaltungselektronik<\/strong><\/li>\n<li><strong>Telekommunikationsger\u00e4te<\/strong><\/li>\n<li><strong>Transport-Konsolen<\/strong><\/li>\n<\/ul>\n<p><strong>Anpassbare L\u00f6sungen<\/strong><\/p>\n<p>Wir bieten eine breite Palette von Anpassungsm\u00f6glichkeiten an Ihre spezifischen Bed\u00fcrfnisse, darunter:<\/p>\n<ul>\n<li><strong>Unterschiedliche Materialien f\u00fcr die R\u00fcckenlehne (Aluminium, Kunststoff usw.)<\/strong><\/li>\n<li><strong>Individuelle Abmessungen und Formen<\/strong><\/li>\n<li><strong>Ausschnitte und L\u00f6cher f\u00fcr Komponenten<\/strong><\/li>\n<li><strong>Oberfl\u00e4chenbehandlung und -veredelung<\/strong><\/li>\n<\/ul>\n<p><strong>Partnerschaft mit einem erfahrenen Hersteller von Membranschaltern<\/strong><\/p>\n<p>Mit unserer langj\u00e4hrigen Erfahrung und unserem Engagement f\u00fcr Qualit\u00e4t sind wir Ihre zuverl\u00e4ssige Quelle f\u00fcr kundenspezifische Membranschalter mit R\u00fcckenst\u00fctze. Unser Expertenteam kann Ihnen bei der Entwicklung und Herstellung der perfekten Schalter helfen, um die Haltbarkeit, Funktionalit\u00e4t und \u00c4sthetik Ihres Produkts zu verbessern.<\/p>\n<p><strong>Kontaktieren Sie uns heute<\/strong>\u00a0um mehr \u00fcber unsere Membranschalterl\u00f6sungen mit R\u00fcckenst\u00fctze zu erfahren und wie wir Ihnen helfen k\u00f6nnen, Ihre Produkte aufzuwerten.<\/p>\n<p><strong>Zus\u00e4tzliche Schl\u00fcsselw\u00f6rter:<\/strong>\u00a0flexibler Membranschalter, Ein-Aus-Membranschalter<\/p>","protected":false},"excerpt":{"rendered":"<p>Membranschalter in Kombination mit einer R\u00fcckwand bieten eine robuste und vielseitige L\u00f6sung f\u00fcr Benutzeroberfl\u00e4chen, die das taktile Feedback von Membranschaltern mit der strukturellen Integrit\u00e4t einer R\u00fcckwand kombiniert. Diese Integration erh\u00f6ht die Haltbarkeit, Funktionalit\u00e4t und \u00c4sthetik des Schalters und macht ihn ideal f\u00fcr eine Vielzahl von Anwendungen.<\/p>","protected":false},"featured_media":1754,"template":"","meta":[],"product_brand":[],"product_cat":[40],"product_tag":[],"class_list":{"0":"post-1781","1":"product","2":"type-product","3":"status-publish","4":"has-post-thumbnail","6":"product_cat-membrane-switch","8":"first","9":"instock","10":"shipping-taxable","11":"product-type-simple"},"_links":{"self":[{"href":"https:\/\/membraneswitchmfg.com\/de\/wp-json\/wp\/v2\/product\/1781","targetHints":{"allow":["GET"]}}],"collection":[{"href":"https:\/\/membraneswitchmfg.com\/de\/wp-json\/wp\/v2\/product"}],"about":[{"href":"https:\/\/membraneswitchmfg.com\/de\/wp-json\/wp\/v2\/types\/product"}],"wp:featuredmedia":[{"embeddable":true,"href":"https:\/\/membraneswitchmfg.com\/de\/wp-json\/wp\/v2\/media\/1754"}],"wp:attachment":[{"href":"https:\/\/membraneswitchmfg.com\/de\/wp-json\/wp\/v2\/media?parent=1781"}],"wp:term":[{"taxonomy":"product_brand","embeddable":true,"href":"https:\/\/membraneswitchmfg.com\/de\/wp-json\/wp\/v2\/product_brand?post=1781"},{"taxonomy":"product_cat","embeddable":true,"href":"https:\/\/membraneswitchmfg.com\/de\/wp-json\/wp\/v2\/product_cat?post=1781"},{"taxonomy":"product_tag","embeddable":true,"href":"https:\/\/membraneswitchmfg.com\/de\/wp-json\/wp\/v2\/product_tag?post=1781"}],"curies":[{"name":"wp","href":"https:\/\/api.w.org\/{rel}","templated":true}]}}