{"id":1782,"date":"2024-06-24T05:57:57","date_gmt":"2024-06-24T05:57:57","guid":{"rendered":"https:\/\/membraneswitchmfg.com\/manufacturer\/membrane-switch-touch-screen\/"},"modified":"2024-06-25T13:51:39","modified_gmt":"2024-06-25T13:51:39","slug":"membrane-switch-touch-screen","status":"publish","type":"product","link":"https:\/\/membraneswitchmfg.com\/de\/manufacturer\/membrane-switch-touch-screen\/","title":{"rendered":"Membranschalter + Touchscreen"},"content":{"rendered":"<h2><strong><b>Membranschalter + Touchscreen: Nahtlose Integration f\u00fcr ein verbessertes Benutzererlebnis<\/b><\/strong><\/h2>\n<p><strong>Verbesserte Benutzerfreundlichkeit und Zug\u00e4nglichkeit<\/strong><\/p>\n<p>Membranschalter mit Touchscreen bieten eine intuitivere und benutzerfreundlichere Schnittstelle:<\/p>\n<ul>\n<li><strong>Kombination von taktilem Feedback mit visuellen Hinweisen<\/strong><\/li>\n<li><strong>Erm\u00f6glichung einer einfachen Navigation und Auswahl<\/strong><\/li>\n<li><strong>Ber\u00fccksichtigung einer gr\u00f6\u00dferen Bandbreite von Nutzerpr\u00e4ferenzen<\/strong><\/li>\n<\/ul>\n<p><strong>Erh\u00f6hte Funktionalit\u00e4t und Anpassbarkeit<\/strong><\/p>\n<p>Diese Integration erm\u00f6glicht die Einbindung fortschrittlicher Funktionen, wie z. B.:<\/p>\n<ul>\n<li><strong>Anpassbare Grafiken und Symbole<\/strong><\/li>\n<li><strong>Interaktive Men\u00fcs und Anzeigen<\/strong><\/li>\n<li><strong>Dateneingabe und -kontrolle<\/strong><\/li>\n<\/ul>\n<p><strong>Vielf\u00e4ltige Gestaltungsm\u00f6glichkeiten<\/strong><\/p>\n<p>Membranschalter mit Touchscreens k\u00f6nnen an spezifische Designanforderungen angepasst werden, z. B.:<\/p>\n<ul>\n<li><strong>Unterschiedliche Schaltergr\u00f6\u00dfen und -konfigurationen<\/strong><\/li>\n<li><strong>Touchscreen-Displaygr\u00f6\u00dfen und -Technologien<\/strong><\/li>\n<li><strong>Hintergrundbeleuchtung und Beleuchtungsoptionen<\/strong><\/li>\n<li><strong>\u00c4sthetische Integration in das Ger\u00e4tedesign<\/strong><\/li>\n<\/ul>\n<p><strong>Anwendungen<\/strong><\/p>\n<p>Folientastaturen mit Touchscreens werden in vielen verschiedenen Anwendungen eingesetzt, z. B:<\/p>\n<ul>\n<li><strong>Industrielle Schalttafeln<\/strong><\/li>\n<li><strong>Medizinische Ger\u00e4te<\/strong><\/li>\n<li><strong>Unterhaltungselektronik<\/strong><\/li>\n<li><strong>Haushaltsger\u00e4te<\/strong><\/li>\n<li><strong>\u00d6ffentliche Kioske<\/strong><\/li>\n<\/ul>\n<p><strong>Anpassbare L\u00f6sungen<\/strong><\/p>\n<p>Wir bieten eine breite Palette von Anpassungsm\u00f6glichkeiten an Ihre spezifischen Bed\u00fcrfnisse, darunter:<\/p>\n<ul>\n<li><strong>Auswahl von Materialien und Ausf\u00fchrungen f\u00fcr Membranschalter<\/strong><\/li>\n<li><strong>Touchscreen-Technologie und Aufl\u00f6sung<\/strong><\/li>\n<li><strong>Benutzerdefinierte Grafiken und Gestaltung der Benutzeroberfl\u00e4che<\/strong><\/li>\n<li><strong>Integration mit zus\u00e4tzlichen Komponenten<\/strong><\/li>\n<\/ul>\n<p><strong>Partnerschaft mit einem erfahrenen Hersteller von Membranschaltern und Touchscreens<\/strong><\/p>\n<p>Mit unserer langj\u00e4hrigen Erfahrung und unserem Engagement f\u00fcr Qualit\u00e4t sind wir Ihre vertrauensw\u00fcrdige Quelle f\u00fcr kundenspezifische Membranschalter mit Touchscreen. Unser Expertenteam kann Ihnen helfen, die perfekte L\u00f6sung zu entwerfen und herzustellen, um die Benutzerfreundlichkeit, Funktionalit\u00e4t und \u00c4sthetik Ihres Produkts zu verbessern.<\/p>\n<p><strong>Kontaktieren Sie uns heute<\/strong>\u00a0um mehr \u00fcber unsere Membranschalter- und Touchscreen-L\u00f6sungen zu erfahren und wie wir Ihnen helfen k\u00f6nnen, Ihre Produkte aufzuwerten.<\/p>","protected":false},"excerpt":{"rendered":"<p>Membranschalter und Touchscreens k\u00f6nnen nahtlos integriert werden, um eine Benutzeroberfl\u00e4che zu schaffen, die das taktile Feedback von Membranschaltern mit der visuellen Interaktivit\u00e4t von Touchscreens kombiniert. Diese innovative Kombination bietet eine vielseitige und benutzerfreundliche L\u00f6sung f\u00fcr eine breite Palette von Anwendungen.<\/p>","protected":false},"featured_media":1762,"template":"","meta":[],"product_brand":[],"product_cat":[40],"product_tag":[],"class_list":{"0":"post-1782","1":"product","2":"type-product","3":"status-publish","4":"has-post-thumbnail","6":"product_cat-membrane-switch","8":"first","9":"instock","10":"shipping-taxable","11":"product-type-simple"},"_links":{"self":[{"href":"https:\/\/membraneswitchmfg.com\/de\/wp-json\/wp\/v2\/product\/1782","targetHints":{"allow":["GET"]}}],"collection":[{"href":"https:\/\/membraneswitchmfg.com\/de\/wp-json\/wp\/v2\/product"}],"about":[{"href":"https:\/\/membraneswitchmfg.com\/de\/wp-json\/wp\/v2\/types\/product"}],"wp:featuredmedia":[{"embeddable":true,"href":"https:\/\/membraneswitchmfg.com\/de\/wp-json\/wp\/v2\/media\/1762"}],"wp:attachment":[{"href":"https:\/\/membraneswitchmfg.com\/de\/wp-json\/wp\/v2\/media?parent=1782"}],"wp:term":[{"taxonomy":"product_brand","embeddable":true,"href":"https:\/\/membraneswitchmfg.com\/de\/wp-json\/wp\/v2\/product_brand?post=1782"},{"taxonomy":"product_cat","embeddable":true,"href":"https:\/\/membraneswitchmfg.com\/de\/wp-json\/wp\/v2\/product_cat?post=1782"},{"taxonomy":"product_tag","embeddable":true,"href":"https:\/\/membraneswitchmfg.com\/de\/wp-json\/wp\/v2\/product_tag?post=1782"}],"curies":[{"name":"wp","href":"https:\/\/api.w.org\/{rel}","templated":true}]}}