{"id":1783,"date":"2024-06-24T05:57:57","date_gmt":"2024-06-24T05:57:57","guid":{"rendered":"https:\/\/membraneswitchmfg.com\/manufacturer\/oca-membrane-switch-keypad\/"},"modified":"2024-06-25T14:00:06","modified_gmt":"2024-06-25T14:00:06","slug":"oca-membrane-switch-keypad","status":"publish","type":"product","link":"https:\/\/membraneswitchmfg.com\/de\/manufacturer\/oca-membrane-switch-keypad\/","title":{"rendered":"OCA-Membranschalter-Tastatur"},"content":{"rendered":"<h2><strong><b>OCA-Membranschalter-Tastatur: Verbesserte Langlebigkeit und taktile Reaktion<\/b><\/strong><\/h2>\n<p><strong>Verbesserte Langlebigkeit und Wasserbest\u00e4ndigkeit<\/strong><\/p>\n<p>OCA-Folientastaturen sind au\u00dfergew\u00f6hnlich langlebig und halten auch rauen Bedingungen und h\u00e4ufigem Gebrauch stand. Die OCA-Schicht bietet eine Schutzbarriere gegen Feuchtigkeit, Staub und Verunreinigungen und verl\u00e4ngert so die Lebensdauer der Tastatur.<\/p>\n<ul>\n<li><strong>Widerstandsf\u00e4hig gegen Wasser, Chemikalien und UV-Strahlen<\/strong><\/li>\n<li><strong>H\u00e4lt extremen Temperaturen und Vibrationen stand<\/strong><\/li>\n<li><strong>Geeignet f\u00fcr Au\u00dfenbereiche und industrielle Umgebungen<\/strong><\/li>\n<\/ul>\n<p><strong>Hervorragende taktile Reaktion und knackiges Feedback<\/strong><\/p>\n<p>OCA-Folientastaturen bieten eine pr\u00e4zise und konsistente taktile Reaktion, die eine genaue und zuverl\u00e4ssige Benutzereingabe gew\u00e4hrleistet. Die OCA-Schicht verbessert den Tastenhub und bietet ein deutliches Klick-Feedback f\u00fcr eine positive Benutzerbest\u00e4tigung.<\/p>\n<ul>\n<li><strong>Pr\u00e4zise und konsistente Tastenbet\u00e4tigung<\/strong><\/li>\n<li><strong>Knackiges Klick-Feedback f\u00fcr taktile Best\u00e4tigung<\/strong><\/li>\n<li><strong>Minimiert Fehler und verbessert die Benutzerfreundlichkeit<\/strong><\/li>\n<\/ul>\n<p><strong>Verbesserte visuelle Klarheit und Hintergrundbeleuchtungsoptionen<\/strong><\/p>\n<p>OCA-Folientastaturen bieten eine au\u00dfergew\u00f6hnliche visuelle Klarheit mit gestochen scharfen Beschriftungen und Symbolen, die auch bei schwachem Licht leicht zu lesen sind. Die OCA-Schicht erm\u00f6glicht eine gleichm\u00e4\u00dfige Hintergrundbeleuchtung und sorgt f\u00fcr klare Sicht bei schlechten Lichtverh\u00e4ltnissen.<\/p>\n<ul>\n<li><strong>Scharfe und gut lesbare Legenden und Symbole<\/strong><\/li>\n<li><strong>Einheitliche Hintergrundbeleuchtungsoptionen f\u00fcr bessere Sichtbarkeit<\/strong><\/li>\n<li><strong>Anpassbare Grafiken und Branding-Elemente<\/strong><\/li>\n<\/ul>\n<p><strong>Anwendungen<\/strong><\/p>\n<p>OCA-Folientastaturen werden in vielen verschiedenen Anwendungen eingesetzt, darunter:<\/p>\n<ul>\n<li><strong>Industrielle Schalttafeln<\/strong><\/li>\n<li><strong>Medizinische Ger\u00e4te<\/strong><\/li>\n<li><strong>Unterhaltungselektronik<\/strong><\/li>\n<li><strong>Telekommunikationsger\u00e4te<\/strong><\/li>\n<li><strong>Transport-Konsolen<\/strong><\/li>\n<\/ul>\n<p><strong>Anpassbare L\u00f6sungen<\/strong><\/p>\n<p>Wir bieten eine breite Palette von Anpassungsm\u00f6glichkeiten an Ihre spezifischen Bed\u00fcrfnisse, darunter:<\/p>\n<ul>\n<li><strong>Vielzahl von Schl\u00fcsselgr\u00f6\u00dfen, Layouts und Konfigurationen<\/strong><\/li>\n<li><strong>Individuelle Grafiken, Legenden und Branding-Elemente<\/strong><\/li>\n<li><strong>Hintergrundbeleuchtungsoptionen und Farben<\/strong><\/li>\n<li><strong>Integration mit zus\u00e4tzlichen Komponenten<\/strong><\/li>\n<\/ul>\n<p><strong>Partnerschaft mit einem erfahrenen Hersteller von OCA-Folientastaturen<\/strong><\/p>\n<p>Mit unserer langj\u00e4hrigen Erfahrung und unserem Engagement f\u00fcr Qualit\u00e4t sind wir Ihre vertrauensw\u00fcrdige Quelle f\u00fcr kundenspezifische OCA-Folientastaturen. Unser Expertenteam unterst\u00fctzt Sie bei der Entwicklung und Herstellung der perfekten Tastenfelder, um die Haltbarkeit, die taktile Reaktion, die visuelle Klarheit und die Gesamtleistung Ihres Produkts zu verbessern.<\/p>\n<p><strong>Kontaktieren Sie uns heute<\/strong>\u00a0um mehr \u00fcber unsere OCA-Folientastaturl\u00f6sungen zu erfahren und wie wir Ihnen helfen k\u00f6nnen, Ihre Produkte aufzuwerten.<\/p>","protected":false},"excerpt":{"rendered":"<p>OCA (Optically Clear Adhesive) Membrantastaturen bieten eine \u00fcberlegene Alternative zu herk\u00f6mmlichen Membrantastaturen und zeichnen sich durch verbesserte Haltbarkeit, taktile R\u00fcckmeldung und optische Klarheit aus. Diese innovativen Tastaturen sind ideal f\u00fcr Anwendungen, die hohe Leistung und Zuverl\u00e4ssigkeit in anspruchsvollen Umgebungen erfordern.<\/p>","protected":false},"featured_media":1756,"template":"","meta":[],"product_brand":[],"product_cat":[40],"product_tag":[],"class_list":{"0":"post-1783","1":"product","2":"type-product","3":"status-publish","4":"has-post-thumbnail","6":"product_cat-membrane-switch","8":"first","9":"instock","10":"shipping-taxable","11":"product-type-simple"},"_links":{"self":[{"href":"https:\/\/membraneswitchmfg.com\/de\/wp-json\/wp\/v2\/product\/1783","targetHints":{"allow":["GET"]}}],"collection":[{"href":"https:\/\/membraneswitchmfg.com\/de\/wp-json\/wp\/v2\/product"}],"about":[{"href":"https:\/\/membraneswitchmfg.com\/de\/wp-json\/wp\/v2\/types\/product"}],"wp:featuredmedia":[{"embeddable":true,"href":"https:\/\/membraneswitchmfg.com\/de\/wp-json\/wp\/v2\/media\/1756"}],"wp:attachment":[{"href":"https:\/\/membraneswitchmfg.com\/de\/wp-json\/wp\/v2\/media?parent=1783"}],"wp:term":[{"taxonomy":"product_brand","embeddable":true,"href":"https:\/\/membraneswitchmfg.com\/de\/wp-json\/wp\/v2\/product_brand?post=1783"},{"taxonomy":"product_cat","embeddable":true,"href":"https:\/\/membraneswitchmfg.com\/de\/wp-json\/wp\/v2\/product_cat?post=1783"},{"taxonomy":"product_tag","embeddable":true,"href":"https:\/\/membraneswitchmfg.com\/de\/wp-json\/wp\/v2\/product_tag?post=1783"}],"curies":[{"name":"wp","href":"https:\/\/api.w.org\/{rel}","templated":true}]}}