{"id":1786,"date":"2024-06-24T05:57:57","date_gmt":"2024-06-24T05:57:57","guid":{"rendered":"https:\/\/membraneswitchmfg.com\/manufacturer\/medical-membrane-switches\/"},"modified":"2024-06-25T13:43:30","modified_gmt":"2024-06-25T13:43:30","slug":"medical-membrane-switches","status":"publish","type":"product","link":"https:\/\/membraneswitchmfg.com\/de\/manufacturer\/medical-membrane-switches\/","title":{"rendered":"Medizinischer Membranschalter"},"content":{"rendered":"<h2><strong><b>Medizinischer Membranschalter: Pr\u00e4zision, Zuverl\u00e4ssigkeit und Sicherheit f\u00fcr Anwendungen im Gesundheitswesen<\/b><\/strong><\/h2>\n<p><strong>Pr\u00e4zision und taktile Reaktion<\/strong><\/p>\n<p>Medizinische Folientaster bieten eine pr\u00e4zise Bet\u00e4tigung und eine konsistente taktile Reaktion, die selbst in anspruchsvollen Situationen eine pr\u00e4zise Benutzereingabe gew\u00e4hrleistet. Dies ist besonders wichtig f\u00fcr Ger\u00e4te, die in heiklen Verfahren eingesetzt werden oder bei denen die Sicherheit der Patienten an erster Stelle steht.<\/p>\n<ul>\n<li><strong>Pr\u00e4zise und konsistente Tastenanschl\u00e4ge f\u00fcr einen fehlerfreien Betrieb<\/strong><\/li>\n<li><strong>Deutliche taktile R\u00fcckmeldung f\u00fcr eine positive Benutzerbest\u00e4tigung<\/strong><\/li>\n<li><strong>Geeignet f\u00fcr Anwendungen, die hohe Pr\u00e4zision und Kontrolle erfordern<\/strong><\/li>\n<\/ul>\n<p><strong>Zuverl\u00e4ssigkeit und Langlebigkeit<\/strong><\/p>\n<p>Medizinische Folientastaturen sind so konstruiert, dass sie den Strapazen des Dauereinsatzes und scharfen Reinigungsmitteln standhalten und eine lange Lebensdauer in anspruchsvollen Gesundheitsumgebungen gew\u00e4hrleisten.<\/p>\n<ul>\n<li><strong>Langlebige Konstruktion f\u00fcr hohe Lebensdauer<\/strong><\/li>\n<li><strong>Best\u00e4ndig gegen Fl\u00fcssigkeiten, Chemikalien und Desinfektionsmittel<\/strong><\/li>\n<li><strong>Geeignet f\u00fcr stark frequentierte Bereiche und h\u00e4ufige Reinigung<\/strong><\/li>\n<\/ul>\n<p><strong>Sicherheit und Infektionskontrolle<\/strong><\/p>\n<p>Medizinische Folientastaturen sind sicherheitsorientiert konzipiert und verf\u00fcgen \u00fcber antimikrobielle Oberfl\u00e4chen und glatte, nicht por\u00f6se Oberfl\u00e4chen, die das Risiko einer Kreuzkontamination minimieren.<\/p>\n<ul>\n<li><strong>Antimikrobielle Oberfl\u00e4chen hemmen das Wachstum von Bakterien und Viren<\/strong><\/li>\n<li><strong>Glatte, nicht por\u00f6se Oberfl\u00e4chen sind leicht zu reinigen und zu desinfizieren<\/strong><\/li>\n<li><strong>Entspricht den einschl\u00e4gigen medizinischen Normen und Vorschriften<\/strong><\/li>\n<\/ul>\n<p><strong>Anwendungen<\/strong><\/p>\n<p>Medizinische Membranschalter werden in vielen Bereichen des Gesundheitswesens eingesetzt, z. B:<\/p>\n<ul>\n<li><strong>Bedienfelder f\u00fcr medizinische Ger\u00e4te<\/strong><\/li>\n<li><strong>Systeme zur Patienten\u00fcberwachung<\/strong><\/li>\n<li><strong>Chirurgische Instrumente<\/strong><\/li>\n<li><strong>Diagnostische Ausr\u00fcstung<\/strong><\/li>\n<li><strong>Laborausstattung<\/strong><\/li>\n<\/ul>\n<p><strong>Anpassbare L\u00f6sungen<\/strong><\/p>\n<p>Wir bieten eine breite Palette von Anpassungsm\u00f6glichkeiten an Ihre spezifischen Bed\u00fcrfnisse, darunter:<\/p>\n<ul>\n<li><strong>Eine Vielzahl von Schaltergr\u00f6\u00dfen, -formen und -konfigurationen<\/strong><\/li>\n<li><strong>Individuelle Grafiken, Legenden und Branding-Elemente<\/strong><\/li>\n<li><strong>Hintergrundbeleuchtung und Beleuchtungsoptionen<\/strong><\/li>\n<li><strong>Integration mit zus\u00e4tzlichen Komponenten<\/strong><\/li>\n<\/ul>\n<p><strong>Partnerschaft mit einem erfahrenen Hersteller von medizinischen Membranschaltern<\/strong><\/p>\n<p>Mit unserer langj\u00e4hrigen Erfahrung und unserem Engagement f\u00fcr Qualit\u00e4t sind wir Ihre zuverl\u00e4ssige Quelle f\u00fcr kundenspezifische medizinische Membranschalter. Unser Expertenteam unterst\u00fctzt Sie bei der Entwicklung und Herstellung der perfekten Schalter, die Ihren spezifischen Anwendungsanforderungen entsprechen und die Sicherheit und das Wohlbefinden der Patienten gew\u00e4hrleisten.<\/p>\n<p><strong>Kontaktieren Sie uns heute<\/strong>\u00a0um mehr \u00fcber unsere medizinischen Membranschalterl\u00f6sungen zu erfahren und wie wir Ihnen helfen k\u00f6nnen, Ihre medizinischen Ger\u00e4te aufzuwerten.<\/p>\n<p><strong>Zus\u00e4tzliche Schl\u00fcsselw\u00f6rter:<\/strong>\u00a0Membranschalter, industrieller Membranschalter<\/p>","protected":false},"excerpt":{"rendered":"<p>Medizinische Membranschalter sind so konzipiert, dass sie den strengen Anforderungen des Gesundheitswesens gerecht werden und pr\u00e4zise, zuverl\u00e4ssige und sichere Benutzerschnittstellen f\u00fcr eine Vielzahl von medizinischen Ger\u00e4ten bieten. Diese Schalter werden aus hochwertigen Materialien hergestellt und rigoros getestet, um eine optimale Leistung in kritischen Pflegesituationen zu gew\u00e4hrleisten.<\/p>","protected":false},"featured_media":1753,"template":"","meta":[],"product_brand":[],"product_cat":[40],"product_tag":[],"class_list":{"0":"post-1786","1":"product","2":"type-product","3":"status-publish","4":"has-post-thumbnail","6":"product_cat-membrane-switch","8":"first","9":"instock","10":"shipping-taxable","11":"product-type-simple"},"_links":{"self":[{"href":"https:\/\/membraneswitchmfg.com\/de\/wp-json\/wp\/v2\/product\/1786","targetHints":{"allow":["GET"]}}],"collection":[{"href":"https:\/\/membraneswitchmfg.com\/de\/wp-json\/wp\/v2\/product"}],"about":[{"href":"https:\/\/membraneswitchmfg.com\/de\/wp-json\/wp\/v2\/types\/product"}],"wp:featuredmedia":[{"embeddable":true,"href":"https:\/\/membraneswitchmfg.com\/de\/wp-json\/wp\/v2\/media\/1753"}],"wp:attachment":[{"href":"https:\/\/membraneswitchmfg.com\/de\/wp-json\/wp\/v2\/media?parent=1786"}],"wp:term":[{"taxonomy":"product_brand","embeddable":true,"href":"https:\/\/membraneswitchmfg.com\/de\/wp-json\/wp\/v2\/product_brand?post=1786"},{"taxonomy":"product_cat","embeddable":true,"href":"https:\/\/membraneswitchmfg.com\/de\/wp-json\/wp\/v2\/product_cat?post=1786"},{"taxonomy":"product_tag","embeddable":true,"href":"https:\/\/membraneswitchmfg.com\/de\/wp-json\/wp\/v2\/product_tag?post=1786"}],"curies":[{"name":"wp","href":"https:\/\/api.w.org\/{rel}","templated":true}]}}