{"id":1787,"date":"2024-06-24T05:57:57","date_gmt":"2024-06-24T05:57:57","guid":{"rendered":"https:\/\/membraneswitchmfg.com\/manufacturer\/3d-printed-flexible-membrane-keypad\/"},"modified":"2024-08-07T00:48:26","modified_gmt":"2024-08-07T00:48:26","slug":"3d-printed-flexible-membrane-keypad","status":"publish","type":"product","link":"https:\/\/membraneswitchmfg.com\/de\/manufacturer\/3d-printed-flexible-membrane-keypad\/","title":{"rendered":"3D-gedruckte flexible Membrantastatur"},"content":{"rendered":"<h2><strong><b>3D-gedruckte flexible Membrantastaturen: Revolutionierung von Benutzeroberfl\u00e4chen mit individuellen Designs<\/b><\/strong><\/h2>\n<p>\u00a0<\/p>\n<p><strong>Designfreiheit schaffen<\/strong><\/p>\n<p>3D-gedruckte, flexible Membrantastaturen l\u00f6sen sich von den traditionellen Designbeschr\u00e4nkungen und erm\u00f6glichen die Erstellung von:<\/p>\n<ul>\n<li>Verschlungene Formen und Geometrien<\/li>\n<li>Ma\u00dfgeschneiderte Grafiken und Branding-Elemente<\/li>\n<li>Ergonomisches Design f\u00fcr mehr Benutzerkomfort<\/li>\n<\/ul>\n<p>\u00a0<\/p>\n<p><strong>Ma\u00dfgeschneiderte Funktionalit\u00e4t und Integration<\/strong><\/p>\n<p>Der 3D-Druck erm\u00f6glicht die Integration zus\u00e4tzlicher Komponenten direkt in die Tastatur, wie z.B.:<\/p>\n<ul>\n<li>Sensoren und LEDs<\/li>\n<li>Kommunikationsmodule<\/li>\n<li>Touchscreen-Anzeigen<\/li>\n<\/ul>\n<p>\u00a0<\/p>\n<p><strong>Erh\u00f6hte Flexibilit\u00e4t und Langlebigkeit<\/strong><\/p>\n<p>3D-gedruckte flexible Membrantastaturen bieten au\u00dfergew\u00f6hnliche Flexibilit\u00e4t, passen sich gekr\u00fcmmten Oberfl\u00e4chen an und passen sich dynamischen Umgebungen an. Au\u00dferdem sind sie \u00e4u\u00dferst langlebig und halten auch rauen Bedingungen und h\u00e4ufigem Gebrauch stand.<\/p>\n<p>\u00a0<\/p>\n<p><strong>Anwendungen<\/strong><\/p>\n<p>3D-gedruckte flexible Membrantastaturen sind ideal f\u00fcr eine Vielzahl von Anwendungen, darunter<\/p>\n<ul>\n<li>Industrielle Schalttafeln<\/li>\n<li>Medizinische Ger\u00e4te<\/li>\n<li>Unterhaltungselektronik<\/li>\n<li>Wearable-Technologie<\/li>\n<li>Anwendungen in der Automobilindustrie und der Luft- und Raumfahrt<\/li>\n<\/ul>\n<p>\u00a0<\/p>\n<p><strong>Anpassbare L\u00f6sungen<\/strong><\/p>\n<p>Wir bieten eine breite Palette von Anpassungsm\u00f6glichkeiten an Ihre spezifischen Bed\u00fcrfnisse, darunter:<\/p>\n<ul>\n<li>Auswahl der Materialien und Eigenschaften<\/li>\n<li>Pr\u00e4zisionsdesign und Prototyping<\/li>\n<li>Integration von elektronischen Komponenten<\/li>\n<li>Hintergrundbeleuchtung und Beleuchtungsoptionen<\/li>\n<\/ul>\n<p>\u00a0<\/p>\n<p><strong>Partnerschaft mit einem Experten f\u00fcr 3D-Druck und Folientastaturen<\/strong><\/p>\n<p>Mit jahrelanger Erfahrung im 3D-Druck und in der Folientastaturtechnologie sind wir Ihr zuverl\u00e4ssiger Partner f\u00fcr die Entwicklung ma\u00dfgeschneiderter L\u00f6sungen, die genau Ihren Anforderungen entsprechen. Unser Expertenteam f\u00fchrt Sie durch den Designprozess und stellt sicher, dass Sie die perfekte Tastatur f\u00fcr Ihre Anwendung erhalten.<\/p>\n<p>\u00a0<\/p>\n<p><a href=\"https:\/\/membraneswitchmfg.com\/de\/contact\/\"><strong>Kontaktieren Sie uns heute<\/strong>\u00a0<\/a>um mehr \u00fcber unsere 3D-gedruckten flexiblen Membrantastaturen zu erfahren und wie wir Ihnen helfen k\u00f6nnen, Ihre Benutzeroberfl\u00e4chen zu revolutionieren.<\/p>","protected":false},"excerpt":{"rendered":"<p>3D-gedruckte flexible Membrantastaturen stellen einen bahnbrechenden Fortschritt in der Benutzerschnittstellentechnologie dar und bieten eine einzigartige Mischung aus Anpassbarkeit, Flexibilit\u00e4t und Haltbarkeit. Diese innovativen Tastaturen werden mit fortschrittlichen 3D-Drucktechniken hergestellt und erm\u00f6glichen die Erstellung komplexer Designs und ma\u00dfgeschneiderter L\u00f6sungen f\u00fcr eine breite Palette von Anwendungen.<\/p>","protected":false},"featured_media":1763,"template":"","meta":[],"product_brand":[],"product_cat":[40],"product_tag":[],"class_list":{"0":"post-1787","1":"product","2":"type-product","3":"status-publish","4":"has-post-thumbnail","6":"product_cat-membrane-switch","8":"first","9":"instock","10":"shipping-taxable","11":"product-type-simple"},"_links":{"self":[{"href":"https:\/\/membraneswitchmfg.com\/de\/wp-json\/wp\/v2\/product\/1787","targetHints":{"allow":["GET"]}}],"collection":[{"href":"https:\/\/membraneswitchmfg.com\/de\/wp-json\/wp\/v2\/product"}],"about":[{"href":"https:\/\/membraneswitchmfg.com\/de\/wp-json\/wp\/v2\/types\/product"}],"wp:featuredmedia":[{"embeddable":true,"href":"https:\/\/membraneswitchmfg.com\/de\/wp-json\/wp\/v2\/media\/1763"}],"wp:attachment":[{"href":"https:\/\/membraneswitchmfg.com\/de\/wp-json\/wp\/v2\/media?parent=1787"}],"wp:term":[{"taxonomy":"product_brand","embeddable":true,"href":"https:\/\/membraneswitchmfg.com\/de\/wp-json\/wp\/v2\/product_brand?post=1787"},{"taxonomy":"product_cat","embeddable":true,"href":"https:\/\/membraneswitchmfg.com\/de\/wp-json\/wp\/v2\/product_cat?post=1787"},{"taxonomy":"product_tag","embeddable":true,"href":"https:\/\/membraneswitchmfg.com\/de\/wp-json\/wp\/v2\/product_tag?post=1787"}],"curies":[{"name":"wp","href":"https:\/\/api.w.org\/{rel}","templated":true}]}}