{"id":1789,"date":"2024-06-24T05:57:57","date_gmt":"2024-06-24T05:57:57","guid":{"rendered":"https:\/\/membraneswitchmfg.com\/manufacturer\/screen-printed-graphics\/"},"modified":"2024-06-25T13:37:37","modified_gmt":"2024-06-25T13:37:37","slug":"screen-printed-graphics","status":"publish","type":"product","link":"https:\/\/membraneswitchmfg.com\/de\/manufacturer\/screen-printed-graphics\/","title":{"rendered":"Siebgedruckte Grafiken"},"content":{"rendered":"<h2><strong><b>Siebgedruckte Grafiken: Langlebige und kosteneffiziente L\u00f6sungen f\u00fcr Membranschalter-Overlays<\/b><\/strong><\/h2>\n<p><strong>Strapazierf\u00e4hig und langlebig<\/strong><\/p>\n<p>Siebdruckgrafiken sind f\u00fcr ihre au\u00dfergew\u00f6hnliche Haltbarkeit bekannt und widerstehen rauen Umgebungen, h\u00e4ufigem Gebrauch und aggressiven Reinigungsmitteln. Die Tinte haftet fest auf dem Overlay-Material und ist resistent gegen Verblassen, Kratzer und Chemikalien.<\/p>\n<ul>\n<li><strong>Langlebige Farben und Legenden<\/strong><\/li>\n<li><strong>Geeignet f\u00fcr Au\u00dfen- und Industrieanwendungen<\/strong><\/li>\n<li><strong>Widerstandsf\u00e4hig gegen Verschlei\u00df und Abnutzung<\/strong><\/li>\n<\/ul>\n<p><strong>Kosteng\u00fcnstig f\u00fcr die Gro\u00dfserienproduktion<\/strong><\/p>\n<p>Der Siebdruck ist besonders kosteneffizient bei hohen St\u00fcckzahlen, da sich die Einrichtungskosten auf eine gro\u00dfe Anzahl von Einheiten verteilen. Dies macht ihn zu einer idealen Wahl f\u00fcr Anwendungen, die ein konsistentes Branding und ein hohes Ma\u00df an Haltbarkeit erfordern.<\/p>\n<ul>\n<li><strong>Niedrigere St\u00fcckkosten bei Gro\u00dfauftr\u00e4gen<\/strong><\/li>\n<li><strong>Gleichbleibende Qualit\u00e4t und einheitliches Erscheinungsbild<\/strong><\/li>\n<li><strong>Geeignet f\u00fcr die Massenproduktion<\/strong><\/li>\n<\/ul>\n<p><strong>Vielseitigkeit und Gestaltungsm\u00f6glichkeiten<\/strong><\/p>\n<p>Der Siebdruck kann f\u00fcr eine Vielzahl von Materialien verwendet werden, darunter Kunststoffe, Metalle und Stoffe. Au\u00dferdem bietet er eine Vielzahl von Designoptionen, darunter:<\/p>\n<ul>\n<li><strong>Klarer und deutlicher Text und Symbole<\/strong><\/li>\n<li><strong>Lebendige und konsistente Farben<\/strong><\/li>\n<li><strong>Verschlungene Muster und Texturen<\/strong><\/li>\n<\/ul>\n<p><strong>Anwendungen<\/strong><\/p>\n<p>Siebdruckgrafiken werden in einer Vielzahl von Anwendungen eingesetzt, z. B:<\/p>\n<ul>\n<li><strong>Membranschalter-Overlays<\/strong><\/li>\n<li><strong>Bedienfelder<\/strong><\/li>\n<li><strong>Medizinische Ger\u00e4te<\/strong><\/li>\n<li><strong>Unterhaltungselektronik<\/strong><\/li>\n<li><strong>Ger\u00e4te<\/strong><\/li>\n<\/ul>\n<p><strong>Partnerschaft mit einem erfahrenen Siebdruck- und Membranschalterhersteller<\/strong><\/p>\n<p>Mit unserer langj\u00e4hrigen Erfahrung im Siebdruck und in der Membranschaltertechnologie sind wir Ihre zuverl\u00e4ssige Quelle f\u00fcr hochwertige, individuell bedruckte Membranschalter-Overlays. Unser Expertenteam arbeitet eng mit Ihnen zusammen, um sicherzustellen, dass Ihre Entw\u00fcrfe genau reproduziert werden und dass Ihre Folientastaturen Ihre spezifischen Anforderungen an Leistung und Haltbarkeit erf\u00fcllen.<\/p>\n<p><strong>Kontaktieren Sie uns heute<\/strong>\u00a0um mehr \u00fcber unsere Siebdruckf\u00e4higkeiten zu erfahren und dar\u00fcber, wie wir Ihnen helfen k\u00f6nnen, langlebige und kosteng\u00fcnstige Folientastatur-Overlays zu erstellen.<\/p>","protected":false},"excerpt":{"rendered":"<p>Siebdruckgrafiken sind eine bew\u00e4hrte und kosteneffiziente Methode zur Erstellung haltbarer und optisch ansprechender Overlays f\u00fcr Membranschalter. Bei dieser vielseitigen Drucktechnik werden Schablonen und Druckfarben verwendet, um Designs auf eine Vielzahl von Materialien zu \u00fcbertragen, was pr\u00e4zise und konsistente Ergebnisse gew\u00e4hrleistet.<\/p>","protected":false},"featured_media":1765,"template":"","meta":[],"product_brand":[],"product_cat":[40],"product_tag":[],"class_list":{"0":"post-1789","1":"product","2":"type-product","3":"status-publish","4":"has-post-thumbnail","6":"product_cat-membrane-switch","8":"first","9":"instock","10":"shipping-taxable","11":"product-type-simple"},"_links":{"self":[{"href":"https:\/\/membraneswitchmfg.com\/de\/wp-json\/wp\/v2\/product\/1789","targetHints":{"allow":["GET"]}}],"collection":[{"href":"https:\/\/membraneswitchmfg.com\/de\/wp-json\/wp\/v2\/product"}],"about":[{"href":"https:\/\/membraneswitchmfg.com\/de\/wp-json\/wp\/v2\/types\/product"}],"wp:featuredmedia":[{"embeddable":true,"href":"https:\/\/membraneswitchmfg.com\/de\/wp-json\/wp\/v2\/media\/1765"}],"wp:attachment":[{"href":"https:\/\/membraneswitchmfg.com\/de\/wp-json\/wp\/v2\/media?parent=1789"}],"wp:term":[{"taxonomy":"product_brand","embeddable":true,"href":"https:\/\/membraneswitchmfg.com\/de\/wp-json\/wp\/v2\/product_brand?post=1789"},{"taxonomy":"product_cat","embeddable":true,"href":"https:\/\/membraneswitchmfg.com\/de\/wp-json\/wp\/v2\/product_cat?post=1789"},{"taxonomy":"product_tag","embeddable":true,"href":"https:\/\/membraneswitchmfg.com\/de\/wp-json\/wp\/v2\/product_tag?post=1789"}],"curies":[{"name":"wp","href":"https:\/\/api.w.org\/{rel}","templated":true}]}}