{"id":1793,"date":"2024-06-24T05:57:58","date_gmt":"2024-06-24T05:57:58","guid":{"rendered":"https:\/\/membraneswitchmfg.com\/manufacturer\/ip68-waterproof-membrane-switch\/"},"modified":"2024-06-25T12:29:03","modified_gmt":"2024-06-25T12:29:03","slug":"ip68-waterproof-membrane-switch","status":"publish","type":"product","link":"https:\/\/membraneswitchmfg.com\/de\/manufacturer\/ip68-waterproof-membrane-switch\/","title":{"rendered":"Wasserdichter Membranschalter IP68"},"content":{"rendered":"<h2><strong><b>IP68 Wasserdichte Membranschalter: Gew\u00e4hrleistung eines zuverl\u00e4ssigen Betriebs in anspruchsvollen Umgebungen<\/b><\/strong><\/h2>\n<p><strong>Un\u00fcbertroffener Wasserdichter Schutz<\/strong><\/p>\n<p>IP68 wasserdichte Membranschalter sind sorgf\u00e4ltig abgedichtet und konstruiert, um das Eindringen von Wasser, Staub oder anderen Verunreinigungen zu verhindern. Dieser au\u00dfergew\u00f6hnliche Schutzgrad macht sie ideal f\u00fcr den Einsatz in anspruchsvollen Umgebungen, wie z. B.:<\/p>\n<ul>\n<li><strong>Au\u00dfenanwendungen:<\/strong>Kioske, Beschilderungen, industrielle Bedienfelder<\/li>\n<li><strong>Marine Umgebungen:<\/strong>Bootssteuerungen, Navigationssysteme, Kommunikationsger\u00e4te<\/li>\n<li><strong>Lebensmittelverarbeitungs- und Getr\u00e4nkeindustrie:<\/strong>Waschbereiche, Maschinensteuerungen, Verpackungsanlagen<\/li>\n<li><strong>Medizinische und Laborumgebungen:<\/strong>Sterile Umgebungen, chirurgische Ger\u00e4te, Diagnoseger\u00e4te<\/li>\n<\/ul>\n<p><strong>Haltbarkeit und Zuverl\u00e4ssigkeit<\/strong><\/p>\n<p>\u00dcber ihre wasserdichten Eigenschaften hinaus sind IP68 wasserdichte Membranschalter auch auf au\u00dfergew\u00f6hnliche Haltbarkeit ausgelegt, die rauen Betriebsbedingungen, h\u00e4ufigem Gebrauch und aggressiven Reinigungsmitteln standh\u00e4lt. Dies gew\u00e4hrleistet eine lange Lebensdauer und niedrige Gesamtbetriebskosten.<\/p>\n<ul>\n<li><strong>Widerstandsf\u00e4hig gegen Kratzer, Chemikalien und UV-Strahlen<\/strong><\/li>\n<li><strong>Weiter Betriebstemperaturbereich<\/strong><\/li>\n<li><strong>Lange Lebensdauer auch in anspruchsvollen Umgebungen<\/strong><\/li>\n<\/ul>\n<p><strong>Anpassbare L\u00f6sungen<\/strong><\/p>\n<p>Wir bieten eine breite Palette an Anpassungsoptionen f\u00fcr IP68 wasserdichte Membranschalter, darunter:<\/p>\n<ul>\n<li><strong>Vielfalt an Schaltergr\u00f6\u00dfen und -ausf\u00fchrungen<\/strong><\/li>\n<li><strong>Benutzerdefinierte Grafiken und Legenden<\/strong><\/li>\n<li><strong>Hintergrundbeleuchtung und Beleuchtungsoptionen<\/strong><\/li>\n<li><strong>Integration von zus\u00e4tzlichen Komponenten<\/strong><\/li>\n<\/ul>\n<p><strong>Partnerschaft mit einem erfahrenen Hersteller von IP68 wasserdichten Membranschaltern<\/strong><\/p>\n<p>Mit jahrelanger Erfahrung in der Technologie wasserdichter Membranschalter und einem Engagement f\u00fcr Qualit\u00e4t sind wir Ihre vertrauensw\u00fcrdige Quelle f\u00fcr kundenspezifische IP68 wasserdichte Membranschalter. Unser Expertenteam arbeitet eng mit Ihnen zusammen, um Ihre spezifischen Bed\u00fcrfnisse zu verstehen und L\u00f6sungen zu liefern, die einen zuverl\u00e4ssigen Betrieb und eine lange Lebensdauer auch in den anspruchsvollsten Umgebungen gew\u00e4hrleisten.<\/p>\n<p><strong>Kontaktieren Sie uns heute<\/strong>\u00a0um mehr \u00fcber unsere IP68 wasserdichten Membranschalterl\u00f6sungen zu erfahren und wie wir Ihnen helfen k\u00f6nnen, Ihre kritischen Ger\u00e4te zu sch\u00fctzen und einen reibungslosen Betrieb in jeder Umgebung zu gew\u00e4hrleisten.<\/p>","protected":false},"excerpt":{"rendered":"<p>In Anwendungen, bei denen die Einwirkung von Wasser, Staub und anderen rauen Bedingungen ein Problem darstellt, bieten IP68-wasserdichte Membranschalter den ultimativen Schutz.<\/p>","protected":false},"featured_media":1769,"template":"","meta":[],"product_brand":[],"product_cat":[40],"product_tag":[],"class_list":{"0":"post-1793","1":"product","2":"type-product","3":"status-publish","4":"has-post-thumbnail","6":"product_cat-membrane-switch","8":"first","9":"instock","10":"shipping-taxable","11":"product-type-simple"},"_links":{"self":[{"href":"https:\/\/membraneswitchmfg.com\/de\/wp-json\/wp\/v2\/product\/1793","targetHints":{"allow":["GET"]}}],"collection":[{"href":"https:\/\/membraneswitchmfg.com\/de\/wp-json\/wp\/v2\/product"}],"about":[{"href":"https:\/\/membraneswitchmfg.com\/de\/wp-json\/wp\/v2\/types\/product"}],"wp:featuredmedia":[{"embeddable":true,"href":"https:\/\/membraneswitchmfg.com\/de\/wp-json\/wp\/v2\/media\/1769"}],"wp:attachment":[{"href":"https:\/\/membraneswitchmfg.com\/de\/wp-json\/wp\/v2\/media?parent=1793"}],"wp:term":[{"taxonomy":"product_brand","embeddable":true,"href":"https:\/\/membraneswitchmfg.com\/de\/wp-json\/wp\/v2\/product_brand?post=1793"},{"taxonomy":"product_cat","embeddable":true,"href":"https:\/\/membraneswitchmfg.com\/de\/wp-json\/wp\/v2\/product_cat?post=1793"},{"taxonomy":"product_tag","embeddable":true,"href":"https:\/\/membraneswitchmfg.com\/de\/wp-json\/wp\/v2\/product_tag?post=1793"}],"curies":[{"name":"wp","href":"https:\/\/api.w.org\/{rel}","templated":true}]}}