{"id":1794,"date":"2024-06-24T05:57:58","date_gmt":"2024-06-24T05:57:58","guid":{"rendered":"https:\/\/membraneswitchmfg.com\/manufacturer\/ip65-waterproof-membrane-switch\/"},"modified":"2024-06-25T13:14:18","modified_gmt":"2024-06-25T13:14:18","slug":"ip65-waterproof-membrane-switch","status":"publish","type":"product","link":"https:\/\/membraneswitchmfg.com\/de\/manufacturer\/ip65-waterproof-membrane-switch\/","title":{"rendered":"Wasserdichter Membranschalter IP65"},"content":{"rendered":"<h2><strong><b>IP65 Wasserdichte Folienschalter: Erschwinglicher Schutz f\u00fcr allt\u00e4gliche Anwendungen<\/b><\/strong><\/h2>\n<p><strong>Effektiver Schutz zu einem erschwinglichen Preis<\/strong><\/p>\n<p>IP65 wasserdichte Folienschalter bieten ein Gleichgewicht zwischen Schutz und Erschwinglichkeit und sind somit eine ideale Wahl f\u00fcr Anwendungen, bei denen gelegentliche Einwirkung von Wasser oder Staub ein Problem darstellt. Ihre Wirksamkeit gegen allt\u00e4gliche Spritzer und Staub macht sie geeignet f\u00fcr:<\/p>\n<ul>\n<li><strong>Industrielle Schalttafeln<\/strong><\/li>\n<li><strong>Medizinische Ger\u00e4te<\/strong><\/li>\n<li><strong>Unterhaltungselektronik<\/strong><\/li>\n<li><strong>Ger\u00e4te<\/strong><\/li>\n<li><strong>Maschinen und Ausr\u00fcstung<\/strong><\/li>\n<\/ul>\n<p><strong>Langlebig und zuverl\u00e4ssig<\/strong><\/p>\n<p>Trotz ihrer Kosteneffizienz behalten IP65 wasserdichte Folienschalter die Haltbarkeit und Zuverl\u00e4ssigkeit, die von Standard-Folienschaltern erwartet werden. Sie sind best\u00e4ndig gegen Kratzer, Chemikalien und UV-Strahlen und gew\u00e4hrleisten eine lange Lebensdauer.<\/p>\n<ul>\n<li><strong>Knackiges und reaktionsschnelles taktiles Feedback<\/strong><\/li>\n<li><strong>Widerstandsf\u00e4hig gegen Kratzer, Chemikalien und UV-Strahlen<\/strong><\/li>\n<li><strong>Geeignet f\u00fcr Innen- und Au\u00dfenanwendungen<\/strong><\/li>\n<\/ul>\n<p><strong>Anpassbare Optionen<\/strong><\/p>\n<p>Wir bieten eine Vielzahl von Anpassungsoptionen f\u00fcr IP65 wasserdichte Folienschalter an, darunter:<\/p>\n<ul>\n<li><strong>Vielfalt an Schaltergr\u00f6\u00dfen und -ausf\u00fchrungen<\/strong><\/li>\n<li><strong>Benutzerdefinierte Grafiken und Legenden<\/strong><\/li>\n<li><strong>Hintergrundbeleuchtung und Beleuchtungsoptionen<\/strong><\/li>\n<li><strong>Integration von zus\u00e4tzlichen Komponenten<\/strong><\/li>\n<\/ul>\n<p><strong>Arbeiten Sie mit einem erfahrenen Hersteller von IP65-wasserdichten Folienschaltern zusammen<\/strong><\/p>\n<p>Mit jahrelanger Erfahrung in der Technologie wasserdichter Folienschalter und dem Engagement f\u00fcr Qualit\u00e4t und Erschwinglichkeit sind wir Ihre vertrauensw\u00fcrdige Quelle f\u00fcr kundenspezifische IP65-wasserdichte Folienschalter. Unser Expertenteam arbeitet eng mit Ihnen zusammen, um Ihre spezifischen Bed\u00fcrfnisse zu verstehen und L\u00f6sungen zu liefern, die effektiven Schutz und dauerhafte Leistung zu einem wettbewerbsf\u00e4higen Preis bieten.<\/p>\n<p><strong>Kontaktieren Sie uns heute<\/strong>\u00a0um mehr \u00fcber unsere IP65-wasserdichten Folienschalterl\u00f6sungen zu erfahren und wie wir Ihnen helfen k\u00f6nnen, Ihre Elektronik zu sch\u00fctzen und einen reibungslosen Betrieb in allt\u00e4glichen Umgebungen zu gew\u00e4hrleisten.<\/p>","protected":false},"excerpt":{"rendered":"<p>IP65 wasserdichte Membranschalter bieten eine kosteng\u00fcnstige L\u00f6sung zum Schutz empfindlicher Elektronik vor dem Eindringen von Wasser und Staub. Diese vielseitigen Schalter erf\u00fcllen die Schutzart IP65 und sch\u00fctzen vor Niederdruckwasserstrahlen und Staubdurchdringung, wodurch sie f\u00fcr eine Vielzahl von Anwendungen geeignet sind.<\/p>","protected":false},"featured_media":1770,"template":"","meta":[],"product_brand":[],"product_cat":[40],"product_tag":[],"class_list":{"0":"post-1794","1":"product","2":"type-product","3":"status-publish","4":"has-post-thumbnail","6":"product_cat-membrane-switch","8":"first","9":"instock","10":"shipping-taxable","11":"product-type-simple"},"_links":{"self":[{"href":"https:\/\/membraneswitchmfg.com\/de\/wp-json\/wp\/v2\/product\/1794","targetHints":{"allow":["GET"]}}],"collection":[{"href":"https:\/\/membraneswitchmfg.com\/de\/wp-json\/wp\/v2\/product"}],"about":[{"href":"https:\/\/membraneswitchmfg.com\/de\/wp-json\/wp\/v2\/types\/product"}],"wp:featuredmedia":[{"embeddable":true,"href":"https:\/\/membraneswitchmfg.com\/de\/wp-json\/wp\/v2\/media\/1770"}],"wp:attachment":[{"href":"https:\/\/membraneswitchmfg.com\/de\/wp-json\/wp\/v2\/media?parent=1794"}],"wp:term":[{"taxonomy":"product_brand","embeddable":true,"href":"https:\/\/membraneswitchmfg.com\/de\/wp-json\/wp\/v2\/product_brand?post=1794"},{"taxonomy":"product_cat","embeddable":true,"href":"https:\/\/membraneswitchmfg.com\/de\/wp-json\/wp\/v2\/product_cat?post=1794"},{"taxonomy":"product_tag","embeddable":true,"href":"https:\/\/membraneswitchmfg.com\/de\/wp-json\/wp\/v2\/product_tag?post=1794"}],"curies":[{"name":"wp","href":"https:\/\/api.w.org\/{rel}","templated":true}]}}