{"id":1795,"date":"2024-06-24T05:57:58","date_gmt":"2024-06-24T05:57:58","guid":{"rendered":"https:\/\/membraneswitchmfg.com\/manufacturer\/membrane-keypads-and-keyboards\/"},"modified":"2024-06-25T12:34:01","modified_gmt":"2024-06-25T12:34:01","slug":"membrane-keypads-and-keyboards","status":"publish","type":"product","link":"https:\/\/membraneswitchmfg.com\/de\/manufacturer\/membrane-keypads-and-keyboards\/","title":{"rendered":"Folientastaturen und Tastaturen"},"content":{"rendered":"<h2><strong><b>Folientastaturen und Tastaturen: Zuverl\u00e4ssige und kosteneffiziente Eingabel\u00f6sungen<\/b><\/strong><\/h2>\n<p><strong>Langlebig und kosteneffektiv<\/strong><\/p>\n<p>Folientastaturen und Tastaturen sind f\u00fcr ihre Langlebigkeit und Erschwinglichkeit bekannt. Die einfache Konstruktion und das Fehlen beweglicher Teile machen sie weniger anf\u00e4llig f\u00fcr Verschlei\u00df und verl\u00e4ngern ihre Lebensdauer. Au\u00dferdem ist der Herstellungsprozess relativ kosteng\u00fcnstig, was zu geringeren Kosten im Vergleich zu anderen Eingabeger\u00e4ten f\u00fchrt.<\/p>\n<ul>\n<li><strong>Lange Lebensdauer bei minimaler Wartung<\/strong><\/li>\n<li><strong>Kosteng\u00fcnstige L\u00f6sung f\u00fcr hochvolumige Anwendungen<\/strong><\/li>\n<li><strong>Geeignet f\u00fcr raue Umgebungen und h\u00e4ufigen Gebrauch<\/strong><\/li>\n<\/ul>\n<p><strong>Vielseitige Anwendungen<\/strong><\/p>\n<p>Folientastaturen und Tastaturen sind vielseitige Eingabeger\u00e4te, die sich f\u00fcr eine Vielzahl von Anwendungen eignen, z. B:<\/p>\n<ul>\n<li><strong>Industrielle Schalttafeln<\/strong><\/li>\n<li><strong>Medizinische Ger\u00e4te<\/strong><\/li>\n<li><strong>Unterhaltungselektronik<\/strong><\/li>\n<li><strong>Ger\u00e4te<\/strong><\/li>\n<li><strong>Verkaufsautomaten<\/strong><\/li>\n<li><strong>Geldautomaten (ATMs)<\/strong><\/li>\n<\/ul>\n<p><strong>Anpassbare Optionen<\/strong><\/p>\n<p>Folientastaturen und Tastaturen k\u00f6nnen an spezifische Anforderungen angepasst werden, z. B:<\/p>\n<ul>\n<li><strong>Unterschiedliche Tastenlayouts und -gr\u00f6\u00dfen<\/strong><\/li>\n<li><strong>Benutzerdefinierte Grafiken und Legenden<\/strong><\/li>\n<li><strong>Hintergrundbeleuchtung und Beleuchtungsoptionen<\/strong><\/li>\n<li><strong>Integration von zus\u00e4tzlichen Komponenten<\/strong><\/li>\n<\/ul>\n<p><strong>Partnerschaft mit einem erfahrenen Hersteller von Folientastaturen und Tastaturen<\/strong><\/p>\n<p>Mit unserer langj\u00e4hrigen Erfahrung im Bereich der Folientastatur- und Tastaturtechnologie sind wir Ihre vertrauensw\u00fcrdige Quelle f\u00fcr hochwertige, kundenspezifische Eingabel\u00f6sungen. Unser Expertenteam arbeitet eng mit Ihnen zusammen, um Ihre spezifischen Anforderungen zu verstehen und L\u00f6sungen zu liefern, die zuverl\u00e4ssige Leistung, Kosteneffizienz und Vielseitigkeit bieten.<\/p>\n<p><strong><a href=\"https:\/\/membraneswitchmfg.com\/de\/contact\/\">Kontakt <\/a>heute<\/strong>\u00a0um mehr \u00fcber unsere Folientastaturen und Tastaturl\u00f6sungen zu erfahren und wie wir Ihnen helfen k\u00f6nnen, benutzerfreundliche und langlebige Eingabeger\u00e4te f\u00fcr Ihre Anwendungen zu entwickeln.<\/p>","protected":false},"excerpt":{"rendered":"<p>Membrantastaturen und Tastaturen bieten eine zuverl\u00e4ssige und kosteng\u00fcnstige L\u00f6sung f\u00fcr eine Vielzahl von Eingabeanwendungen. Diese Eingabeger\u00e4te nutzen ein einzigartiges Design, das druckempfindliche Membranen und Leiterbahnen verwendet, um Tastenanschl\u00e4ge zu registrieren, und bieten eine taktile Reaktion und dauerhafte Leistung.<\/p>","protected":false},"featured_media":1751,"template":"","meta":[],"product_brand":[],"product_cat":[40],"product_tag":[],"class_list":{"0":"post-1795","1":"product","2":"type-product","3":"status-publish","4":"has-post-thumbnail","6":"product_cat-membrane-switch","8":"first","9":"instock","10":"shipping-taxable","11":"product-type-simple"},"_links":{"self":[{"href":"https:\/\/membraneswitchmfg.com\/de\/wp-json\/wp\/v2\/product\/1795","targetHints":{"allow":["GET"]}}],"collection":[{"href":"https:\/\/membraneswitchmfg.com\/de\/wp-json\/wp\/v2\/product"}],"about":[{"href":"https:\/\/membraneswitchmfg.com\/de\/wp-json\/wp\/v2\/types\/product"}],"wp:featuredmedia":[{"embeddable":true,"href":"https:\/\/membraneswitchmfg.com\/de\/wp-json\/wp\/v2\/media\/1751"}],"wp:attachment":[{"href":"https:\/\/membraneswitchmfg.com\/de\/wp-json\/wp\/v2\/media?parent=1795"}],"wp:term":[{"taxonomy":"product_brand","embeddable":true,"href":"https:\/\/membraneswitchmfg.com\/de\/wp-json\/wp\/v2\/product_brand?post=1795"},{"taxonomy":"product_cat","embeddable":true,"href":"https:\/\/membraneswitchmfg.com\/de\/wp-json\/wp\/v2\/product_cat?post=1795"},{"taxonomy":"product_tag","embeddable":true,"href":"https:\/\/membraneswitchmfg.com\/de\/wp-json\/wp\/v2\/product_tag?post=1795"}],"curies":[{"name":"wp","href":"https:\/\/api.w.org\/{rel}","templated":true}]}}