{"id":2226,"date":"2024-07-22T14:19:04","date_gmt":"2024-07-22T14:19:04","guid":{"rendered":"https:\/\/membraneswitchmfg.com\/manufacturer\/silicone-protectors\/"},"modified":"2024-07-25T08:30:07","modified_gmt":"2024-07-25T08:30:07","slug":"silicone-protectors","status":"publish","type":"product","link":"https:\/\/membraneswitchmfg.com\/de\/manufacturer\/silicone-protectors\/","title":{"rendered":"Silikon-Protektoren"},"content":{"rendered":"<h2><strong>Silikon-Schutzh\u00fcllen Hauptmerkmale:<\/strong><\/h2>\n<p>1. Pr\u00e4zise Farbgenauigkeitskontrolle: Mithilfe von hochpr\u00e4zisen Farbspektrophotometern kontrollieren wir die Farbgenauigkeit innerhalb der Industriestandards von Delta 1, Delta 2 und Delta 3, um die Farbkonsistenz in jeder Produktcharge zu gew\u00e4hrleisten.<\/p>\n<p>2. Hochwertiges Silikonmaterial: Unsere H\u00fcllen werden aus hochwertigem Silikonmaterial hergestellt und bieten ausgezeichnete Haltbarkeit, Flexibilit\u00e4t und Alterungsbest\u00e4ndigkeit, wodurch ein lang anhaltender Schutz gew\u00e4hrleistet wird.<\/p>\n<p>3. Gro\u00dfe Auswahl an Farboptionen: Wir bieten eine gro\u00dfe Auswahl an Farben, um den verschiedenen Kundenbed\u00fcrfnissen gerecht zu werden. Ob lebendige Farben oder ged\u00e4mpfte Neutrale, jede Farbe beh\u00e4lt einen konsistenten Farbton und eine konsistente optische Wirkung.<\/p>\n<p>4. Ausgezeichneter Schutz: Unsere H\u00fcllen sind passgenau und bieten umfassenden Schutz, der Kratzer, St\u00f6\u00dfe und Abnutzung wirksam verhindert und so die Lebensdauer Ihrer Ger\u00e4te verl\u00e4ngert.<\/p>\n<p>5. Angenehmes Gef\u00fchl: Die Oberfl\u00e4che der Silikonh\u00fclle ist glatt und bietet einen angenehmen Griff. Das Anti-Rutsch-Design erh\u00f6ht die Haltestabilit\u00e4t.<\/p>\n<h3><strong>Silikon-Schutzh\u00fcllen Anwendungen:<\/strong><\/h3>\n<p>1. Unterhaltungselektronik: Ideal f\u00fcr Smartphones, Tablets und andere Handheld-Ger\u00e4te, bietet zuverl\u00e4ssigen Schutz und ein stilvolles Aussehen.<\/p>\n<p>2. Haushaltsger\u00e4te: Geeignet f\u00fcr Fernbedienungen, Smart-Home-Ger\u00e4te und mehr, um sie vor t\u00e4glicher Abnutzung zu sch\u00fctzen.<\/p>\n<p>3. Medizinische Ger\u00e4te: Das sichere, ungiftige Silikonmaterial eignet sich zum Schutz medizinischer Ger\u00e4te und gew\u00e4hrleistet Sauberkeit und Sicherheit.<\/p>\n<p>4. Industrielle Anwendungen: Geeignet f\u00fcr verschiedene Industrieanlagen, die Schutz ben\u00f6tigen, und bietet zuverl\u00e4ssige Abschirmung und Haltbarkeit.<\/p>","protected":false},"excerpt":{"rendered":"<p>Unsere Silikonschutzh\u00fcllen zeichnen sich nicht nur durch ihre Schutzfunktion aus, sondern auch durch eine branchenf\u00fchrende Farbkonsistenz. Durch den Einsatz fortschrittlicher Farbspektrophotometrie stellen wir sicher, dass die Farbtoleranz jedes Geh\u00e4uses innerhalb der Industriestandards kontrolliert wird, was eine visuell perfekte Gleichm\u00e4\u00dfigkeit und ein hochwertiges Erscheinungsbild gew\u00e4hrleistet. Wir sind bestrebt, Silikonschutzh\u00fcllen von h\u00f6chster Qualit\u00e4t zu liefern und sicherzustellen, dass jedes Produkt Ihren Erwartungen entspricht. Mit fortschrittlicher Fertigungstechnologie und strengen Qualit\u00e4tskontrollsystemen bieten wir farbkonsistente, langlebige und funktionelle Schutzh\u00fcllen. Ob Sie Standardprodukte oder kundenspezifische L\u00f6sungen ben\u00f6tigen, wir k\u00f6nnen Ihre Bed\u00fcrfnisse erf\u00fcllen und dazu beitragen, dass Ihre Ger\u00e4te in optimalem Zustand bleiben.<\/p>","protected":false},"featured_media":2212,"template":"","meta":[],"product_brand":[],"product_cat":[39],"product_tag":[],"class_list":{"0":"post-2226","1":"product","2":"type-product","3":"status-publish","4":"has-post-thumbnail","6":"product_cat-silicone-rubber","8":"first","9":"instock","10":"shipping-taxable","11":"product-type-simple"},"_links":{"self":[{"href":"https:\/\/membraneswitchmfg.com\/de\/wp-json\/wp\/v2\/product\/2226","targetHints":{"allow":["GET"]}}],"collection":[{"href":"https:\/\/membraneswitchmfg.com\/de\/wp-json\/wp\/v2\/product"}],"about":[{"href":"https:\/\/membraneswitchmfg.com\/de\/wp-json\/wp\/v2\/types\/product"}],"wp:featuredmedia":[{"embeddable":true,"href":"https:\/\/membraneswitchmfg.com\/de\/wp-json\/wp\/v2\/media\/2212"}],"wp:attachment":[{"href":"https:\/\/membraneswitchmfg.com\/de\/wp-json\/wp\/v2\/media?parent=2226"}],"wp:term":[{"taxonomy":"product_brand","embeddable":true,"href":"https:\/\/membraneswitchmfg.com\/de\/wp-json\/wp\/v2\/product_brand?post=2226"},{"taxonomy":"product_cat","embeddable":true,"href":"https:\/\/membraneswitchmfg.com\/de\/wp-json\/wp\/v2\/product_cat?post=2226"},{"taxonomy":"product_tag","embeddable":true,"href":"https:\/\/membraneswitchmfg.com\/de\/wp-json\/wp\/v2\/product_tag?post=2226"}],"curies":[{"name":"wp","href":"https:\/\/api.w.org\/{rel}","templated":true}]}}