{"id":2227,"date":"2024-07-22T14:19:04","date_gmt":"2024-07-22T14:19:04","guid":{"rendered":"https:\/\/membraneswitchmfg.com\/manufacturer\/silicone-gasket\/"},"modified":"2024-07-25T06:04:54","modified_gmt":"2024-07-25T06:04:54","slug":"silicone-gasket","status":"publish","type":"product","link":"https:\/\/membraneswitchmfg.com\/de\/manufacturer\/silicone-gasket\/","title":{"rendered":"Silikon-Dichtung"},"content":{"rendered":"<h2><strong>Wesentliche Merkmale:<\/strong><\/h2>\n<p>1. hohe Temperaturbest\u00e4ndigkeit: Unsere Silikondichtungen k\u00f6nnen extremen Temperaturen von -60\u00b0C bis 230\u00b0C standhalten und eignen sich daher sowohl f\u00fcr Hochtemperatur- als auch f\u00fcr Tiefk\u00fchlumgebungen.<\/p>\n<p>2. hervorragende Flexibilit\u00e4t und Elastizit\u00e4t: Dank der inh\u00e4renten Flexibilit\u00e4t von Silikon passen sich unsere Dichtungen an unregelm\u00e4\u00dfige Oberfl\u00e4chen an und gew\u00e4hrleisten selbst unter hohem Druck eine dichte und zuverl\u00e4ssige Abdichtung.<\/p>\n<p>3. \u00fcberragende chemische Best\u00e4ndigkeit: Unsere Silikondichtungen sind best\u00e4ndig gegen eine Vielzahl von Chemikalien, \u00d6len und L\u00f6sungsmitteln und behalten ihre Integrit\u00e4t und Leistung auch in den schwierigsten Umgebungen bei.<\/p>\n<p>4. lang anhaltende Haltbarkeit: Diese auf Langlebigkeit ausgelegten Dichtungen sind alterungs-, witterungs- und UV-best\u00e4ndig und gew\u00e4hrleisten eine lange Lebensdauer bei minimaler Wartung.<\/p>\n<p>5 FDA- und medizinisch zul\u00e4ssige Optionen: Unsere Silikondichtungen sind in lebensmittelechter und medizinischer Qualit\u00e4t erh\u00e4ltlich und k\u00f6nnen sicher in der Lebensmittelverarbeitung, der Pharmazie und im Gesundheitswesen eingesetzt werden.<\/p>\n<h2><strong>Silikondichtungen Anwendungen:<\/strong><\/h2>\n<p>1.Automotive: Ideal f\u00fcr Motoren, Getriebe und Auspuffanlagen, die auch unter extremen Bedingungen zuverl\u00e4ssig abdichten.<\/p>\n<p>2. industrielle Ausr\u00fcstung: Geeignet f\u00fcr Pumpen, Kompressoren und Maschinen, um Lecks zu verhindern und einen effizienten Betrieb zu gew\u00e4hrleisten.<\/p>\n<p>3. lebensmittel und getr\u00e4nke: Perfekt f\u00fcr die Versiegelung von Lebensmittelverarbeitungsanlagen zur Gew\u00e4hrleistung von Hygiene- und Sicherheitsstandards.<\/p>\n<p>4. medizinische Ger\u00e4te: Sicher f\u00fcr den Einsatz in medizinischen Ger\u00e4ten und Ausr\u00fcstungen, die eine zuverl\u00e4ssige Abdichtung in kritischen Anwendungen bieten.<\/p>\n<p>5.Elektronik: Wirksam f\u00fcr die Abdichtung von Elektronikgeh\u00e4usen, um empfindliche Komponenten vor Feuchtigkeit und Staub zu sch\u00fctzen.<\/p>","protected":false},"excerpt":{"rendered":"<p>Entdecken Sie die ultimative Dichtungsl\u00f6sung mit unseren hochwertigen Silikondichtungen. Diese Dichtungen wurden f\u00fcr eine au\u00dfergew\u00f6hnliche Leistung entwickelt und erf\u00fcllen die strengen Anforderungen verschiedener Industrien und gew\u00e4hrleisten jedes Mal eine perfekte Abdichtung. Ganz gleich, ob Sie die Langlebigkeit Ihrer Ger\u00e4te verbessern oder eine lecksichere Umgebung sicherstellen m\u00f6chten, unsere Silikondichtungen sind die ideale Wahl. Unser Engagement f\u00fcr Qualit\u00e4t und Innovation gew\u00e4hrleistet, dass unsere Silikondichtungen den h\u00f6chsten Industriestandards entsprechen. Wir bieten eine gro\u00dfe Auswahl an Gr\u00f6\u00dfen, Formen und kundenspezifischen Optionen, um Ihren speziellen Anforderungen gerecht zu werden. Mit unserem Expertenteam und unseren fortschrittlichen Fertigungsverfahren bieten wir Dichtungen, die gleichbleibende Leistung und Zuverl\u00e4ssigkeit bieten.<\/p>","protected":false},"featured_media":2216,"template":"","meta":[],"product_brand":[],"product_cat":[39],"product_tag":[],"class_list":{"0":"post-2227","1":"product","2":"type-product","3":"status-publish","4":"has-post-thumbnail","6":"product_cat-silicone-rubber","8":"first","9":"instock","10":"shipping-taxable","11":"product-type-simple"},"_links":{"self":[{"href":"https:\/\/membraneswitchmfg.com\/de\/wp-json\/wp\/v2\/product\/2227","targetHints":{"allow":["GET"]}}],"collection":[{"href":"https:\/\/membraneswitchmfg.com\/de\/wp-json\/wp\/v2\/product"}],"about":[{"href":"https:\/\/membraneswitchmfg.com\/de\/wp-json\/wp\/v2\/types\/product"}],"wp:featuredmedia":[{"embeddable":true,"href":"https:\/\/membraneswitchmfg.com\/de\/wp-json\/wp\/v2\/media\/2216"}],"wp:attachment":[{"href":"https:\/\/membraneswitchmfg.com\/de\/wp-json\/wp\/v2\/media?parent=2227"}],"wp:term":[{"taxonomy":"product_brand","embeddable":true,"href":"https:\/\/membraneswitchmfg.com\/de\/wp-json\/wp\/v2\/product_brand?post=2227"},{"taxonomy":"product_cat","embeddable":true,"href":"https:\/\/membraneswitchmfg.com\/de\/wp-json\/wp\/v2\/product_cat?post=2227"},{"taxonomy":"product_tag","embeddable":true,"href":"https:\/\/membraneswitchmfg.com\/de\/wp-json\/wp\/v2\/product_tag?post=2227"}],"curies":[{"name":"wp","href":"https:\/\/api.w.org\/{rel}","templated":true}]}}