{"id":2228,"date":"2024-07-22T14:19:04","date_gmt":"2024-07-22T14:19:04","guid":{"rendered":"https:\/\/membraneswitchmfg.com\/manufacturer\/silicon-pad\/"},"modified":"2024-07-25T08:35:32","modified_gmt":"2024-07-25T08:35:32","slug":"silicone-pad","status":"publish","type":"product","link":"https:\/\/membraneswitchmfg.com\/de\/manufacturer\/silicone-pad\/","title":{"rendered":"Silikon-Pad"},"content":{"rendered":"<h2><strong>Silikonpad \u2013 Hauptmerkmale:<\/strong><\/h2>\n<p>1. \u00dcberlegene Haltbarkeit: Hergestellt aus hochwertigem Silikonkautschuk, sind unsere Pads best\u00e4ndig gegen extreme Temperaturen, UV-Strahlung und Verschlei\u00df, wodurch eine lange Lebensdauer auch in den anspruchsvollsten Umgebungen gew\u00e4hrleistet wird.<\/p>\n<p>2. Ausgezeichnete Flexibilit\u00e4t: Die inh\u00e4rente Flexibilit\u00e4t von Silikon erm\u00f6glicht es unseren Pads, sich an unregelm\u00e4\u00dfige Oberfl\u00e4chen anzupassen und ihre Form beizubehalten, wodurch ein konsistenter Schutz und eine gleichbleibende D\u00e4mpfung gew\u00e4hrleistet werden.<\/p>\n<p>3. W\u00e4rmemanagement: Mit hervorragenden W\u00e4rmeleiteigenschaften sind unsere Silikonpads ideal f\u00fcr Anwendungen, die eine effiziente W\u00e4rmeableitung erfordern, wie z. B. Elektronik und LED-Beleuchtung.<\/p>\n<p>4. Vibrationsd\u00e4mpfung: Unsere Pads wurden entwickelt, um Vibrationen zu absorbieren und zu d\u00e4mpfen, wodurch Ger\u00e4usche und mechanische St\u00f6\u00dfe reduziert werden, empfindliche Komponenten gesch\u00fctzt und die Lebensdauer Ihrer Ger\u00e4te verl\u00e4ngert wird.<\/p>\n<p>5. Anpassbare Optionen: Unsere Silikonpads sind in verschiedenen St\u00e4rken, Gr\u00f6\u00dfen und H\u00e4rtegraden erh\u00e4ltlich und k\u00f6nnen an die spezifischen Anforderungen Ihres Projekts angepasst werden. Kundenspezifische Formen und Stanzoptionen sind ebenfalls erh\u00e4ltlich.<\/p>\n<p>6. Chemische Best\u00e4ndigkeit: Unsere Silikonpads sind best\u00e4ndig gegen eine Vielzahl von Chemikalien, \u00d6len und L\u00f6sungsmitteln und behalten ihre Integrit\u00e4t und Leistung in rauen Umgebungen.<\/p>\n<h2><strong>Silikonpad \u2013 Anwendungen:<\/strong><\/h2>\n<p>1. Elektronik: Ideal f\u00fcr das W\u00e4rmemanagement in elektronischen Ger\u00e4ten, bietet effiziente W\u00e4rme\u00fcbertragung und Schutz f\u00fcr empfindliche Komponenten.<\/p>\n<p>2. Automobil: Geeignet f\u00fcr den Einsatz in Motoren, Getrieben und anderen Automobilsystemen und bietet Vibrationsd\u00e4mpfung und W\u00e4rmemanagement.<\/p>\n<p>3. Industrieausr\u00fcstung: Perfekt f\u00fcr Maschinen und Ger\u00e4te, die eine D\u00e4mpfung, Ger\u00e4uschreduzierung und Schutz vor mechanischen St\u00f6\u00dfen ben\u00f6tigen.<\/p>\n<p>4. Medizinische Ger\u00e4te: Sicher f\u00fcr den Einsatz in medizinischen Ger\u00e4ten und bietet zuverl\u00e4ssige D\u00e4mpfung und Schutz f\u00fcr empfindliche Instrumente.<\/p>\n<p>5. Konsumg\u00fcter: Ideal f\u00fcr Haushaltsger\u00e4te, M\u00f6bel und andere Konsumg\u00fcter und bietet D\u00e4mpfung und Schutz.<\/p>","protected":false},"excerpt":{"rendered":"<p>Unsere Silikonpads bieten die perfekte Kombination aus Haltbarkeit, Flexibilit\u00e4t und hochleistungsf\u00e4higer Polsterung f\u00fcr eine Vielzahl von Anwendungen.<\/p>","protected":false},"featured_media":2220,"template":"","meta":[],"product_brand":[],"product_cat":[39],"product_tag":[],"class_list":{"0":"post-2228","1":"product","2":"type-product","3":"status-publish","4":"has-post-thumbnail","6":"product_cat-silicone-rubber","8":"first","9":"instock","10":"shipping-taxable","11":"product-type-simple"},"_links":{"self":[{"href":"https:\/\/membraneswitchmfg.com\/de\/wp-json\/wp\/v2\/product\/2228","targetHints":{"allow":["GET"]}}],"collection":[{"href":"https:\/\/membraneswitchmfg.com\/de\/wp-json\/wp\/v2\/product"}],"about":[{"href":"https:\/\/membraneswitchmfg.com\/de\/wp-json\/wp\/v2\/types\/product"}],"wp:featuredmedia":[{"embeddable":true,"href":"https:\/\/membraneswitchmfg.com\/de\/wp-json\/wp\/v2\/media\/2220"}],"wp:attachment":[{"href":"https:\/\/membraneswitchmfg.com\/de\/wp-json\/wp\/v2\/media?parent=2228"}],"wp:term":[{"taxonomy":"product_brand","embeddable":true,"href":"https:\/\/membraneswitchmfg.com\/de\/wp-json\/wp\/v2\/product_brand?post=2228"},{"taxonomy":"product_cat","embeddable":true,"href":"https:\/\/membraneswitchmfg.com\/de\/wp-json\/wp\/v2\/product_cat?post=2228"},{"taxonomy":"product_tag","embeddable":true,"href":"https:\/\/membraneswitchmfg.com\/de\/wp-json\/wp\/v2\/product_tag?post=2228"}],"curies":[{"name":"wp","href":"https:\/\/api.w.org\/{rel}","templated":true}]}}