{"id":2274,"date":"2024-07-26T02:52:22","date_gmt":"2024-07-26T02:52:22","guid":{"rendered":"https:\/\/membraneswitchmfg.com\/?post_type=product&#038;p=2274"},"modified":"2024-09-19T12:54:44","modified_gmt":"2024-09-19T12:54:44","slug":"magnetic-switch","status":"publish","type":"product","link":"https:\/\/membraneswitchmfg.com\/de\/manufacturer\/magnetic-switch\/","title":{"rendered":"Magnetischer Schalter"},"content":{"rendered":"<h4><strong><b>Wesentliche Merkmale:<\/b><\/strong><\/h4>\n<p><strong>1.<\/strong><strong>Beispiellose Haltbarkeit<\/strong>: Unser Produkt ist so konzipiert, dass es bis zu 10 Millionen Bet\u00e4tigungen standh\u00e4lt. Es gew\u00e4hrleistet eine gleichbleibende Leistung und Zuverl\u00e4ssigkeit \u00fcber einen l\u00e4ngeren Zeitraum und ist somit eine kosteng\u00fcnstige Wahl f\u00fcr langfristige Anwendungen.<\/p>\n<p><strong>2.<\/strong><strong>Vielseitige Anwendungen<\/strong>: Derzeit wird unser Magnetschalter in verschiedenen anspruchsvollen Sektoren eingesetzt, darunter:<\/p>\n<ul>\n<li><strong>Medizinische Ger\u00e4te<\/strong>: Unser Schalter bietet eine pr\u00e4zise und zuverl\u00e4ssige Steuerung und ist eine kritische Komponente in medizinischen Ger\u00e4ten, die Sicherheit und Zuverl\u00e4ssigkeit in der Gesundheitsversorgung gew\u00e4hrleisten.<\/li>\n<li><strong>Laufb\u00e4nder<\/strong>: Unser Schalter ist in Fitnessger\u00e4te integriert, garantiert einen reibungslosen Betrieb und verbessert das Benutzererlebnis, indem er den hohen Anforderungen des h\u00e4ufigen Gebrauchs standh\u00e4lt.<\/li>\n<\/ul>\n<h4><strong><b>Warum sollten Sie sich f\u00fcr unseren Magnetschalter entscheiden?<\/b><\/strong><\/h4>\n<p><strong>1.<\/strong><strong>Un\u00fcbertroffene Lebensdauer<\/strong>: Als einziger Magnetschalter auf dem heimischen Markt mit einer Lebensdauer von 10 Millionen Bet\u00e4tigungen setzen wir den Standard f\u00fcr Haltbarkeit.<\/p>\n<p><strong>2.<\/strong><strong>Zuverl\u00e4ssigkeit in kritischen Anwendungen<\/strong>: Unser Schalter wird in medizinischen Ger\u00e4ten eingesetzt, wo Zuverl\u00e4ssigkeit und Pr\u00e4zision von gr\u00f6\u00dfter Bedeutung sind.<\/p>\n<p><strong>3.<\/strong><strong>Leistung in Umgebungen mit hoher Beanspruchung<\/strong>: Mit Anwendungen in Laufb\u00e4ndern beweist unser Schalter seine Widerstandsf\u00e4higkeit in stark frequentierten Umgebungen mit hoher Beanspruchung.<\/p>","protected":false},"excerpt":{"rendered":"<p>Wir stellen unsere fortschrittliche vor <span class=\"Y2IQFc\" lang=\"en\">Magnetische Membranschalter<\/span>, der Inbegriff von Haltbarkeit und Zuverl\u00e4ssigkeit auf dem Markt. Mit einer bemerkenswerten Produktlebensdauer von bis zu <strong>10 Millionen Bet\u00e4tigungen<\/strong>, ist unser Magnetschalter <strong>der einzige seiner Art auf dem heimischen Markt, der eine solche Langlebigkeit bietet<\/strong>.Wir stellen unseren fortschrittlichen Magnetschalter vor, den Inbegriff von Haltbarkeit und Zuverl\u00e4ssigkeit auf dem Markt. Mit einer bemerkenswerten Produktlebensdauer von bis zu 10 Millionen Bet\u00e4tigungen ist unser Magnetschalter der einzige seiner Art auf dem heimischen Markt, der eine solche Langlebigkeit bietet.<\/p>","protected":false},"featured_media":2435,"template":"","meta":[],"product_brand":[],"product_cat":[40],"product_tag":[],"class_list":{"0":"post-2274","1":"product","2":"type-product","3":"status-publish","4":"has-post-thumbnail","6":"product_cat-membrane-switch","8":"first","9":"instock","10":"shipping-taxable","11":"product-type-simple"},"_links":{"self":[{"href":"https:\/\/membraneswitchmfg.com\/de\/wp-json\/wp\/v2\/product\/2274","targetHints":{"allow":["GET"]}}],"collection":[{"href":"https:\/\/membraneswitchmfg.com\/de\/wp-json\/wp\/v2\/product"}],"about":[{"href":"https:\/\/membraneswitchmfg.com\/de\/wp-json\/wp\/v2\/types\/product"}],"wp:featuredmedia":[{"embeddable":true,"href":"https:\/\/membraneswitchmfg.com\/de\/wp-json\/wp\/v2\/media\/2435"}],"wp:attachment":[{"href":"https:\/\/membraneswitchmfg.com\/de\/wp-json\/wp\/v2\/media?parent=2274"}],"wp:term":[{"taxonomy":"product_brand","embeddable":true,"href":"https:\/\/membraneswitchmfg.com\/de\/wp-json\/wp\/v2\/product_brand?post=2274"},{"taxonomy":"product_cat","embeddable":true,"href":"https:\/\/membraneswitchmfg.com\/de\/wp-json\/wp\/v2\/product_cat?post=2274"},{"taxonomy":"product_tag","embeddable":true,"href":"https:\/\/membraneswitchmfg.com\/de\/wp-json\/wp\/v2\/product_tag?post=2274"}],"curies":[{"name":"wp","href":"https:\/\/api.w.org\/{rel}","templated":true}]}}