{"id":1688,"date":"2024-06-22T14:56:03","date_gmt":"2024-06-22T14:56:03","guid":{"rendered":"https:\/\/membraneswitchmfg.com\/manufacturer\/outdoor-sun-and-weather-resistant-certification-label\/"},"modified":"2024-06-26T00:54:35","modified_gmt":"2024-06-26T00:54:35","slug":"outdoor-sun-and-weather-resistant-certification-label","status":"publish","type":"product","link":"https:\/\/membraneswitchmfg.com\/es\/manufacturer\/outdoor-sun-and-weather-resistant-certification-label\/","title":{"rendered":"Etiqueta de certificaci\u00f3n de resistencia al sol y a la intemperie"},"content":{"rendered":"<h2 class=\"\" data-sourcepos=\"1:1-1:103\">Etiquetas de certificaci\u00f3n resistentes al sol y a la intemperie para exteriores: protecci\u00f3n duradera para su se\u00f1alizaci\u00f3n exterior<\/h2>\n<p data-sourcepos=\"3:1-3:110\">Proteja su se\u00f1alizaci\u00f3n y etiquetas para exteriores de los elementos hostiles con nuestras etiquetas de certificaci\u00f3n duraderas y resistentes a la intemperie. Dise\u00f1adas para resistir el sol implacable, la lluvia, el viento y las temperaturas extremas, nuestras etiquetas garantizan que sus mensajes importantes permanezcan claros, visibles y conformes durante a\u00f1os.<\/p>\n<p data-sourcepos=\"5:1-5:49\"><strong>Durabilidad inigualable en exteriores<\/strong><\/p>\n<p data-sourcepos=\"7:1-7:266\">Fabricadas con materiales de primera calidad y utilizando t\u00e9cnicas de impresi\u00f3n avanzadas, nuestras etiquetas de certificaci\u00f3n resistentes al sol y a la intemperie para exteriores est\u00e1n dise\u00f1adas para durar. Son resistentes a la decoloraci\u00f3n, al desgarro y a la degradaci\u00f3n qu\u00edmica, incluso en los entornos exteriores m\u00e1s exigentes.<\/p>\n<p data-sourcepos=\"9:1-9:50\"><strong>Ideal para una amplia gama de aplicaciones en exteriores<\/strong><\/p>\n<p data-sourcepos=\"11:1-11:113\">Nuestras etiquetas de certificaci\u00f3n resistentes al sol y a la intemperie para exteriores son ideales para una amplia gama de aplicaciones, que incluyen:<\/p>\n<ul data-sourcepos=\"13:1-18:0\">\n<li data-sourcepos=\"13:1-13:35\"><strong>Etiquetas de identificaci\u00f3n de productos<\/strong><\/li>\n<li data-sourcepos=\"14:1-14:38\"><strong>Advertencias e instrucciones de seguridad<\/strong><\/li>\n<li data-sourcepos=\"15:1-15:36\"><strong>Marcas de conformidad reglamentaria<\/strong><\/li>\n<li data-sourcepos=\"16:1-16:27\"><strong>Etiquetas de seguimiento de activos<\/strong><\/li>\n<li data-sourcepos=\"17:1-18:0\"><strong>Se\u00f1alizaci\u00f3n promocional y de marketing<\/strong><\/li>\n<\/ul>\n<p data-sourcepos=\"19:1-19:89\"><strong>As\u00f3ciese con proveedores chinos de impresoras de c\u00f3digos de barras para obtener calidad y experiencia superiores<\/strong><\/p>\n<p data-sourcepos=\"21:1-21:183\">En China Label Barcode Printer Suppliers, estamos comprometidos a brindar a nuestros clientes etiquetas de certificaci\u00f3n resistentes al sol y a la intemperie para exteriores de la m\u00e1s alta calidad y la experiencia para satisfacer sus necesidades espec\u00edficas de aplicaci\u00f3n. Nuestro equipo de profesionales experimentados puede ayudarlo a seleccionar el material de etiqueta, el adhesivo y las opciones de impresi\u00f3n adecuados para sus requisitos \u00fanicos.<\/p>\n<p data-sourcepos=\"23:1-23:182\"><strong>P\u00f3ngase en contacto con nosotros<\/strong> para obtener m\u00e1s informaci\u00f3n sobre nuestras etiquetas de certificaci\u00f3n resistentes al sol y a la intemperie para exteriores y c\u00f3mo podemos ayudarlo a proteger su se\u00f1alizaci\u00f3n y etiquetas para exteriores de los elementos.<\/p>","protected":false},"excerpt":{"rendered":"<p>La etiqueta de certificaci\u00f3n resistente a la intemperie y al sol para exteriores indica que el producto ha sido probado y certificado para resistir la exposici\u00f3n a la luz solar y a diversas condiciones clim\u00e1ticas, manteniendo su rendimiento y durabilidad.<\/p>","protected":false},"featured_media":1655,"template":"","meta":[],"product_brand":[],"product_cat":[15],"product_tag":[],"class_list":{"0":"post-1688","1":"product","2":"type-product","3":"status-publish","4":"has-post-thumbnail","6":"product_cat-print-label","8":"first","9":"instock","10":"shipping-taxable","11":"product-type-simple"},"_links":{"self":[{"href":"https:\/\/membraneswitchmfg.com\/es\/wp-json\/wp\/v2\/product\/1688","targetHints":{"allow":["GET"]}}],"collection":[{"href":"https:\/\/membraneswitchmfg.com\/es\/wp-json\/wp\/v2\/product"}],"about":[{"href":"https:\/\/membraneswitchmfg.com\/es\/wp-json\/wp\/v2\/types\/product"}],"wp:featuredmedia":[{"embeddable":true,"href":"https:\/\/membraneswitchmfg.com\/es\/wp-json\/wp\/v2\/media\/1655"}],"wp:attachment":[{"href":"https:\/\/membraneswitchmfg.com\/es\/wp-json\/wp\/v2\/media?parent=1688"}],"wp:term":[{"taxonomy":"product_brand","embeddable":true,"href":"https:\/\/membraneswitchmfg.com\/es\/wp-json\/wp\/v2\/product_brand?post=1688"},{"taxonomy":"product_cat","embeddable":true,"href":"https:\/\/membraneswitchmfg.com\/es\/wp-json\/wp\/v2\/product_cat?post=1688"},{"taxonomy":"product_tag","embeddable":true,"href":"https:\/\/membraneswitchmfg.com\/es\/wp-json\/wp\/v2\/product_tag?post=1688"}],"curies":[{"name":"wp","href":"https:\/\/api.w.org\/{rel}","templated":true}]}}