{"id":1689,"date":"2024-06-22T14:56:03","date_gmt":"2024-06-22T14:56:03","guid":{"rendered":"https:\/\/membraneswitchmfg.com\/manufacturer\/outdoor-warning-signs\/"},"modified":"2024-06-26T00:53:33","modified_gmt":"2024-06-26T00:53:33","slug":"outdoor-warning-signs","status":"publish","type":"product","link":"https:\/\/membraneswitchmfg.com\/es\/manufacturer\/outdoor-warning-signs\/","title":{"rendered":"Se\u00f1ales de advertencia para exteriores"},"content":{"rendered":"<h2 class=\"\" data-sourcepos=\"1:1-1:84\">Se\u00f1ales de advertencia para exteriores: Mejora de la seguridad y la comunicaci\u00f3n en entornos exteriores<\/h2>\n<p data-sourcepos=\"3:1-3:144\">Comunique eficazmente los peligros potenciales y la informaci\u00f3n importante en entornos exteriores con nuestras se\u00f1ales de advertencia duraderas y personalizables para exteriores. Dise\u00f1adas para soportar los rigores de los entornos exteriores, nuestras se\u00f1ales garantizan que sus mensajes permanezcan claros, visibles y llamen la atenci\u00f3n, incluso en condiciones meteorol\u00f3gicas adversas.<\/p>\n<p data-sourcepos=\"5:1-5:49\"><strong>Durabilidad inigualable en exteriores<\/strong><\/p>\n<p data-sourcepos=\"7:1-7:133\">Fabricadas con materiales de alta calidad y utilizando t\u00e9cnicas de impresi\u00f3n avanzadas, nuestras se\u00f1ales de advertencia para exteriores est\u00e1n hechas para durar. Son resistentes a la decoloraci\u00f3n, los desgarros y la degradaci\u00f3n qu\u00edmica, lo que garantiza que sus mensajes sigan siendo visibles y eficaces durante a\u00f1os.<\/p>\n<p data-sourcepos=\"9:1-9:44\"><strong>Adaptable a sus necesidades espec\u00edficas<\/strong><\/p>\n<p data-sourcepos=\"11:1-11:86\">Ofrecemos una amplia gama de opciones de personalizaci\u00f3n para satisfacer sus necesidades espec\u00edficas, entre las que se incluyen:<\/p>\n<ul data-sourcepos=\"13:1-17:0\">\n<li data-sourcepos=\"13:1-13:60\"><strong>Variedad de tama\u00f1os y formas para adaptarse a cualquier mensaje<\/strong><\/li>\n<li data-sourcepos=\"14:1-14:49\"><strong>Impresi\u00f3n a todo color para un mayor impacto visual<\/strong><\/li>\n<li data-sourcepos=\"15:1-15:67\"><strong>Texto y gr\u00e1ficos personalizables para transmitir su mensaje con claridad<\/strong><\/li>\n<li data-sourcepos=\"16:1-17:0\"><strong>Elecci\u00f3n de materiales para adaptarse a su entorno<\/strong><\/li>\n<\/ul>\n<p data-sourcepos=\"18:1-18:50\"><strong>Ideal para una amplia gama de aplicaciones en exteriores<\/strong><\/p>\n<p data-sourcepos=\"20:1-20:80\">Nuestras se\u00f1ales de advertencia para exteriores son ideales para una amplia gama de aplicaciones, entre las que se incluyen:<\/p>\n<ul data-sourcepos=\"22:1-22:10\">\n<li data-sourcepos=\"22:1-22:10\"><strong>Advertencias e instrucciones de seguridad<\/strong><\/li>\n<li data-sourcepos=\"23:1-23:36\"><strong>Marcas de conformidad reglamentaria<\/strong><\/li>\n<li data-sourcepos=\"24:1-24:47\"><strong>Identificaci\u00f3n de peligros y se\u00f1alizaci\u00f3n de precauci\u00f3n<\/strong><\/li>\n<li data-sourcepos=\"25:1-25:43\"><strong>Se\u00f1alizaci\u00f3n direccional e informativa<\/strong><\/li>\n<li data-sourcepos=\"26:1-27:0\"><strong>Se\u00f1alizaci\u00f3n de obras<\/strong><\/li>\n<\/ul>\n<p data-sourcepos=\"28:1-28:89\"><strong>As\u00f3ciese con proveedores chinos de impresoras de c\u00f3digos de barras para obtener calidad y experiencia superiores<\/strong><\/p>\n<p data-sourcepos=\"30:1-30:309\">En China Label Barcode Printer Suppliers, nos comprometemos a proporcionar a nuestros clientes se\u00f1ales de advertencia para exteriores de la m\u00e1s alta calidad y la experiencia necesaria para satisfacer sus necesidades espec\u00edficas de aplicaci\u00f3n. Nuestro equipo de profesionales experimentados puede ayudarle a dise\u00f1ar y crear las se\u00f1ales perfectas para sus necesidades \u00fanicas.<\/p>\n<p data-sourcepos=\"32:1-32:148\"><strong>P\u00f3ngase en contacto con nosotros<\/strong> para obtener m\u00e1s informaci\u00f3n sobre nuestras se\u00f1ales de advertencia para exteriores y c\u00f3mo podemos ayudarle a mejorar la seguridad y la comunicaci\u00f3n en entornos exteriores.<\/p>","protected":false},"excerpt":{"rendered":"<p>Las se\u00f1ales de advertencia para exteriores son se\u00f1ales especialmente dise\u00f1adas que se colocan en entornos exteriores para comunicar peligros, dar instrucciones o transmitir informaci\u00f3n importante. Estas se\u00f1ales son fundamentales para mantener la seguridad y el orden en zonas donde los factores ambientales y los peligros potenciales suponen riesgos para las personas o los bienes.<\/p>","protected":false},"featured_media":1656,"template":"","meta":[],"product_brand":[],"product_cat":[15],"product_tag":[],"class_list":{"0":"post-1689","1":"product","2":"type-product","3":"status-publish","4":"has-post-thumbnail","6":"product_cat-print-label","8":"first","9":"instock","10":"shipping-taxable","11":"product-type-simple"},"_links":{"self":[{"href":"https:\/\/membraneswitchmfg.com\/es\/wp-json\/wp\/v2\/product\/1689","targetHints":{"allow":["GET"]}}],"collection":[{"href":"https:\/\/membraneswitchmfg.com\/es\/wp-json\/wp\/v2\/product"}],"about":[{"href":"https:\/\/membraneswitchmfg.com\/es\/wp-json\/wp\/v2\/types\/product"}],"wp:featuredmedia":[{"embeddable":true,"href":"https:\/\/membraneswitchmfg.com\/es\/wp-json\/wp\/v2\/media\/1656"}],"wp:attachment":[{"href":"https:\/\/membraneswitchmfg.com\/es\/wp-json\/wp\/v2\/media?parent=1689"}],"wp:term":[{"taxonomy":"product_brand","embeddable":true,"href":"https:\/\/membraneswitchmfg.com\/es\/wp-json\/wp\/v2\/product_brand?post=1689"},{"taxonomy":"product_cat","embeddable":true,"href":"https:\/\/membraneswitchmfg.com\/es\/wp-json\/wp\/v2\/product_cat?post=1689"},{"taxonomy":"product_tag","embeddable":true,"href":"https:\/\/membraneswitchmfg.com\/es\/wp-json\/wp\/v2\/product_tag?post=1689"}],"curies":[{"name":"wp","href":"https:\/\/api.w.org\/{rel}","templated":true}]}}