{"id":1690,"date":"2024-06-22T14:56:03","date_gmt":"2024-06-22T14:56:03","guid":{"rendered":"https:\/\/membraneswitchmfg.com\/manufacturer\/electrical-power-cord-certification-label\/"},"modified":"2024-06-26T00:54:03","modified_gmt":"2024-06-26T00:54:03","slug":"electrical-power-cord-certification-label","status":"publish","type":"product","link":"https:\/\/membraneswitchmfg.com\/es\/manufacturer\/electrical-power-cord-certification-label\/","title":{"rendered":"Etiqueta de certificaci\u00f3n del cable de alimentaci\u00f3n el\u00e9ctrica"},"content":{"rendered":"<h2 class=\"\" data-sourcepos=\"1:1-1:77\">Etiquetas de certificaci\u00f3n de cables el\u00e9ctricos: Garantizar la seguridad y el cumplimiento<\/h2>\n<p data-sourcepos=\"3:1-3:140\">Garantice la seguridad y la conformidad de sus cables el\u00e9ctricos con nuestras etiquetas de certificaci\u00f3n de cables el\u00e9ctricos duraderas y de alta calidad. Estas etiquetas proporcionan informaci\u00f3n esencial sobre sus cables, ayudando a prevenir riesgos el\u00e9ctricos y garantizando el cumplimiento de la normativa.<\/p>\n<p data-sourcepos=\"5:1-5:51\"><strong>Durabilidad inigualable para entornos exigentes<\/strong><\/p>\n<p data-sourcepos=\"7:1-7:3\">Nuestras etiquetas de certificaci\u00f3n de cables el\u00e9ctricos est\u00e1n fabricadas con materiales de primera calidad que soportan condiciones adversas, como temperaturas extremas, abrasi\u00f3n y productos qu\u00edmicos. Son resistentes a la decoloraci\u00f3n, los desgarros y las manchas, lo que garantiza que la informaci\u00f3n importante de sus etiquetas permanezca clara y legible durante a\u00f1os.<\/p>\n<p data-sourcepos=\"9:1-9:51\"><strong>Informaci\u00f3n esencial para la seguridad y el cumplimiento de la normativa<\/strong><\/p>\n<p data-sourcepos=\"11:1-11:39\">Nuestras etiquetas de certificaci\u00f3n de cables el\u00e9ctricos incluyen informaci\u00f3n esencial como:<\/p>\n<ul data-sourcepos=\"13:1-17:0\">\n<li data-sourcepos=\"13:1-13:47\"><strong>Nombre del fabricante e informaci\u00f3n de contacto<\/strong><\/li>\n<li data-sourcepos=\"14:1-14:26\"><strong>Tipo y capacidad del cable<\/strong><\/li>\n<li data-sourcepos=\"15:1-15:31\"><strong>Especificaciones el\u00e9ctricas<\/strong><\/li>\n<li data-sourcepos=\"16:1-17:0\"><strong>Marcas de certificaci\u00f3n<\/strong><\/li>\n<\/ul>\n<p data-sourcepos=\"18:1-18:111\">Esta informaci\u00f3n ayuda a garantizar que los cables se utilicen de forma segura y conforme a la normativa vigente.<\/p>\n<p data-sourcepos=\"20:1-20:53\"><strong>Ideal para una amplia gama de aplicaciones el\u00e9ctricas<\/strong><\/p>\n<p data-sourcepos=\"22:1-22:112\">Nuestras etiquetas de certificaci\u00f3n de cables el\u00e9ctricos son ideales para una amplia gama de aplicaciones el\u00e9ctricas, entre las que se incluyen:<\/p>\n<ul data-sourcepos=\"24:1-25:28\">\n<li data-sourcepos=\"24:1-24:48\"><strong>Cables de alimentaci\u00f3n para electrodom\u00e9sticos y aparatos electr\u00f3nicos<\/strong><\/li>\n<li data-sourcepos=\"25:1-25:28\"><strong>Cables de alimentaci\u00f3n industriales<\/strong><\/li>\n<li data-sourcepos=\"26:1-26:21\"><strong>Cables alargadores<\/strong><\/li>\n<li data-sourcepos=\"27:1-27:31\"><strong>Cordones para dispositivos m\u00e9dicos<\/strong><\/li>\n<li data-sourcepos=\"28:1-29:0\"><strong>Cordones para exteriores<\/strong><\/li>\n<\/ul>\n<p data-sourcepos=\"30:1-30:89\"><strong>As\u00f3ciese con proveedores chinos de impresoras de c\u00f3digos de barras para obtener calidad y experiencia superiores<\/strong><\/p>\n<p data-sourcepos=\"32:1-32:358\">En China Label Barcode Printer Suppliers, estamos comprometidos a proporcionar a nuestros clientes etiquetas de certificaci\u00f3n de cables de alimentaci\u00f3n el\u00e9ctrica de la m\u00e1s alta calidad y la experiencia para satisfacer sus necesidades espec\u00edficas de aplicaci\u00f3n. Nuestro equipo de profesionales experimentados puede ayudarle a seleccionar el material de la etiqueta derecha, adhesivo y opciones de impresi\u00f3n para sus necesidades \u00fanicas.<\/p>\n<p data-sourcepos=\"34:1-34:170\"><strong>P\u00f3ngase en contacto con nosotros<\/strong> para obtener m\u00e1s informaci\u00f3n sobre nuestras etiquetas de certificaci\u00f3n de cables el\u00e9ctricos y sobre c\u00f3mo podemos ayudarle a garantizar la seguridad y la conformidad de sus cables el\u00e9ctricos.<\/p>","protected":false},"excerpt":{"rendered":"<p>Los cables el\u00e9ctricos, especialmente los utilizados en electr\u00f3nica de consumo, electrodom\u00e9sticos y aplicaciones industriales, suelen estar sujetos a rigurosas normas de seguridad y rendimiento. Estas normas se confirman mediante etiquetas o marcas de certificaci\u00f3n en los cables de alimentaci\u00f3n.<\/p>","protected":false},"featured_media":1654,"template":"","meta":[],"product_brand":[],"product_cat":[15],"product_tag":[],"class_list":{"0":"post-1690","1":"product","2":"type-product","3":"status-publish","4":"has-post-thumbnail","6":"product_cat-print-label","8":"first","9":"instock","10":"shipping-taxable","11":"product-type-simple"},"_links":{"self":[{"href":"https:\/\/membraneswitchmfg.com\/es\/wp-json\/wp\/v2\/product\/1690","targetHints":{"allow":["GET"]}}],"collection":[{"href":"https:\/\/membraneswitchmfg.com\/es\/wp-json\/wp\/v2\/product"}],"about":[{"href":"https:\/\/membraneswitchmfg.com\/es\/wp-json\/wp\/v2\/types\/product"}],"wp:featuredmedia":[{"embeddable":true,"href":"https:\/\/membraneswitchmfg.com\/es\/wp-json\/wp\/v2\/media\/1654"}],"wp:attachment":[{"href":"https:\/\/membraneswitchmfg.com\/es\/wp-json\/wp\/v2\/media?parent=1690"}],"wp:term":[{"taxonomy":"product_brand","embeddable":true,"href":"https:\/\/membraneswitchmfg.com\/es\/wp-json\/wp\/v2\/product_brand?post=1690"},{"taxonomy":"product_cat","embeddable":true,"href":"https:\/\/membraneswitchmfg.com\/es\/wp-json\/wp\/v2\/product_cat?post=1690"},{"taxonomy":"product_tag","embeddable":true,"href":"https:\/\/membraneswitchmfg.com\/es\/wp-json\/wp\/v2\/product_tag?post=1690"}],"curies":[{"name":"wp","href":"https:\/\/api.w.org\/{rel}","templated":true}]}}