{"id":1691,"date":"2024-06-22T14:56:03","date_gmt":"2024-06-22T14:56:03","guid":{"rendered":"https:\/\/membraneswitchmfg.com\/manufacturer\/anti-counterfeiting-anti-theft-label\/"},"modified":"2024-06-26T00:51:33","modified_gmt":"2024-06-26T00:51:33","slug":"anti-counterfeiting-anti-theft-label","status":"publish","type":"product","link":"https:\/\/membraneswitchmfg.com\/es\/manufacturer\/anti-counterfeiting-anti-theft-label\/","title":{"rendered":"Etiqueta antifalsificaci\u00f3n y antirrobo"},"content":{"rendered":"<h2 class=\"\" data-sourcepos=\"1:1-1:76\">Etiquetas Antifalsificaci\u00f3n Antirrobo: Protegiendo Sus Productos y Marca<\/h2>\n<p data-sourcepos=\"3:1-3:90\">Proteja sus productos y la reputaci\u00f3n de su marca con nuestras innovadoras etiquetas antifalsificaci\u00f3n antirrobo. Estas etiquetas avanzadas est\u00e1n dise\u00f1adas para disuadir la falsificaci\u00f3n, prevenir el robo y garantizar la autenticidad de sus productos, brindando tranquilidad tanto para usted como para sus clientes.<\/p>\n<p data-sourcepos=\"5:1-5:31\"><strong>Caracter\u00edsticas de Seguridad Inigualables<\/strong><\/p>\n<p data-sourcepos=\"7:1-7:110\">Nuestras etiquetas antifalsificaci\u00f3n antirrobo incorporan una variedad de caracter\u00edsticas de seguridad sofisticadas, que incluyen:<\/p>\n<ul data-sourcepos=\"9:1-11:15\">\n<li data-sourcepos=\"9:1-9:85\"><strong>Dise\u00f1os \u00fanicos a prueba de manipulaciones<\/strong> que se rompen o revelan mensajes ocultos al retirarlos<\/li>\n<li data-sourcepos=\"10:1-10:66\"><strong>Microtexto incrustado<\/strong> que solo es visible bajo aumento<\/li>\n<li data-sourcepos=\"11:1-11:15\"><strong>Im\u00e1genes hologr\u00e1ficas<\/strong> que no se pueden replicar<\/li>\n<li data-sourcepos=\"12:1-13:0\"><strong>Tintas especializadas<\/strong> que reaccionan a productos qu\u00edmicos o disolventes espec\u00edficos<\/li>\n<\/ul>\n<p data-sourcepos=\"14:1-14:152\">Estas caracter\u00edsticas hacen que sea pr\u00e1cticamente imposible para los falsificadores replicar sus etiquetas, protegiendo sus productos y su marca de la imitaci\u00f3n no autorizada.<\/p>\n<p data-sourcepos=\"16:1-16:49\"><strong>Aplicaciones Vers\u00e1tiles para la Protecci\u00f3n del Producto<\/strong><\/p>\n<p data-sourcepos=\"18:1-18:99\">Nuestras etiquetas antifalsificaci\u00f3n antirrobo son adecuadas para una amplia gama de aplicaciones, que incluyen:<\/p>\n<ul data-sourcepos=\"20:1-23:1\">\n<li data-sourcepos=\"20:1-20:45\"><strong>Productos farmac\u00e9uticos y sanitarios<\/strong><\/li>\n<li data-sourcepos=\"21:1-21:36\"><strong>Electr\u00f3nica y bienes de consumo<\/strong><\/li>\n<li data-sourcepos=\"22:1-22:32\"><strong>Art\u00edculos de lujo y cosm\u00e9ticos<\/strong><\/li>\n<li data-sourcepos=\"23:1-23:1\"><strong>Componentes industriales y maquinaria<\/strong><\/li>\n<li data-sourcepos=\"24:1-25:0\"><strong>Software y productos digitales<\/strong><\/li>\n<\/ul>\n<p data-sourcepos=\"26:1-26:166\">Al aplicar nuestras etiquetas a sus productos, puede disuadir la falsificaci\u00f3n, prevenir el robo y garantizar que sus clientes reciban productos genuinos de fuentes autorizadas.<\/p>\n<p data-sourcepos=\"28:1-28:89\"><strong>As\u00f3ciese con proveedores chinos de impresoras de c\u00f3digos de barras para obtener calidad y experiencia superiores<\/strong><\/p>\n<p data-sourcepos=\"30:1-30:362\">En China Label Barcode Printer Suppliers, estamos comprometidos a proporcionar a nuestros clientes etiquetas antifalsificaci\u00f3n antirrobo de la m\u00e1s alta calidad y la experiencia para satisfacer sus necesidades de aplicaci\u00f3n espec\u00edficas. Nuestro equipo de profesionales experimentados puede ayudarlo a seleccionar el material de etiqueta, las caracter\u00edsticas de seguridad y las opciones de impresi\u00f3n adecuados para sus requisitos \u00fanicos.<\/p>\n<p data-sourcepos=\"32:1-32:169\"><strong>P\u00f3ngase en contacto con nosotros<\/strong> para obtener m\u00e1s informaci\u00f3n sobre nuestras etiquetas antifalsificaci\u00f3n antirrobo y c\u00f3mo podemos ayudarlo a proteger sus productos y su marca de la falsificaci\u00f3n y el robo.<\/p>\n<p data-sourcepos=\"34:1-34:80\"><strong>Palabras clave adicionales:<\/strong> etiquetas de impresora, empresa de impresi\u00f3n de etiquetas antifalsificaci\u00f3n<\/p>","protected":false},"excerpt":{"rendered":"<p>Las etiquetas contra la falsificaci\u00f3n y antirrobo son etiquetas y marcas de seguridad especializadas dise\u00f1adas para proteger productos y activos contra la reproducci\u00f3n, el robo y la manipulaci\u00f3n no autorizados.<\/p>","protected":false},"featured_media":1652,"template":"","meta":[],"product_brand":[],"product_cat":[15],"product_tag":[],"class_list":{"0":"post-1691","1":"product","2":"type-product","3":"status-publish","4":"has-post-thumbnail","6":"product_cat-print-label","8":"first","9":"instock","10":"shipping-taxable","11":"product-type-simple"},"_links":{"self":[{"href":"https:\/\/membraneswitchmfg.com\/es\/wp-json\/wp\/v2\/product\/1691","targetHints":{"allow":["GET"]}}],"collection":[{"href":"https:\/\/membraneswitchmfg.com\/es\/wp-json\/wp\/v2\/product"}],"about":[{"href":"https:\/\/membraneswitchmfg.com\/es\/wp-json\/wp\/v2\/types\/product"}],"wp:featuredmedia":[{"embeddable":true,"href":"https:\/\/membraneswitchmfg.com\/es\/wp-json\/wp\/v2\/media\/1652"}],"wp:attachment":[{"href":"https:\/\/membraneswitchmfg.com\/es\/wp-json\/wp\/v2\/media?parent=1691"}],"wp:term":[{"taxonomy":"product_brand","embeddable":true,"href":"https:\/\/membraneswitchmfg.com\/es\/wp-json\/wp\/v2\/product_brand?post=1691"},{"taxonomy":"product_cat","embeddable":true,"href":"https:\/\/membraneswitchmfg.com\/es\/wp-json\/wp\/v2\/product_cat?post=1691"},{"taxonomy":"product_tag","embeddable":true,"href":"https:\/\/membraneswitchmfg.com\/es\/wp-json\/wp\/v2\/product_tag?post=1691"}],"curies":[{"name":"wp","href":"https:\/\/api.w.org\/{rel}","templated":true}]}}