{"id":1692,"date":"2024-06-22T14:56:03","date_gmt":"2024-06-22T14:56:03","guid":{"rendered":"https:\/\/membraneswitchmfg.com\/manufacturer\/variability-qr-code-label\/"},"modified":"2024-06-26T00:51:06","modified_gmt":"2024-06-26T00:51:06","slug":"variability-qr-code-label","status":"publish","type":"product","link":"https:\/\/membraneswitchmfg.com\/es\/manufacturer\/variability-qr-code-label\/","title":{"rendered":"Variabilidad Etiqueta de c\u00f3digo QR"},"content":{"rendered":"<div class=\"response-container ng-tns-c1921205209-93 ng-star-inserted response-container-has-multiple-responses\">\n<div class=\"presented-response-container ng-tns-c1921205209-93\">\n<div class=\"response-container-content ng-tns-c1921205209-93 tunable-selection-with-avatar\">\n<div class=\"response-content ng-tns-c1921205209-93\">\n<div class=\"markdown markdown-main-panel\" dir=\"ltr\">\n<h2 class=\"\" data-sourcepos=\"1:1-1:69\">Etiquetas de c\u00f3digo QR de variabilidad: datos din\u00e1micos y versatilidad inigualable<\/h2>\n<p data-sourcepos=\"3:1-3:133\">Mejore sus capacidades de etiquetado y gesti\u00f3n de datos con nuestras innovadoras etiquetas de c\u00f3digo QR de variabilidad. Estas etiquetas vers\u00e1tiles ofrecen una soluci\u00f3n \u00fanica para aplicaciones que requieren datos din\u00e1micos e informaci\u00f3n personalizada, proporcionando una herramienta poderosa para una amplia gama de industrias.<\/p>\n<p data-sourcepos=\"5:1-5:50\"><strong>Versatilidad inigualable para diversas aplicaciones<\/strong><\/p>\n<p data-sourcepos=\"7:1-7:175\">Las etiquetas de c\u00f3digo QR de variabilidad son ideales para aplicaciones donde los datos deben ser \u00fanicos o cambiar con frecuencia. Cada etiqueta contiene un c\u00f3digo QR \u00fanico que se puede vincular a una base de datos o p\u00e1gina web espec\u00edfica, lo que le permite almacenar y acceder a una gran cantidad de informaci\u00f3n din\u00e1mica. Esto los hace perfectos para:<\/p>\n<ul data-sourcepos=\"9:1-10:1\">\n<li data-sourcepos=\"9:1-9:47\"><strong>Seguimiento de productos y gesti\u00f3n de inventario<\/strong><\/li>\n<li data-sourcepos=\"10:1-10:1\"><strong>Campa\u00f1as de marketing y promociones personalizadas<\/strong><\/li>\n<li data-sourcepos=\"11:1-11:39\"><strong>Seguimiento e identificaci\u00f3n de activos<\/strong><\/li>\n<li data-sourcepos=\"12:1-12:43\"><strong>Gesti\u00f3n de la cadena de suministro y log\u00edstica<\/strong><\/li>\n<li data-sourcepos=\"13:1-14:0\"><strong>Medidas de autenticaci\u00f3n y lucha contra la falsificaci\u00f3n<\/strong><\/li>\n<\/ul>\n<p data-sourcepos=\"15:1-15:89\"><strong>As\u00f3ciese con proveedores chinos de impresoras de c\u00f3digos de barras para obtener calidad y experiencia superiores<\/strong><\/p>\n<p data-sourcepos=\"17:1-17:348\">En China Label Barcode Printer Suppliers, estamos comprometidos a proporcionar a nuestros clientes etiquetas de c\u00f3digo QR de variabilidad de la m\u00e1s alta calidad y la experiencia para satisfacer sus necesidades de aplicaci\u00f3n espec\u00edficas. Nuestro equipo de profesionales experimentados puede ayudarlo a seleccionar el material de etiqueta, el formato de c\u00f3digo QR y las opciones de impresi\u00f3n adecuados para sus requisitos \u00fanicos.<\/p>\n<p data-sourcepos=\"19:1-19:127\"><strong>P\u00f3ngase en contacto con nosotros<\/strong> para obtener m\u00e1s informaci\u00f3n sobre nuestras etiquetas de c\u00f3digo QR de variabilidad y c\u00f3mo podemos ayudarlo a optimizar su gesti\u00f3n de datos y mejorar sus capacidades de etiquetado.<\/p>\n<\/div>\n<\/div>\n<\/div>\n<\/div>\n<\/div>","protected":false},"excerpt":{"rendered":"<p>Las etiquetas de c\u00f3digo QR variables son etiquetas especializadas que presentan c\u00f3digos de respuesta r\u00e1pida (QR) \u00fanicos en cada etiqueta individual. Estos c\u00f3digos QR contienen datos variables, lo que significa que cada c\u00f3digo puede almacenar informaci\u00f3n diferente, lo que los hace ideales para aplicaciones que requieren identificadores \u00fanicos, datos rastreables o informaci\u00f3n personalizada.<\/p>","protected":false},"featured_media":1661,"template":"","meta":[],"product_brand":[],"product_cat":[15],"product_tag":[],"class_list":{"0":"post-1692","1":"product","2":"type-product","3":"status-publish","4":"has-post-thumbnail","6":"product_cat-print-label","8":"first","9":"instock","10":"shipping-taxable","11":"product-type-simple"},"_links":{"self":[{"href":"https:\/\/membraneswitchmfg.com\/es\/wp-json\/wp\/v2\/product\/1692","targetHints":{"allow":["GET"]}}],"collection":[{"href":"https:\/\/membraneswitchmfg.com\/es\/wp-json\/wp\/v2\/product"}],"about":[{"href":"https:\/\/membraneswitchmfg.com\/es\/wp-json\/wp\/v2\/types\/product"}],"wp:featuredmedia":[{"embeddable":true,"href":"https:\/\/membraneswitchmfg.com\/es\/wp-json\/wp\/v2\/media\/1661"}],"wp:attachment":[{"href":"https:\/\/membraneswitchmfg.com\/es\/wp-json\/wp\/v2\/media?parent=1692"}],"wp:term":[{"taxonomy":"product_brand","embeddable":true,"href":"https:\/\/membraneswitchmfg.com\/es\/wp-json\/wp\/v2\/product_brand?post=1692"},{"taxonomy":"product_cat","embeddable":true,"href":"https:\/\/membraneswitchmfg.com\/es\/wp-json\/wp\/v2\/product_cat?post=1692"},{"taxonomy":"product_tag","embeddable":true,"href":"https:\/\/membraneswitchmfg.com\/es\/wp-json\/wp\/v2\/product_tag?post=1692"}],"curies":[{"name":"wp","href":"https:\/\/api.w.org\/{rel}","templated":true}]}}