{"id":1693,"date":"2024-06-22T14:56:03","date_gmt":"2024-06-22T14:56:03","guid":{"rendered":"https:\/\/membraneswitchmfg.com\/manufacturer\/removable-non-residual-electrostatic-film-label\/"},"modified":"2024-06-25T14:49:18","modified_gmt":"2024-06-25T14:49:18","slug":"removable-non-residual-electrostatic-film-label","status":"publish","type":"product","link":"https:\/\/membraneswitchmfg.com\/es\/manufacturer\/removable-non-residual-electrostatic-film-label\/","title":{"rendered":"Etiqueta removible de pel\u00edcula electrost\u00e1tica no residual"},"content":{"rendered":"<h2 class=\"\" data-sourcepos=\"3:1-3:94\">Etiquetas removibles de pel\u00edcula electrost\u00e1tica no residual: Soluciones de etiquetado vers\u00e1tiles y reutilizables<\/h2>\n<p data-sourcepos=\"5:1-5:318\">Disfrute de la comodidad del etiquetado reutilizable con nuestras etiquetas electrost\u00e1ticas removibles no residuales. Estas etiquetas vers\u00e1tiles ofrecen una soluci\u00f3n sin complicaciones para la se\u00f1alizaci\u00f3n temporal, la identificaci\u00f3n de productos y la mensajer\u00eda promocional, ya que se adhieren de forma segura a una amplia gama de superficies sin dejar ning\u00fan residuo pegajoso.<\/p>\n<p data-sourcepos=\"7:1-7:52\"><strong>Versatilidad inigualable para aplicaciones temporales<\/strong><\/p>\n<p data-sourcepos=\"9:1-9:162\">Nuestras etiquetas de film electrost\u00e1tico removibles no residuales son ideales para aplicaciones en las que las etiquetas deben retirarse y recolocarse con frecuencia. Son perfectas para:<\/p>\n<ul data-sourcepos=\"11:1-16:0\">\n<li data-sourcepos=\"11:1-11:36\"><strong>Se\u00f1alizaci\u00f3n comercial y promocional<\/strong><\/li>\n<li data-sourcepos=\"12:1-12:38\"><strong>Etiquetado de almacenes e inventarios<\/strong><\/li>\n<li data-sourcepos=\"13:1-13:40\"><strong>Se\u00f1alizaci\u00f3n temporal de oficinas y eventos<\/strong><\/li>\n<li data-sourcepos=\"14:1-14:41\"><strong>Etiquetado e identificaci\u00f3n de productos<\/strong><\/li>\n<li data-sourcepos=\"15:1-16:0\"><strong>Se\u00f1alizaci\u00f3n educativa e instructiva<\/strong><\/li>\n<\/ul>\n<p data-sourcepos=\"17:1-17:29\"><strong>Reutilizable y sin residuos<\/strong><\/p>\n<p data-sourcepos=\"19:1-19:284\">Fabricadas con pel\u00edcula electrost\u00e1tica de alta calidad, estas etiquetas se adhieren firmemente a superficies lisas sin necesidad de adhesivos. Se pueden retirar y volver a colocar f\u00e1cilmente sin dejar residuos pegajosos, lo que las convierte en una opci\u00f3n de etiquetado sostenible y respetuosa con el medio ambiente.<\/p>\n<p data-sourcepos=\"21:1-21:2\"><strong>Compatible con una amplia gama de impresoras<\/strong><\/p>\n<p data-sourcepos=\"23:1-23:243\">Nuestras etiquetas de film electrost\u00e1tico removibles no residuales son compatibles con una amplia gama de impresoras de inyecci\u00f3n de tinta y l\u00e1ser, lo que le permite crear etiquetas personalizadas en su propia empresa. Est\u00e1n disponibles en una gran variedad de tama\u00f1os y formas para adaptarse a sus necesidades espec\u00edficas.<\/p>\n<p data-sourcepos=\"25:1-25:89\"><strong>As\u00f3ciese con proveedores chinos de impresoras de c\u00f3digos de barras para obtener calidad y experiencia superiores<\/strong><\/p>\n<p data-sourcepos=\"27:1-27:360\">En China Label Barcode Printer Suppliers, nos comprometemos a proporcionar a nuestros clientes etiquetas de pel\u00edcula electrost\u00e1tica removible no residual de la m\u00e1s alta calidad y la experiencia necesaria para satisfacer sus necesidades espec\u00edficas de aplicaci\u00f3n. Nuestro equipo de profesionales experimentados puede ayudarle a seleccionar el material de la etiqueta, el tama\u00f1o y las opciones de impresi\u00f3n adecuados para sus necesidades espec\u00edficas.<\/p>\n<p data-sourcepos=\"29:1-29:170\"><strong>P\u00f3ngase en contacto con nosotros<\/strong> para obtener m\u00e1s informaci\u00f3n sobre nuestras etiquetas de film electrost\u00e1tico removibles no residuales y sobre c\u00f3mo podemos ayudarle a agilizar sus procesos de etiquetado y reducir los residuos.<\/p>","protected":false},"excerpt":{"rendered":"<p>Las etiquetas removibles de pel\u00edcula electrost\u00e1tica no residual son un tipo de etiqueta que se adhiere a las superficies mediante electricidad est\u00e1tica en lugar de adhesivo. Esta caracter\u00edstica \u00fanica permite aplicarlas y retirarlas f\u00e1cilmente sin dejar residuos pegajosos ni da\u00f1os.<\/p>","protected":false},"featured_media":1658,"template":"","meta":[],"product_brand":[],"product_cat":[15],"product_tag":[],"class_list":{"0":"post-1693","1":"product","2":"type-product","3":"status-publish","4":"has-post-thumbnail","6":"product_cat-print-label","8":"first","9":"instock","10":"shipping-taxable","11":"product-type-simple"},"_links":{"self":[{"href":"https:\/\/membraneswitchmfg.com\/es\/wp-json\/wp\/v2\/product\/1693","targetHints":{"allow":["GET"]}}],"collection":[{"href":"https:\/\/membraneswitchmfg.com\/es\/wp-json\/wp\/v2\/product"}],"about":[{"href":"https:\/\/membraneswitchmfg.com\/es\/wp-json\/wp\/v2\/types\/product"}],"wp:featuredmedia":[{"embeddable":true,"href":"https:\/\/membraneswitchmfg.com\/es\/wp-json\/wp\/v2\/media\/1658"}],"wp:attachment":[{"href":"https:\/\/membraneswitchmfg.com\/es\/wp-json\/wp\/v2\/media?parent=1693"}],"wp:term":[{"taxonomy":"product_brand","embeddable":true,"href":"https:\/\/membraneswitchmfg.com\/es\/wp-json\/wp\/v2\/product_brand?post=1693"},{"taxonomy":"product_cat","embeddable":true,"href":"https:\/\/membraneswitchmfg.com\/es\/wp-json\/wp\/v2\/product_cat?post=1693"},{"taxonomy":"product_tag","embeddable":true,"href":"https:\/\/membraneswitchmfg.com\/es\/wp-json\/wp\/v2\/product_tag?post=1693"}],"curies":[{"name":"wp","href":"https:\/\/api.w.org\/{rel}","templated":true}]}}