{"id":1694,"date":"2024-06-22T14:56:04","date_gmt":"2024-06-22T14:56:04","guid":{"rendered":"https:\/\/membraneswitchmfg.com\/manufacturer\/listing-card-product-manual\/"},"modified":"2024-06-25T14:40:27","modified_gmt":"2024-06-25T14:40:27","slug":"listing-card-product-manual","status":"publish","type":"product","link":"https:\/\/membraneswitchmfg.com\/es\/manufacturer\/listing-card-product-manual\/","title":{"rendered":"Tarjeta de listado y manual del producto"},"content":{"rendered":"<h2 class=\"\" data-sourcepos=\"1:1-1:87\">Fichas y manuales de productos: Mejorar la presentaci\u00f3n del producto y la identidad de la marca<\/h2>\n<p data-sourcepos=\"3:1-3:108\">Mejore la presentaci\u00f3n de sus productos y la identidad de su marca con nuestras tarjetas de listado y manuales de productos de alta calidad. Estas herramientas esenciales proporcionan informaci\u00f3n valiosa a los clientes, mejorando su experiencia de compra y fomentando la fidelidad a la marca.<\/p>\n<p data-sourcepos=\"5:1-5:56\"><strong>Tarjetas de listado: Informaci\u00f3n clara y concisa sobre el producto<\/strong><\/p>\n<p data-sourcepos=\"7:1-7:21\">Las tarjetas de presentaci\u00f3n ofrecen una visi\u00f3n concisa e informativa de sus productos, proporcionando detalles esenciales de un vistazo. Son ideales para:<\/p>\n<ul data-sourcepos=\"9:1-12:0\">\n<li data-sourcepos=\"9:1-9:64\"><strong>Mostrar nombres, descripciones y especificaciones de productos<\/strong><\/li>\n<li data-sourcepos=\"10:1-10:44\"><strong>Destacar las principales caracter\u00edsticas y ventajas<\/strong><\/li>\n<li data-sourcepos=\"11:1-12:0\"><strong>Mostrar im\u00e1genes de productos y marcas<\/strong><\/li>\n<\/ul>\n<p data-sourcepos=\"13:1-13:48\"><strong>Manuales de productos: Gu\u00eda completa para el usuario<\/strong><\/p>\n<p data-sourcepos=\"15:1-15:23\">Los manuales de producto proporcionan instrucciones y orientaci\u00f3n completas para sus productos, garantizando la satisfacci\u00f3n del cliente y reduciendo los costes de asistencia. Incluyen:<\/p>\n<ul data-sourcepos=\"17:1-21:0\">\n<li data-sourcepos=\"17:1-17:50\"><strong>Instrucciones detalladas de instalaci\u00f3n y configuraci\u00f3n<\/strong><\/li>\n<li data-sourcepos=\"18:1-18:39\"><strong>Procedimientos operativos paso a paso<\/strong><\/li>\n<li data-sourcepos=\"19:1-19:35\"><strong>Consejos para solucionar problemas y preguntas frecuentes<\/strong><\/li>\n<li data-sourcepos=\"20:1-21:0\"><strong>Advertencias y precauciones de seguridad<\/strong><\/li>\n<\/ul>\n<p data-sourcepos=\"22:1-22:89\"><strong>As\u00f3ciese con proveedores chinos de impresoras de c\u00f3digos de barras para obtener calidad y experiencia superiores<\/strong><\/p>\n<p data-sourcepos=\"24:1-24:316\">En China Label Barcode Printer Suppliers, nos comprometemos a proporcionar a nuestros clientes tarjetas de listado y manuales de producto de la m\u00e1s alta calidad. Nuestro equipo de profesionales experimentados puede ayudarle a dise\u00f1ar y crear materiales personalizados que se alinean con su identidad de marca y comunicar eficazmente la informaci\u00f3n del producto.<\/p>\n<p data-sourcepos=\"26:1-26:62\"><strong>P\u00f3ngase en contacto con nosotros<\/strong> para obtener m\u00e1s informaci\u00f3n sobre nuestras tarjetas de listado y manuales de productos y sobre c\u00f3mo podemos ayudarle a mejorar la presentaci\u00f3n de sus productos, mejorar la experiencia del cliente y reforzar su marca.<\/p>\n<p data-sourcepos=\"28:1-28:150\"><strong>Palabras clave adicionales:<\/strong> impresora de etiquetas para tarjetas sd, impresora de etiquetas para tarjetas de identidad, impresora de etiquetas para tarjetas, imprimir etiquetas para tarjetas de navidad, imprimir etiquetas de cartulina<\/p>","protected":false},"excerpt":{"rendered":"<p>Una ficha de producto o manual de producto es un documento que proporciona informaci\u00f3n detallada sobre un producto o servicio. Las empresas suelen utilizarlo para informar a los clientes sobre las caracter\u00edsticas, ventajas y especificaciones de sus productos.<\/p>","protected":false},"featured_media":1657,"template":"","meta":[],"product_brand":[],"product_cat":[15],"product_tag":[],"class_list":{"0":"post-1694","1":"product","2":"type-product","3":"status-publish","4":"has-post-thumbnail","6":"product_cat-print-label","8":"first","9":"instock","10":"shipping-taxable","11":"product-type-simple"},"_links":{"self":[{"href":"https:\/\/membraneswitchmfg.com\/es\/wp-json\/wp\/v2\/product\/1694","targetHints":{"allow":["GET"]}}],"collection":[{"href":"https:\/\/membraneswitchmfg.com\/es\/wp-json\/wp\/v2\/product"}],"about":[{"href":"https:\/\/membraneswitchmfg.com\/es\/wp-json\/wp\/v2\/types\/product"}],"wp:featuredmedia":[{"embeddable":true,"href":"https:\/\/membraneswitchmfg.com\/es\/wp-json\/wp\/v2\/media\/1657"}],"wp:attachment":[{"href":"https:\/\/membraneswitchmfg.com\/es\/wp-json\/wp\/v2\/media?parent=1694"}],"wp:term":[{"taxonomy":"product_brand","embeddable":true,"href":"https:\/\/membraneswitchmfg.com\/es\/wp-json\/wp\/v2\/product_brand?post=1694"},{"taxonomy":"product_cat","embeddable":true,"href":"https:\/\/membraneswitchmfg.com\/es\/wp-json\/wp\/v2\/product_cat?post=1694"},{"taxonomy":"product_tag","embeddable":true,"href":"https:\/\/membraneswitchmfg.com\/es\/wp-json\/wp\/v2\/product_tag?post=1694"}],"curies":[{"name":"wp","href":"https:\/\/api.w.org\/{rel}","templated":true}]}}