{"id":1772,"date":"2024-06-24T05:57:57","date_gmt":"2024-06-24T05:57:57","guid":{"rendered":"https:\/\/membraneswitchmfg.com\/manufacturer\/high-life-membrane-switches-with-5-million-times\/"},"modified":"2024-06-25T13:24:08","modified_gmt":"2024-06-25T13:24:08","slug":"high-life-membrane-switches-with-5-million-times","status":"publish","type":"product","link":"https:\/\/membraneswitchmfg.com\/es\/manufacturer\/high-life-membrane-switches-with-5-million-times\/","title":{"rendered":"Interruptores de membrana de alta duraci\u00f3n con 5 millones de veces"},"content":{"rendered":"<h2><strong><b>Interruptores de membrana de larga duraci\u00f3n con una vida \u00fatil de 5 millones de veces<\/b><\/strong><\/h2>\n<p><strong>Durabilidad y fiabilidad incomparables<\/strong><\/p>\n<p>Nuestros interruptores de membrana de larga duraci\u00f3n est\u00e1n dise\u00f1ados para durar:<\/p>\n<ul>\n<li><strong>Construcci\u00f3n robusta con materiales de primera calidad<\/strong><\/li>\n<li><strong>Componentes dise\u00f1ados con precisi\u00f3n para un rendimiento constante<\/strong><\/li>\n<li><strong>Pruebas rigurosas para garantizar una fiabilidad duradera<\/strong><\/li>\n<\/ul>\n<p><strong>Experimente la diferencia<\/strong><\/p>\n<p>Con nuestros interruptores de membrana de alta duraci\u00f3n, puede esperar:<\/p>\n<ul>\n<li><strong>Reducci\u00f3n de los costes de mantenimiento y los tiempos de inactividad<\/strong><\/li>\n<li><strong>Aumento de la satisfacci\u00f3n de los usuarios y de la reputaci\u00f3n del producto<\/strong><\/li>\n<li><strong>La tranquilidad de saber que su producto funcionar\u00e1 durante a\u00f1os<\/strong><\/li>\n<\/ul>\n<p><strong>Aplicaciones<\/strong><\/p>\n<p>Nuestros interruptores de membrana de alta duraci\u00f3n son adecuados para una amplia gama de aplicaciones, entre las que se incluyen:<\/p>\n<ul>\n<li><strong>Cuadros de control industrial<\/strong><\/li>\n<li><strong>Productos sanitarios<\/strong><\/li>\n<li><strong>Electr\u00f3nica de consumo<\/strong><\/li>\n<li><strong>Equipos de transporte<\/strong><\/li>\n<li><strong>Y muchos m\u00e1s<\/strong><\/li>\n<\/ul>\n<p><strong>Soluciones a medida<\/strong><\/p>\n<p>Ofrecemos una amplia gama de opciones de personalizaci\u00f3n para satisfacer sus necesidades espec\u00edficas, entre las que se incluyen:<\/p>\n<ul>\n<li><strong>Variedad de tama\u00f1os y configuraciones de interruptores<\/strong><\/li>\n<li><strong>Gr\u00e1ficos y retroiluminaci\u00f3n personalizados<\/strong><\/li>\n<li><strong>Opciones de respuesta t\u00e1ctil<\/strong><\/li>\n<li><strong>Sellado y protecci\u00f3n medioambiental<\/strong><\/li>\n<\/ul>\n<p><strong>As\u00f3ciese con un fabricante de interruptores de membrana con experiencia<\/strong><\/p>\n<p>Con a\u00f1os de experiencia y un compromiso con la calidad, somos su fuente de confianza para interruptores de membrana de alta duraci\u00f3n. Nuestro equipo de expertos puede ayudarle a dise\u00f1ar y fabricar los interruptores perfectos para su aplicaci\u00f3n.<\/p>\n<p><strong>P\u00f3ngase en contacto con nosotros<\/strong>\u00a0para obtener m\u00e1s informaci\u00f3n sobre nuestros interruptores de membrana de larga duraci\u00f3n y sobre c\u00f3mo podemos ayudarle a mejorar el rendimiento y la fiabilidad de sus productos.<\/p>","protected":false},"excerpt":{"rendered":"<p>Mejore el rendimiento de su producto y la experiencia del usuario con nuestros interruptores de membrana de larga duraci\u00f3n, dise\u00f1ados para soportar hasta 5 millones de accionamientos. Estos interruptores duraderos ofrecen una fiabilidad excepcional y un rendimiento duradero, por lo que son ideales para aplicaciones exigentes.<\/p>","protected":false},"featured_media":1761,"template":"","meta":[],"product_brand":[],"product_cat":[40],"product_tag":[],"class_list":{"0":"post-1772","1":"product","2":"type-product","3":"status-publish","4":"has-post-thumbnail","6":"product_cat-membrane-switch","8":"first","9":"instock","10":"shipping-taxable","11":"product-type-simple"},"_links":{"self":[{"href":"https:\/\/membraneswitchmfg.com\/es\/wp-json\/wp\/v2\/product\/1772","targetHints":{"allow":["GET"]}}],"collection":[{"href":"https:\/\/membraneswitchmfg.com\/es\/wp-json\/wp\/v2\/product"}],"about":[{"href":"https:\/\/membraneswitchmfg.com\/es\/wp-json\/wp\/v2\/types\/product"}],"wp:featuredmedia":[{"embeddable":true,"href":"https:\/\/membraneswitchmfg.com\/es\/wp-json\/wp\/v2\/media\/1761"}],"wp:attachment":[{"href":"https:\/\/membraneswitchmfg.com\/es\/wp-json\/wp\/v2\/media?parent=1772"}],"wp:term":[{"taxonomy":"product_brand","embeddable":true,"href":"https:\/\/membraneswitchmfg.com\/es\/wp-json\/wp\/v2\/product_brand?post=1772"},{"taxonomy":"product_cat","embeddable":true,"href":"https:\/\/membraneswitchmfg.com\/es\/wp-json\/wp\/v2\/product_cat?post=1772"},{"taxonomy":"product_tag","embeddable":true,"href":"https:\/\/membraneswitchmfg.com\/es\/wp-json\/wp\/v2\/product_tag?post=1772"}],"curies":[{"name":"wp","href":"https:\/\/api.w.org\/{rel}","templated":true}]}}