{"id":1773,"date":"2024-06-24T05:57:57","date_gmt":"2024-06-24T05:57:57","guid":{"rendered":"https:\/\/membraneswitchmfg.com\/manufacturer\/silver-flex-membrane-switch\/"},"modified":"2024-06-25T13:26:16","modified_gmt":"2024-06-25T13:26:16","slug":"silver-flex-membrane-switch","status":"publish","type":"product","link":"https:\/\/membraneswitchmfg.com\/es\/manufacturer\/silver-flex-membrane-switch\/","title":{"rendered":"Interruptor de membrana Silver Flex"},"content":{"rendered":"<h2><strong><b>Interruptores de membrana Silver Flex: Soluciones fiables y rentables<\/b><\/strong><\/h2>\n<p><strong>Versatilidad y rendimiento inigualables<\/strong><\/p>\n<p>Los interruptores de membrana Silver Flex son famosos por su:<\/p>\n<ul>\n<li><strong>Dise\u00f1o fino y flexible para facilitar la integraci\u00f3n<\/strong><\/li>\n<li><strong>Informaci\u00f3n t\u00e1ctil para mejorar la experiencia del usuario<\/strong><\/li>\n<li><strong>Larga vida \u00fatil con millones de accionamientos<\/strong><\/li>\n<li><strong>Resistencia a la humedad, el polvo y los entornos dif\u00edciles<\/strong><\/li>\n<\/ul>\n<p><strong>Soluciones rentables para sus necesidades<\/strong><\/p>\n<p>Los interruptores de membrana Silver Flex ofrecen una soluci\u00f3n econ\u00f3mica sin comprometer la calidad. Son ideales para aplicaciones en las que:<\/p>\n<ul>\n<li><strong>El presupuesto es una preocupaci\u00f3n primordial<\/strong><\/li>\n<li><strong>Se necesitan grandes cantidades<\/strong><\/li>\n<li><strong>Las limitaciones de espacio son un factor<\/strong><\/li>\n<\/ul>\n<p><strong>Aplicaciones<\/strong><\/p>\n<p>Los interruptores de membrana Silver Flex se utilizan ampliamente en diversos sectores, entre ellos:<\/p>\n<ul>\n<li><strong>Electr\u00f3nica de consumo<\/strong><\/li>\n<li><strong>Productos sanitarios<\/strong><\/li>\n<li><strong>Cuadros de control industrial<\/strong><\/li>\n<li><strong>Electrodom\u00e9sticos<\/strong><\/li>\n<li><strong>Y muchos m\u00e1s<\/strong><\/li>\n<\/ul>\n<p><strong>Opciones personalizables<\/strong><\/p>\n<p>Ofrecemos una amplia gama de opciones de personalizaci\u00f3n para satisfacer sus necesidades espec\u00edficas, entre las que se incluyen:<\/p>\n<ul>\n<li><strong>Variedad de tama\u00f1os y configuraciones de interruptores<\/strong><\/li>\n<li><strong>Gr\u00e1ficos y retroiluminaci\u00f3n personalizados<\/strong><\/li>\n<li><strong>Opciones de respuesta t\u00e1ctil<\/strong><\/li>\n<li><strong>Sellado y protecci\u00f3n medioambiental<\/strong><\/li>\n<\/ul>\n<p><strong>As\u00f3ciese con un proveedor de interruptores de membrana estancos de confianza<\/strong><\/p>\n<p>Con a\u00f1os de experiencia y un compromiso con la calidad, somos su proveedor de confianza de interruptores de membrana Silver Flex. Nuestro equipo de expertos puede ayudarle a dise\u00f1ar y fabricar los interruptores perfectos para su aplicaci\u00f3n.<\/p>\n<p><strong>P\u00f3ngase en contacto con nosotros<\/strong>\u00a0para obtener m\u00e1s informaci\u00f3n sobre nuestros interruptores de membrana Silver Flex y c\u00f3mo podemos ayudarle a alcanzar sus objetivos de producto sin salirse del presupuesto.<\/p>","protected":false},"excerpt":{"rendered":"<p>Experimente el equilibrio perfecto entre rendimiento y asequibilidad con nuestros interruptores de membrana Silver Flex. Estos vers\u00e1tiles interruptores ofrecen una sensaci\u00f3n t\u00e1ctil y sensible y una larga durabilidad, lo que los convierte en la opci\u00f3n ideal para una amplia gama de aplicaciones.<\/p>","protected":false},"featured_media":1759,"template":"","meta":[],"product_brand":[],"product_cat":[40],"product_tag":[],"class_list":{"0":"post-1773","1":"product","2":"type-product","3":"status-publish","4":"has-post-thumbnail","6":"product_cat-membrane-switch","8":"first","9":"instock","10":"shipping-taxable","11":"product-type-simple"},"_links":{"self":[{"href":"https:\/\/membraneswitchmfg.com\/es\/wp-json\/wp\/v2\/product\/1773","targetHints":{"allow":["GET"]}}],"collection":[{"href":"https:\/\/membraneswitchmfg.com\/es\/wp-json\/wp\/v2\/product"}],"about":[{"href":"https:\/\/membraneswitchmfg.com\/es\/wp-json\/wp\/v2\/types\/product"}],"wp:featuredmedia":[{"embeddable":true,"href":"https:\/\/membraneswitchmfg.com\/es\/wp-json\/wp\/v2\/media\/1759"}],"wp:attachment":[{"href":"https:\/\/membraneswitchmfg.com\/es\/wp-json\/wp\/v2\/media?parent=1773"}],"wp:term":[{"taxonomy":"product_brand","embeddable":true,"href":"https:\/\/membraneswitchmfg.com\/es\/wp-json\/wp\/v2\/product_brand?post=1773"},{"taxonomy":"product_cat","embeddable":true,"href":"https:\/\/membraneswitchmfg.com\/es\/wp-json\/wp\/v2\/product_cat?post=1773"},{"taxonomy":"product_tag","embeddable":true,"href":"https:\/\/membraneswitchmfg.com\/es\/wp-json\/wp\/v2\/product_tag?post=1773"}],"curies":[{"name":"wp","href":"https:\/\/api.w.org\/{rel}","templated":true}]}}