{"id":1776,"date":"2024-06-24T05:57:57","date_gmt":"2024-06-24T05:57:57","guid":{"rendered":"https:\/\/membraneswitchmfg.com\/manufacturer\/rubber-keypad-membrane-switch\/"},"modified":"2024-06-25T13:32:14","modified_gmt":"2024-06-25T13:32:14","slug":"rubber-keypad-membrane-switch","status":"publish","type":"product","link":"https:\/\/membraneswitchmfg.com\/es\/manufacturer\/rubber-keypad-membrane-switch\/","title":{"rendered":"Interruptor de membrana con teclado de goma"},"content":{"rendered":"<h2><strong><b>Interruptor de membrana con teclado de goma: durabilidad mejorada y respuesta t\u00e1ctil<\/b><\/strong><\/h2>\n<p><strong>Durabilidad y respuesta t\u00e1ctil inigualables<\/strong><\/p>\n<p>Los interruptores de membrana con teclado de goma est\u00e1n dise\u00f1ados para la excelencia y cuentan con:<\/p>\n<ul>\n<li><strong>Caucho de silicona de alta calidad para una durabilidad y flexibilidad superiores<\/strong><\/li>\n<li><strong>C\u00fapulas t\u00e1ctiles para una pulsaci\u00f3n de tecla satisfactoria y receptiva<\/strong><\/li>\n<li><strong>Resistencia a la humedad, el polvo y los entornos dif\u00edciles<\/strong><\/li>\n<li><strong>Larga vida \u00fatil con millones de accionamientos<\/strong><\/li>\n<\/ul>\n<p><strong>Experimente los beneficios<\/strong><\/p>\n<p>Con los interruptores de membrana con teclado de goma, puede esperar:<\/p>\n<ul>\n<li><strong>Reducci\u00f3n del tiempo de inactividad y de los costes de mantenimiento<\/strong><\/li>\n<li><strong>Mayor satisfacci\u00f3n del usuario y usabilidad del producto<\/strong><\/li>\n<li><strong>Mejora del rendimiento y la fiabilidad del producto<\/strong><\/li>\n<\/ul>\n<p><strong>Aplicaciones<\/strong><\/p>\n<p>Los interruptores de membrana con teclado de goma son adecuados para una amplia gama de aplicaciones, entre ellas:<\/p>\n<ul>\n<li><strong>Electr\u00f3nica de consumo<\/strong><\/li>\n<li><strong>Productos sanitarios<\/strong><\/li>\n<li><strong>Cuadros de control industrial<\/strong><\/li>\n<li><strong>Equipos de telecomunicaciones<\/strong><\/li>\n<li><strong>Y muchos m\u00e1s<\/strong><\/li>\n<\/ul>\n<p><strong>Soluciones a medida<\/strong><\/p>\n<p>Ofrecemos una amplia gama de opciones de personalizaci\u00f3n para satisfacer sus necesidades espec\u00edficas, entre las que se incluyen:<\/p>\n<ul>\n<li><strong>Variedad de tama\u00f1os y configuraciones de interruptores<\/strong><\/li>\n<li><strong>Gr\u00e1ficos y retroiluminaci\u00f3n personalizados<\/strong><\/li>\n<li><strong>Opciones de respuesta t\u00e1ctil<\/strong><\/li>\n<li><strong>Sellado y protecci\u00f3n medioambiental<\/strong><\/li>\n<\/ul>\n<p><strong>As\u00f3ciese con un proveedor experimentado de interruptores de membrana de silicona<\/strong><\/p>\n<p>Con a\u00f1os de experiencia y un compromiso con la calidad, somos su fuente de confianza para los interruptores de membrana con teclado de goma. Nuestro equipo de expertos puede ayudarle a dise\u00f1ar y fabricar los interruptores perfectos para su aplicaci\u00f3n.<\/p>\n<p><strong>P\u00f3ngase en contacto con nosotros<\/strong>\u00a0para obtener m\u00e1s informaci\u00f3n sobre nuestros interruptores de membrana con teclado de goma y c\u00f3mo podemos ayudarle a lograr un rendimiento, una durabilidad y una satisfacci\u00f3n del usuario superiores en sus productos.<\/p>","protected":false},"excerpt":{"rendered":"<p>Experimente la combinaci\u00f3n perfecta de durabilidad y retroalimentaci\u00f3n t\u00e1ctil con nuestros interruptores de membrana con teclado de goma. Estos interruptores vers\u00e1tiles ofrecen una experiencia de usuario c\u00f3moda, un rendimiento duradero y soluciones rentables para una amplia gama de aplicaciones.<\/p>","protected":false},"featured_media":1758,"template":"","meta":[],"product_brand":[],"product_cat":[40],"product_tag":[],"class_list":{"0":"post-1776","1":"product","2":"type-product","3":"status-publish","4":"has-post-thumbnail","6":"product_cat-membrane-switch","8":"first","9":"instock","10":"shipping-taxable","11":"product-type-simple"},"_links":{"self":[{"href":"https:\/\/membraneswitchmfg.com\/es\/wp-json\/wp\/v2\/product\/1776","targetHints":{"allow":["GET"]}}],"collection":[{"href":"https:\/\/membraneswitchmfg.com\/es\/wp-json\/wp\/v2\/product"}],"about":[{"href":"https:\/\/membraneswitchmfg.com\/es\/wp-json\/wp\/v2\/types\/product"}],"wp:featuredmedia":[{"embeddable":true,"href":"https:\/\/membraneswitchmfg.com\/es\/wp-json\/wp\/v2\/media\/1758"}],"wp:attachment":[{"href":"https:\/\/membraneswitchmfg.com\/es\/wp-json\/wp\/v2\/media?parent=1776"}],"wp:term":[{"taxonomy":"product_brand","embeddable":true,"href":"https:\/\/membraneswitchmfg.com\/es\/wp-json\/wp\/v2\/product_brand?post=1776"},{"taxonomy":"product_cat","embeddable":true,"href":"https:\/\/membraneswitchmfg.com\/es\/wp-json\/wp\/v2\/product_cat?post=1776"},{"taxonomy":"product_tag","embeddable":true,"href":"https:\/\/membraneswitchmfg.com\/es\/wp-json\/wp\/v2\/product_tag?post=1776"}],"curies":[{"name":"wp","href":"https:\/\/api.w.org\/{rel}","templated":true}]}}