{"id":1777,"date":"2024-06-24T05:57:57","date_gmt":"2024-06-24T05:57:57","guid":{"rendered":"https:\/\/membraneswitchmfg.com\/manufacturer\/graphic-overlay\/"},"modified":"2024-07-25T08:41:13","modified_gmt":"2024-07-25T08:41:13","slug":"graphic-overlay","status":"publish","type":"product","link":"https:\/\/membraneswitchmfg.com\/es\/manufacturer\/graphic-overlay\/","title":{"rendered":"Superposici\u00f3n gr\u00e1fica"},"content":{"rendered":"<h2><strong><b>Superposiciones gr\u00e1ficas: mejora de la experiencia del usuario y la identidad de marca<\/b><\/strong><\/h2>\n<p><strong>Mejora de la experiencia del usuario<\/strong><\/p>\n<p>Las superposiciones gr\u00e1ficas desempe\u00f1an un papel crucial en la mejora de la experiencia del usuario al:<\/p>\n<ul>\n<li><strong>Proporcionar instrucciones y etiquetas claras<\/strong><\/li>\n<li><strong>Guiar a los usuarios a trav\u00e9s del funcionamiento y la funci\u00f3n<\/strong><\/li>\n<li><strong>Mostrar advertencias e informaci\u00f3n de seguridad<\/strong><\/li>\n<li><strong>Crear una interfaz intuitiva y f\u00e1cil de usar<\/strong><\/li>\n<\/ul>\n<p><strong>Marca e identidad<\/strong><\/p>\n<p>Las superposiciones gr\u00e1ficas sirven como herramientas poderosas para la comunicaci\u00f3n de la marca al:<\/p>\n<ul>\n<li><strong>Mostrar logotipos de la empresa y elementos de marca<\/strong><\/li>\n<li><strong>Reforzar la identidad de marca y los mensajes<\/strong><\/li>\n<li><strong>Crear una imagen de marca cohesionada y profesional<\/strong><\/li>\n<\/ul>\n<p><strong>Aplicaciones<\/strong><\/p>\n<p>Las superposiciones gr\u00e1ficas se utilizan ampliamente en una amplia gama de aplicaciones, que incluyen:<\/p>\n<ul>\n<li><strong>Cuadros de control industrial<\/strong><\/li>\n<li><strong>Productos sanitarios<\/strong><\/li>\n<li><strong>Electr\u00f3nica de consumo<\/strong><\/li>\n<li><strong>Electrodom\u00e9sticos<\/strong><\/li>\n<li><strong>Maquinaria y equipos<\/strong><\/li>\n<\/ul>\n<p><strong>Soluciones a medida<\/strong><\/p>\n<p>Ofrecemos una amplia gama de opciones de personalizaci\u00f3n para satisfacer sus necesidades espec\u00edficas, entre las que se incluyen:<\/p>\n<ul>\n<li><strong>Variedad de materiales y acabados<\/strong><\/li>\n<li><strong>Gr\u00e1ficos y dise\u00f1os personalizados<\/strong><\/li>\n<li><strong>Opciones de retroiluminaci\u00f3n e iluminaci\u00f3n<\/strong><\/li>\n<li><strong>Grabado en relieve y texturas<\/strong><\/li>\n<\/ul>\n<p><strong>As\u00f3ciese con un fabricante de recubrimientos gr\u00e1ficos con experiencia<\/strong><\/p>\n<p>Con a\u00f1os de experiencia y un compromiso con la calidad, somos su fuente confiable de superposiciones gr\u00e1ficas personalizadas. Nuestro equipo de expertos puede ayudarlo a dise\u00f1ar y fabricar las superposiciones perfectas para mejorar la funcionalidad, la experiencia del usuario y la identidad de marca de su producto.<\/p>\n<p><strong>P\u00f3ngase en contacto con nosotros<\/strong>\u00a0para obtener m\u00e1s informaci\u00f3n sobre nuestras soluciones de sobreimpresi\u00f3n gr\u00e1fica y c\u00f3mo podemos ayudarle a mejorar sus productos.<\/p>\n<p><strong>Palabras clave adicionales:<\/strong>\u00a0interruptor de nivel de membrana, membrana de interruptor, superposici\u00f3n gr\u00e1fica<\/p>\n<h2><strong><b>Placas de identificaci\u00f3n: Mejore la identidad y la funcionalidad de su producto<\/b><\/strong><\/h2>\n<p><strong>Eleve la identidad de su producto<\/strong><\/p>\n<p>Las placas de identificaci\u00f3n desempe\u00f1an un papel vital en el establecimiento de la identidad de su marca al:<\/p>\n<ul>\n<li><strong>Mostrar de manera destacada el logotipo y el nombre de su empresa<\/strong><\/li>\n<li><strong>Reforzar los mensajes y valores de su marca<\/strong><\/li>\n<li><strong>Crear una imagen de marca cohesionada y profesional<\/strong><\/li>\n<\/ul>\n<p><strong>Transmitir informaci\u00f3n esencial<\/strong><\/p>\n<p>Las placas de identificaci\u00f3n comunican eficazmente informaci\u00f3n esencial del producto, incluyendo:<\/p>\n<ul>\n<li><strong>Nombre del producto y n\u00famero de modelo<\/strong><\/li>\n<li><strong>Marcado y certificaciones regulatorias<\/strong><\/li>\n<li><strong>Instrucciones y advertencias operacionales<\/strong><\/li>\n<li><strong>Informaci\u00f3n de contacto para soporte<\/strong><\/li>\n<\/ul>\n<p><strong>Mejorar la funcionalidad del producto<\/strong><\/p>\n<p>Las placas de identificaci\u00f3n tambi\u00e9n pueden incorporar elementos funcionales, tales como:<\/p>\n<ul>\n<li><strong>Interruptores de membrana de bot\u00f3n pulsador para la interacci\u00f3n del usuario<\/strong><\/li>\n<li><strong>Indicadores LED para actualizaciones de estado<\/strong><\/li>\n<li><strong>Etiquetas de c\u00f3digo de barras para una f\u00e1cil identificaci\u00f3n<\/strong><\/li>\n<\/ul>\n<p><strong>Aplicaciones<\/strong><\/p>\n<p>Las placas de identificaci\u00f3n se utilizan ampliamente en una amplia gama de aplicaciones, incluyendo:<\/p>\n<ul>\n<li><strong>Cuadros de control industrial<\/strong><\/li>\n<li><strong>Productos sanitarios<\/strong><\/li>\n<li><strong>Electr\u00f3nica de consumo<\/strong><\/li>\n<li><strong>Electrodom\u00e9sticos<\/strong><\/li>\n<li><strong>Maquinaria y equipos<\/strong><\/li>\n<\/ul>\n<p><strong>Soluciones a medida<\/strong><\/p>\n<p>Ofrecemos una amplia gama de opciones de personalizaci\u00f3n para satisfacer sus necesidades espec\u00edficas, entre las que se incluyen:<\/p>\n<ul>\n<li><strong>Variedad de materiales y acabados<\/strong><\/li>\n<li><strong>Gr\u00e1ficos y dise\u00f1os personalizados<\/strong><\/li>\n<li><strong>Opciones de retroiluminaci\u00f3n e iluminaci\u00f3n<\/strong><\/li>\n<li><strong>Grabado en relieve y texturas<\/strong><\/li>\n<\/ul>\n<p><strong>As\u00f3ciese con un fabricante de placas de identificaci\u00f3n con experiencia<\/strong><\/p>\n<p>Con a\u00f1os de experiencia y un compromiso con la calidad, somos su fuente confiable de placas de identificaci\u00f3n personalizadas. Nuestro equipo de expertos puede ayudarlo a dise\u00f1ar y fabricar las placas de identificaci\u00f3n perfectas para mejorar la identidad, la funcionalidad y el atractivo est\u00e9tico de su producto.<\/p>\n<p><strong>P\u00f3ngase en contacto con nosotros<\/strong>\u00a0para obtener m\u00e1s informaci\u00f3n sobre nuestras soluciones de placas de identificaci\u00f3n y c\u00f3mo podemos ayudarlo a mejorar sus productos.<\/p>\n<p><strong>Palabras clave adicionales:<\/strong>\u00a0interruptor de membrana de bot\u00f3n pulsador, membrana tipo interruptor, placa de identificaci\u00f3n<\/p>","protected":false},"excerpt":{"rendered":"<p>Las superposiciones gr\u00e1ficas, tambi\u00e9n conocidas como placas de identificaci\u00f3n o paneles frontales, son componentes esenciales que elevan la experiencia del usuario y la identidad de marca de los dispositivos electr\u00f3nicos. Estas finas capas de material pl\u00e1stico o polim\u00e9rico, con gr\u00e1ficos y texto impresos a medida, se integran perfectamente en la superficie del dispositivo.<\/p>","protected":false},"featured_media":1749,"template":"","meta":[],"product_brand":[],"product_cat":[40],"product_tag":[],"class_list":{"0":"post-1777","1":"product","2":"type-product","3":"status-publish","4":"has-post-thumbnail","6":"product_cat-membrane-switch","8":"first","9":"instock","10":"shipping-taxable","11":"product-type-simple"},"_links":{"self":[{"href":"https:\/\/membraneswitchmfg.com\/es\/wp-json\/wp\/v2\/product\/1777","targetHints":{"allow":["GET"]}}],"collection":[{"href":"https:\/\/membraneswitchmfg.com\/es\/wp-json\/wp\/v2\/product"}],"about":[{"href":"https:\/\/membraneswitchmfg.com\/es\/wp-json\/wp\/v2\/types\/product"}],"wp:featuredmedia":[{"embeddable":true,"href":"https:\/\/membraneswitchmfg.com\/es\/wp-json\/wp\/v2\/media\/1749"}],"wp:attachment":[{"href":"https:\/\/membraneswitchmfg.com\/es\/wp-json\/wp\/v2\/media?parent=1777"}],"wp:term":[{"taxonomy":"product_brand","embeddable":true,"href":"https:\/\/membraneswitchmfg.com\/es\/wp-json\/wp\/v2\/product_brand?post=1777"},{"taxonomy":"product_cat","embeddable":true,"href":"https:\/\/membraneswitchmfg.com\/es\/wp-json\/wp\/v2\/product_cat?post=1777"},{"taxonomy":"product_tag","embeddable":true,"href":"https:\/\/membraneswitchmfg.com\/es\/wp-json\/wp\/v2\/product_tag?post=1777"}],"curies":[{"name":"wp","href":"https:\/\/api.w.org\/{rel}","templated":true}]}}