{"id":1778,"date":"2024-06-24T05:57:57","date_gmt":"2024-06-24T05:57:57","guid":{"rendered":"https:\/\/membraneswitchmfg.com\/manufacturer\/nameplate\/"},"modified":"2024-07-25T09:10:27","modified_gmt":"2024-07-25T09:10:27","slug":"nameplate","status":"publish","type":"product","link":"https:\/\/membraneswitchmfg.com\/es\/manufacturer\/nameplate\/","title":{"rendered":"Placa de caracter\u00edsticas"},"content":{"rendered":"<h2><strong><b>Placas de identificaci\u00f3n: Mejore la identidad y la funcionalidad de su producto<\/b><\/strong><\/h2>\n<p><strong>Eleve la identidad de su producto<\/strong><\/p>\n<p>Las placas de identificaci\u00f3n desempe\u00f1an un papel vital en el establecimiento de la identidad de su marca al:<\/p>\n<ul>\n<li><strong>Mostrar de manera destacada el logotipo y el nombre de su empresa<\/strong><\/li>\n<li><strong>Reforzar los mensajes y valores de su marca<\/strong><\/li>\n<li><strong>Crear una imagen de marca cohesionada y profesional<\/strong><\/li>\n<\/ul>\n<p><strong>Transmitir informaci\u00f3n esencial<\/strong><\/p>\n<p>Las placas de identificaci\u00f3n comunican eficazmente informaci\u00f3n esencial del producto, incluyendo:<\/p>\n<ul>\n<li><strong>Nombre del producto y n\u00famero de modelo<\/strong><\/li>\n<li><strong>Marcado y certificaciones regulatorias<\/strong><\/li>\n<li><strong>Instrucciones y advertencias operacionales<\/strong><\/li>\n<li><strong>Informaci\u00f3n de contacto para soporte<\/strong><\/li>\n<\/ul>\n<p><strong>Mejorar la funcionalidad del producto<\/strong><\/p>\n<p>Las placas de identificaci\u00f3n tambi\u00e9n pueden incorporar elementos funcionales, tales como:<\/p>\n<ul>\n<li><strong>Interruptores de membrana de bot\u00f3n pulsador para la interacci\u00f3n del usuario<\/strong><\/li>\n<li><strong>Indicadores LED para actualizaciones de estado<\/strong><\/li>\n<li><strong>Etiquetas de c\u00f3digo de barras para una f\u00e1cil identificaci\u00f3n<\/strong><\/li>\n<\/ul>\n<p><strong>Aplicaciones<\/strong><\/p>\n<p>Las placas de identificaci\u00f3n se utilizan ampliamente en una amplia gama de aplicaciones, incluyendo:<\/p>\n<ul>\n<li><strong>Cuadros de control industrial<\/strong><\/li>\n<li><strong>Productos sanitarios<\/strong><\/li>\n<li><strong>Electr\u00f3nica de consumo<\/strong><\/li>\n<li><strong>Electrodom\u00e9sticos<\/strong><\/li>\n<li><strong>Maquinaria y equipos<\/strong><\/li>\n<\/ul>\n<p><strong>Soluciones a medida<\/strong><\/p>\n<p>Ofrecemos una amplia gama de opciones de personalizaci\u00f3n para satisfacer sus necesidades espec\u00edficas, entre las que se incluyen:<\/p>\n<ul>\n<li><strong>Variedad de materiales y acabados<\/strong><\/li>\n<li><strong>Gr\u00e1ficos y dise\u00f1os personalizados<\/strong><\/li>\n<li><strong>Opciones de retroiluminaci\u00f3n e iluminaci\u00f3n<\/strong><\/li>\n<li><strong>Grabado en relieve y texturas<\/strong><\/li>\n<\/ul>\n<p><strong>As\u00f3ciese con un fabricante de placas de identificaci\u00f3n con experiencia<\/strong><\/p>\n<p>Con a\u00f1os de experiencia y un compromiso con la calidad, somos su fuente confiable de placas de identificaci\u00f3n personalizadas. Nuestro equipo de expertos puede ayudarlo a dise\u00f1ar y fabricar las placas de identificaci\u00f3n perfectas para mejorar la identidad, la funcionalidad y el atractivo est\u00e9tico de su producto.<\/p>\n<p>Cont\u00e1ctenos hoy\u00a0para obtener m\u00e1s informaci\u00f3n sobre nuestras soluciones de placas de identificaci\u00f3n y c\u00f3mo podemos ayudarlo a mejorar sus productos.<\/p>\n<p><strong>Palabras clave adicionales:<\/strong>\u00a0interruptor de membrana de bot\u00f3n pulsador, membrana tipo interruptor, placa de identificaci\u00f3n<\/p>","protected":false},"excerpt":{"rendered":"<p>Las placas de identificaci\u00f3n, tambi\u00e9n conocidas como paneles frontales o placas de identificaci\u00f3n, sirven como la cara de su dispositivo electr\u00f3nico, transmitiendo informaci\u00f3n crucial y mejorando su atractivo est\u00e9tico general. Estos paneles duraderos suelen estar hechos de pl\u00e1stico o metal y est\u00e1n impresos a medida con logotipos de empresas, elementos de marca y especificaciones de productos.<\/p>","protected":false},"featured_media":1755,"template":"","meta":[],"product_brand":[],"product_cat":[15],"product_tag":[],"class_list":{"0":"post-1778","1":"product","2":"type-product","3":"status-publish","4":"has-post-thumbnail","6":"product_cat-print-label","8":"first","9":"instock","10":"shipping-taxable","11":"product-type-simple"},"_links":{"self":[{"href":"https:\/\/membraneswitchmfg.com\/es\/wp-json\/wp\/v2\/product\/1778","targetHints":{"allow":["GET"]}}],"collection":[{"href":"https:\/\/membraneswitchmfg.com\/es\/wp-json\/wp\/v2\/product"}],"about":[{"href":"https:\/\/membraneswitchmfg.com\/es\/wp-json\/wp\/v2\/types\/product"}],"wp:featuredmedia":[{"embeddable":true,"href":"https:\/\/membraneswitchmfg.com\/es\/wp-json\/wp\/v2\/media\/1755"}],"wp:attachment":[{"href":"https:\/\/membraneswitchmfg.com\/es\/wp-json\/wp\/v2\/media?parent=1778"}],"wp:term":[{"taxonomy":"product_brand","embeddable":true,"href":"https:\/\/membraneswitchmfg.com\/es\/wp-json\/wp\/v2\/product_brand?post=1778"},{"taxonomy":"product_cat","embeddable":true,"href":"https:\/\/membraneswitchmfg.com\/es\/wp-json\/wp\/v2\/product_cat?post=1778"},{"taxonomy":"product_tag","embeddable":true,"href":"https:\/\/membraneswitchmfg.com\/es\/wp-json\/wp\/v2\/product_tag?post=1778"}],"curies":[{"name":"wp","href":"https:\/\/api.w.org\/{rel}","templated":true}]}}