{"id":1779,"date":"2024-06-24T05:57:57","date_gmt":"2024-06-24T05:57:57","guid":{"rendered":"https:\/\/membraneswitchmfg.com\/manufacturer\/label\/"},"modified":"2024-07-25T09:16:57","modified_gmt":"2024-07-25T09:16:57","slug":"label","status":"publish","type":"product","link":"https:\/\/membraneswitchmfg.com\/es\/manufacturer\/label\/","title":{"rendered":"Etiqueta"},"content":{"rendered":"<h2><strong><b>Etiquetas: Mejora de la identificaci\u00f3n y la comunicaci\u00f3n del producto<\/b><\/strong><\/h2>\n<p><strong>Identificaci\u00f3n eficaz del producto<\/strong><\/p>\n<p>Las etiquetas desempe\u00f1an un papel crucial en la identificaci\u00f3n del producto al:<\/p>\n<ul>\n<li><strong>Mostrar nombres de productos, logotipos y marcas comerciales<\/strong><\/li>\n<li><strong>Proporcionar n\u00fameros de serie o c\u00f3digos de barras \u00fanicos<\/strong><\/li>\n<li><strong>Comunicar las especificaciones y caracter\u00edsticas del producto<\/strong><\/li>\n<\/ul>\n<p><strong>Garantizar el cumplimiento normativo<\/strong><\/p>\n<p>Las etiquetas son esenciales para garantizar el cumplimiento de diversas regulaciones y est\u00e1ndares, incluyendo:<\/p>\n<ul>\n<li><strong>Advertencias e instrucciones de seguridad<\/strong><\/li>\n<li><strong>Informaci\u00f3n sobre el contenido del material<\/strong><\/li>\n<li><strong>Instrucciones de eliminaci\u00f3n y reciclaje<\/strong><\/li>\n<\/ul>\n<p><strong>Mejora de la comunicaci\u00f3n y la marca<\/strong><\/p>\n<p>Las etiquetas tambi\u00e9n se pueden utilizar para mejorar la comunicaci\u00f3n y la marca al:<\/p>\n<ul>\n<li><strong>Mostrar logotipos de la empresa y elementos de marca<\/strong><\/li>\n<li><strong>Reforzar los mensajes y valores de la marca<\/strong><\/li>\n<li><strong>Crear una imagen de marca cohesionada y profesional<\/strong><\/li>\n<\/ul>\n<p><strong>Aplicaciones<\/strong><\/p>\n<p>Las etiquetas se utilizan ampliamente en una amplia gama de aplicaciones, incluyendo:<\/p>\n<ul>\n<li><strong>Electr\u00f3nica de consumo<\/strong><\/li>\n<li><strong>Productos sanitarios<\/strong><\/li>\n<li><strong>Envasado de alimentos y bebidas<\/strong><\/li>\n<li><strong>Productos industriales<\/strong><\/li>\n<li><strong>Env\u00edo y log\u00edstica<\/strong><\/li>\n<\/ul>\n<p><strong>Soluciones a medida<\/strong><\/p>\n<p>Ofrecemos una amplia gama de opciones de personalizaci\u00f3n para satisfacer sus necesidades espec\u00edficas, entre las que se incluyen:<\/p>\n<ul>\n<li><strong>Variedad de materiales y acabados<\/strong><\/li>\n<li><strong>Impresi\u00f3n y gr\u00e1ficos personalizados<\/strong><\/li>\n<li><strong>Troquelado y formas<\/strong><\/li>\n<li><strong>Opciones de adhesivo<\/strong><\/li>\n<\/ul>\n<p><strong>As\u00f3ciese con un fabricante de etiquetas experimentado<\/strong><\/p>\n<p>Con a\u00f1os de experiencia y un compromiso con la calidad, somos su fuente confiable de etiquetas personalizadas. Nuestro equipo de expertos puede ayudarle a dise\u00f1ar y fabricar las etiquetas perfectas para mejorar la identificaci\u00f3n, la comunicaci\u00f3n y la marca de su producto.<\/p>\n<p><strong>P\u00f3ngase en contacto con nosotros<\/strong>\u00a0para obtener m\u00e1s informaci\u00f3n sobre nuestras soluciones de etiquetado y c\u00f3mo podemos ayudarle a mejorar sus productos.<\/p>","protected":false},"excerpt":{"rendered":"<p>Las etiquetas son componentes esenciales que proporcionan informaci\u00f3n clara y concisa sobre los productos, garantizando su uso adecuado, identificaci\u00f3n y cumplimiento de las normativas. Estas etiquetas vers\u00e1tiles se pueden adherir a una amplia gama de superficies, incluidos los embalajes, los componentes y los productos terminados.<\/p>","protected":false},"featured_media":1750,"template":"","meta":[],"product_brand":[],"product_cat":[15],"product_tag":[],"class_list":{"0":"post-1779","1":"product","2":"type-product","3":"status-publish","4":"has-post-thumbnail","6":"product_cat-print-label","8":"first","9":"instock","10":"shipping-taxable","11":"product-type-simple"},"_links":{"self":[{"href":"https:\/\/membraneswitchmfg.com\/es\/wp-json\/wp\/v2\/product\/1779","targetHints":{"allow":["GET"]}}],"collection":[{"href":"https:\/\/membraneswitchmfg.com\/es\/wp-json\/wp\/v2\/product"}],"about":[{"href":"https:\/\/membraneswitchmfg.com\/es\/wp-json\/wp\/v2\/types\/product"}],"wp:featuredmedia":[{"embeddable":true,"href":"https:\/\/membraneswitchmfg.com\/es\/wp-json\/wp\/v2\/media\/1750"}],"wp:attachment":[{"href":"https:\/\/membraneswitchmfg.com\/es\/wp-json\/wp\/v2\/media?parent=1779"}],"wp:term":[{"taxonomy":"product_brand","embeddable":true,"href":"https:\/\/membraneswitchmfg.com\/es\/wp-json\/wp\/v2\/product_brand?post=1779"},{"taxonomy":"product_cat","embeddable":true,"href":"https:\/\/membraneswitchmfg.com\/es\/wp-json\/wp\/v2\/product_cat?post=1779"},{"taxonomy":"product_tag","embeddable":true,"href":"https:\/\/membraneswitchmfg.com\/es\/wp-json\/wp\/v2\/product_tag?post=1779"}],"curies":[{"name":"wp","href":"https:\/\/api.w.org\/{rel}","templated":true}]}}