{"id":1780,"date":"2024-06-24T05:57:57","date_gmt":"2024-06-24T05:57:57","guid":{"rendered":"https:\/\/membraneswitchmfg.com\/manufacturer\/membrane-switch-with-backlighting\/"},"modified":"2024-06-25T13:56:06","modified_gmt":"2024-06-25T13:56:06","slug":"membrane-switch-with-backlighting","status":"publish","type":"product","link":"https:\/\/membraneswitchmfg.com\/es\/manufacturer\/membrane-switch-with-backlighting\/","title":{"rendered":"Interruptor de membrana con retroiluminaci\u00f3n"},"content":{"rendered":"<h2><strong><b>Interruptores de membrana con retroiluminaci\u00f3n: visibilidad mejorada y experiencia del usuario<\/b><\/strong><\/h2>\n<p><strong>Visibilidad mejorada en entornos con poca luz<\/strong><\/p>\n<p>Los interruptores de membrana con retroiluminaci\u00f3n garantizan que las teclas y las leyendas sean f\u00e1cilmente visibles, incluso en entornos con poca luz u oscuros. Esto es particularmente crucial para aplicaciones donde los dispositivos se operan en condiciones de poca luz, tales como:<\/p>\n<ul>\n<li><strong>Equipo m\u00e9dico<\/strong><\/li>\n<li><strong>Cuadros de control industrial<\/strong><\/li>\n<li><strong>Equipos de aviaci\u00f3n y aeroespaciales<\/strong><\/li>\n<li><strong>Aplicaciones militares<\/strong><\/li>\n<li><strong>Electr\u00f3nica de consumo<\/strong><\/li>\n<\/ul>\n<p><strong>Experiencia de usuario mejorada<\/strong><\/p>\n<p>Los interruptores de membrana retroiluminados no solo mejoran la visibilidad, sino que tambi\u00e9n mejoran la experiencia general del usuario al:<\/p>\n<ul>\n<li><strong>Reducir errores y mejorar la precisi\u00f3n<\/strong><\/li>\n<li><strong>Guiar a los usuarios a trav\u00e9s del funcionamiento y la funci\u00f3n<\/strong><\/li>\n<li><strong>Crear una interfaz m\u00e1s intuitiva y f\u00e1cil de usar<\/strong><\/li>\n<li><strong>Agregar un toque de elegancia y sofisticaci\u00f3n al dispositivo<\/strong><\/li>\n<\/ul>\n<p><strong>Variedad de opciones de retroiluminaci\u00f3n<\/strong><\/p>\n<p>Los interruptores de membrana con retroiluminaci\u00f3n ofrecen una amplia gama de opciones de personalizaci\u00f3n, que incluyen:<\/p>\n<ul>\n<li><strong>Diferentes colores e intensidades de LED<\/strong><\/li>\n<li><strong>Retroiluminaci\u00f3n uniforme o por zonas<\/strong><\/li>\n<li><strong>Efectos de iluminaci\u00f3n est\u00e1ticos o din\u00e1micos<\/strong><\/li>\n<li><strong>Gr\u00e1ficos e iconos personalizados<\/strong><\/li>\n<\/ul>\n<p><strong>As\u00f3ciese con un fabricante experimentado de interruptores de membrana retroiluminados<\/strong><\/p>\n<p>Con a\u00f1os de experiencia y un compromiso con la calidad, somos su fuente confiable de interruptores de membrana retroiluminados personalizados. Nuestro equipo de expertos puede ayudarlo a dise\u00f1ar y fabricar los interruptores perfectos para mejorar la visibilidad, la experiencia del usuario y el atractivo est\u00e9tico general de su producto.<\/p>\n<p><strong>P\u00f3ngase en contacto con nosotros<\/strong>\u00a0para obtener m\u00e1s informaci\u00f3n sobre nuestras soluciones de interruptores de membrana retroiluminados y c\u00f3mo podemos ayudarlo a mejorar sus productos.<\/p>","protected":false},"excerpt":{"rendered":"<p>Los interruptores de membrana con retroiluminaci\u00f3n mejoran la experiencia del usuario y la funcionalidad de los dispositivos electr\u00f3nicos al proporcionar una visibilidad clara en condiciones de poca luz. Estos interruptores innovadores combinan la respuesta t\u00e1ctil de los interruptores de membrana tradicionales con el poder de iluminaci\u00f3n de los LED, creando una interfaz f\u00e1cil de usar y visualmente atractiva.<\/p>","protected":false},"featured_media":1752,"template":"","meta":[],"product_brand":[],"product_cat":[40],"product_tag":[],"class_list":{"0":"post-1780","1":"product","2":"type-product","3":"status-publish","4":"has-post-thumbnail","6":"product_cat-membrane-switch","8":"first","9":"instock","10":"shipping-taxable","11":"product-type-simple"},"_links":{"self":[{"href":"https:\/\/membraneswitchmfg.com\/es\/wp-json\/wp\/v2\/product\/1780","targetHints":{"allow":["GET"]}}],"collection":[{"href":"https:\/\/membraneswitchmfg.com\/es\/wp-json\/wp\/v2\/product"}],"about":[{"href":"https:\/\/membraneswitchmfg.com\/es\/wp-json\/wp\/v2\/types\/product"}],"wp:featuredmedia":[{"embeddable":true,"href":"https:\/\/membraneswitchmfg.com\/es\/wp-json\/wp\/v2\/media\/1752"}],"wp:attachment":[{"href":"https:\/\/membraneswitchmfg.com\/es\/wp-json\/wp\/v2\/media?parent=1780"}],"wp:term":[{"taxonomy":"product_brand","embeddable":true,"href":"https:\/\/membraneswitchmfg.com\/es\/wp-json\/wp\/v2\/product_brand?post=1780"},{"taxonomy":"product_cat","embeddable":true,"href":"https:\/\/membraneswitchmfg.com\/es\/wp-json\/wp\/v2\/product_cat?post=1780"},{"taxonomy":"product_tag","embeddable":true,"href":"https:\/\/membraneswitchmfg.com\/es\/wp-json\/wp\/v2\/product_tag?post=1780"}],"curies":[{"name":"wp","href":"https:\/\/api.w.org\/{rel}","templated":true}]}}