{"id":1781,"date":"2024-06-24T05:57:57","date_gmt":"2024-06-24T05:57:57","guid":{"rendered":"https:\/\/membraneswitchmfg.com\/manufacturer\/membrane-switch-back-support\/"},"modified":"2024-07-25T08:37:56","modified_gmt":"2024-07-25T08:37:56","slug":"membrane-switch-back-support","status":"publish","type":"product","link":"https:\/\/membraneswitchmfg.com\/es\/manufacturer\/membrane-switch-back-support\/","title":{"rendered":"Interruptor de membrana + respaldo"},"content":{"rendered":"<h2><strong><b>Interruptor de membrana + soporte para la espalda: Mayor durabilidad y funcionalidad<\/b><\/strong><\/h2>\n<p><strong>Mayor durabilidad y estabilidad<\/strong><\/p>\n<p>El soporte trasero proporciona una base r\u00edgida para el interruptor de membrana, mejorando significativamente su durabilidad y vida \u00fatil. Esto es especialmente beneficioso en entornos en los que el interruptor se somete a un uso frecuente o a condiciones duras.<\/p>\n<ul>\n<li><strong>Resiste la deformaci\u00f3n y el desgaste<\/strong><\/li>\n<li><strong>Protege el interruptor de golpes y vibraciones<\/strong><\/li>\n<li><strong>Prolonga la vida \u00fatil del interruptor<\/strong><\/li>\n<\/ul>\n<p><strong>Funcionalidad y opciones de montaje mejoradas<\/strong><\/p>\n<p>El soporte trasero facilita el montaje seguro y preciso del interruptor de membrana, garantizando su correcta alineaci\u00f3n y funcionamiento. Tambi\u00e9n permite integrar componentes adicionales, como LED y conectores.<\/p>\n<ul>\n<li><strong>Permite el montaje empotrado o elevado<\/strong><\/li>\n<li><strong>Proporciona orificios de montaje y esp\u00e1rragos<\/strong><\/li>\n<li><strong>Permite integrar la electr\u00f3nica<\/strong><\/li>\n<\/ul>\n<p><strong>Mejora de la est\u00e9tica y el aspecto profesional<\/strong><\/p>\n<p>El soporte trasero mejora la est\u00e9tica general del interruptor de membrana, creando un aspecto m\u00e1s profesional y visualmente atractivo. Puede personalizarse con colores, texturas y acabados a juego con el dise\u00f1o del dispositivo.<\/p>\n<ul>\n<li><strong>Dise\u00f1o elegante y moderno<\/strong><\/li>\n<li><strong>Variedad de colores y acabados<\/strong><\/li>\n<li><strong>Gr\u00e1ficos y logotipos personalizables<\/strong><\/li>\n<\/ul>\n<p><strong>Aplicaciones<\/strong><\/p>\n<p>Los interruptores de membrana con respaldo se utilizan ampliamente en diversas aplicaciones, entre ellas:<\/p>\n<ul>\n<li><strong>Cuadros de control industrial<\/strong><\/li>\n<li><strong>Productos sanitarios<\/strong><\/li>\n<li><strong>Electr\u00f3nica de consumo<\/strong><\/li>\n<li><strong>Equipos de telecomunicaciones<\/strong><\/li>\n<li><strong>Consolas de transporte<\/strong><\/li>\n<\/ul>\n<p><strong>Soluciones a medida<\/strong><\/p>\n<p>Ofrecemos una amplia gama de opciones de personalizaci\u00f3n para satisfacer sus necesidades espec\u00edficas, entre las que se incluyen:<\/p>\n<ul>\n<li><strong>Variedad de materiales de soporte para la espalda (aluminio, pl\u00e1stico, etc.)<\/strong><\/li>\n<li><strong>Dimensiones y formas personalizadas<\/strong><\/li>\n<li><strong>Recortes y orificios para componentes<\/strong><\/li>\n<li><strong>Tratamientos superficiales y acabados<\/strong><\/li>\n<\/ul>\n<p><strong>As\u00f3ciese con un fabricante de interruptores de membrana con experiencia<\/strong><\/p>\n<p>Con a\u00f1os de experiencia y un compromiso con la calidad, somos su fuente de confianza para interruptores de membrana personalizados con respaldo. Nuestro equipo de expertos puede ayudarle a dise\u00f1ar y fabricar los interruptores perfectos para mejorar la durabilidad, funcionalidad y atractivo est\u00e9tico de su producto.<\/p>\n<p><strong>P\u00f3ngase en contacto con nosotros<\/strong>\u00a0para obtener m\u00e1s informaci\u00f3n sobre nuestras soluciones de interruptores de membrana con respaldo y sobre c\u00f3mo podemos ayudarle a elevar sus productos.<\/p>\n<p><strong>Palabras clave adicionales:<\/strong>\u00a0interruptor de membrana flexible, interruptor de membrana on off<\/p>","protected":false},"excerpt":{"rendered":"<p>Los interruptores de membrana combinados con un soporte trasero ofrecen una soluci\u00f3n robusta y vers\u00e1til para interfaces de usuario, ya que combinan la respuesta t\u00e1ctil de los interruptores de membrana con la integridad estructural de un panel trasero. Esta integraci\u00f3n mejora la durabilidad, la funcionalidad y el atractivo est\u00e9tico del interruptor, por lo que resulta ideal para una amplia gama de aplicaciones.<\/p>","protected":false},"featured_media":1754,"template":"","meta":[],"product_brand":[],"product_cat":[40],"product_tag":[],"class_list":{"0":"post-1781","1":"product","2":"type-product","3":"status-publish","4":"has-post-thumbnail","6":"product_cat-membrane-switch","8":"first","9":"instock","10":"shipping-taxable","11":"product-type-simple"},"_links":{"self":[{"href":"https:\/\/membraneswitchmfg.com\/es\/wp-json\/wp\/v2\/product\/1781","targetHints":{"allow":["GET"]}}],"collection":[{"href":"https:\/\/membraneswitchmfg.com\/es\/wp-json\/wp\/v2\/product"}],"about":[{"href":"https:\/\/membraneswitchmfg.com\/es\/wp-json\/wp\/v2\/types\/product"}],"wp:featuredmedia":[{"embeddable":true,"href":"https:\/\/membraneswitchmfg.com\/es\/wp-json\/wp\/v2\/media\/1754"}],"wp:attachment":[{"href":"https:\/\/membraneswitchmfg.com\/es\/wp-json\/wp\/v2\/media?parent=1781"}],"wp:term":[{"taxonomy":"product_brand","embeddable":true,"href":"https:\/\/membraneswitchmfg.com\/es\/wp-json\/wp\/v2\/product_brand?post=1781"},{"taxonomy":"product_cat","embeddable":true,"href":"https:\/\/membraneswitchmfg.com\/es\/wp-json\/wp\/v2\/product_cat?post=1781"},{"taxonomy":"product_tag","embeddable":true,"href":"https:\/\/membraneswitchmfg.com\/es\/wp-json\/wp\/v2\/product_tag?post=1781"}],"curies":[{"name":"wp","href":"https:\/\/api.w.org\/{rel}","templated":true}]}}