{"id":1782,"date":"2024-06-24T05:57:57","date_gmt":"2024-06-24T05:57:57","guid":{"rendered":"https:\/\/membraneswitchmfg.com\/manufacturer\/membrane-switch-touch-screen\/"},"modified":"2024-06-25T13:51:39","modified_gmt":"2024-06-25T13:51:39","slug":"membrane-switch-touch-screen","status":"publish","type":"product","link":"https:\/\/membraneswitchmfg.com\/es\/manufacturer\/membrane-switch-touch-screen\/","title":{"rendered":"Interruptor de membrana + pantalla t\u00e1ctil"},"content":{"rendered":"<h2><strong><b>Interruptor de membrana + Pantalla t\u00e1ctil: Integraci\u00f3n perfecta para una experiencia de usuario mejorada<\/b><\/strong><\/h2>\n<p><strong>Experiencia de usuario y accesibilidad mejoradas<\/strong><\/p>\n<p>Los interruptores de membrana con pantallas t\u00e1ctiles proporcionan una interfaz m\u00e1s intuitiva y f\u00e1cil de usar al:<\/p>\n<ul>\n<li><strong>Combinar la retroalimentaci\u00f3n t\u00e1ctil con las se\u00f1ales visuales<\/strong><\/li>\n<li><strong>Permitir una f\u00e1cil navegaci\u00f3n y selecci\u00f3n<\/strong><\/li>\n<li><strong>Atender a una gama m\u00e1s amplia de preferencias de usuario<\/strong><\/li>\n<\/ul>\n<p><strong>Mayor funcionalidad y personalizaci\u00f3n<\/strong><\/p>\n<p>Esta integraci\u00f3n permite la incorporaci\u00f3n de funciones avanzadas, como:<\/p>\n<ul>\n<li><strong>Gr\u00e1ficos e iconos personalizables<\/strong><\/li>\n<li><strong>Men\u00fas y pantallas interactivas<\/strong><\/li>\n<li><strong>Entrada y control de datos<\/strong><\/li>\n<\/ul>\n<p><strong>Variedad de opciones de dise\u00f1o<\/strong><\/p>\n<p>Los interruptores de membrana con pantallas t\u00e1ctiles se pueden personalizar para cumplir con requisitos de dise\u00f1o espec\u00edficos, que incluyen:<\/p>\n<ul>\n<li><strong>Variedad de tama\u00f1os y configuraciones de interruptores<\/strong><\/li>\n<li><strong>Tama\u00f1os y tecnolog\u00edas de pantalla t\u00e1ctil<\/strong><\/li>\n<li><strong>Opciones de retroiluminaci\u00f3n e iluminaci\u00f3n<\/strong><\/li>\n<li><strong>Integraci\u00f3n est\u00e9tica con el dise\u00f1o del dispositivo<\/strong><\/li>\n<\/ul>\n<p><strong>Aplicaciones<\/strong><\/p>\n<p>Los interruptores de membrana con pantallas t\u00e1ctiles se utilizan ampliamente en diversas aplicaciones, que incluyen:<\/p>\n<ul>\n<li><strong>Cuadros de control industrial<\/strong><\/li>\n<li><strong>Productos sanitarios<\/strong><\/li>\n<li><strong>Electr\u00f3nica de consumo<\/strong><\/li>\n<li><strong>Electrodom\u00e9sticos<\/strong><\/li>\n<li><strong>Quioscos p\u00fablicos<\/strong><\/li>\n<\/ul>\n<p><strong>Soluciones a medida<\/strong><\/p>\n<p>Ofrecemos una amplia gama de opciones de personalizaci\u00f3n para satisfacer sus necesidades espec\u00edficas, entre las que se incluyen:<\/p>\n<ul>\n<li><strong>Selecci\u00f3n de materiales y estilos de interruptores de membrana<\/strong><\/li>\n<li><strong>Tecnolog\u00eda y resoluci\u00f3n de pantalla t\u00e1ctil<\/strong><\/li>\n<li><strong>Gr\u00e1ficos personalizados y dise\u00f1o de interfaz de usuario<\/strong><\/li>\n<li><strong>Integraci\u00f3n con componentes adicionales<\/strong><\/li>\n<\/ul>\n<p><strong>As\u00f3ciese con un fabricante experimentado de interruptores de membrana y pantallas t\u00e1ctiles<\/strong><\/p>\n<p>Con a\u00f1os de experiencia y un compromiso con la calidad, somos su fuente confiable de interruptores de membrana personalizados con pantallas t\u00e1ctiles. Nuestro equipo de expertos puede ayudarlo a dise\u00f1ar y fabricar la soluci\u00f3n perfecta para mejorar la experiencia del usuario, la funcionalidad y el atractivo est\u00e9tico de su producto.<\/p>\n<p><strong>P\u00f3ngase en contacto con nosotros<\/strong>\u00a0para obtener m\u00e1s informaci\u00f3n sobre nuestras soluciones de interruptores de membrana y pantallas t\u00e1ctiles y c\u00f3mo podemos ayudarlo a mejorar sus productos.<\/p>","protected":false},"excerpt":{"rendered":"<p>Los interruptores de membrana y las pantallas t\u00e1ctiles se pueden integrar a la perfecci\u00f3n para crear una interfaz de usuario que combine la retroalimentaci\u00f3n t\u00e1ctil de los interruptores de membrana con la interactividad visual de las pantallas t\u00e1ctiles. Esta innovadora combinaci\u00f3n ofrece una soluci\u00f3n vers\u00e1til y f\u00e1cil de usar para una amplia gama de aplicaciones.<\/p>","protected":false},"featured_media":1762,"template":"","meta":[],"product_brand":[],"product_cat":[40],"product_tag":[],"class_list":{"0":"post-1782","1":"product","2":"type-product","3":"status-publish","4":"has-post-thumbnail","6":"product_cat-membrane-switch","8":"first","9":"instock","10":"shipping-taxable","11":"product-type-simple"},"_links":{"self":[{"href":"https:\/\/membraneswitchmfg.com\/es\/wp-json\/wp\/v2\/product\/1782","targetHints":{"allow":["GET"]}}],"collection":[{"href":"https:\/\/membraneswitchmfg.com\/es\/wp-json\/wp\/v2\/product"}],"about":[{"href":"https:\/\/membraneswitchmfg.com\/es\/wp-json\/wp\/v2\/types\/product"}],"wp:featuredmedia":[{"embeddable":true,"href":"https:\/\/membraneswitchmfg.com\/es\/wp-json\/wp\/v2\/media\/1762"}],"wp:attachment":[{"href":"https:\/\/membraneswitchmfg.com\/es\/wp-json\/wp\/v2\/media?parent=1782"}],"wp:term":[{"taxonomy":"product_brand","embeddable":true,"href":"https:\/\/membraneswitchmfg.com\/es\/wp-json\/wp\/v2\/product_brand?post=1782"},{"taxonomy":"product_cat","embeddable":true,"href":"https:\/\/membraneswitchmfg.com\/es\/wp-json\/wp\/v2\/product_cat?post=1782"},{"taxonomy":"product_tag","embeddable":true,"href":"https:\/\/membraneswitchmfg.com\/es\/wp-json\/wp\/v2\/product_tag?post=1782"}],"curies":[{"name":"wp","href":"https:\/\/api.w.org\/{rel}","templated":true}]}}