{"id":1783,"date":"2024-06-24T05:57:57","date_gmt":"2024-06-24T05:57:57","guid":{"rendered":"https:\/\/membraneswitchmfg.com\/manufacturer\/oca-membrane-switch-keypad\/"},"modified":"2024-06-25T14:00:06","modified_gmt":"2024-06-25T14:00:06","slug":"oca-membrane-switch-keypad","status":"publish","type":"product","link":"https:\/\/membraneswitchmfg.com\/es\/manufacturer\/oca-membrane-switch-keypad\/","title":{"rendered":"OCA Teclado con interruptor de membrana"},"content":{"rendered":"<h2><strong><b>Teclado de interruptor de membrana OCA: Durabilidad mejorada y respuesta t\u00e1ctil<\/b><\/strong><\/h2>\n<p><strong>Durabilidad mejorada y resistencia al agua<\/strong><\/p>\n<p>Los teclados de interruptor de membrana OCA son excepcionalmente duraderos, resistiendo condiciones adversas y uso frecuente. La capa OCA proporciona una barrera protectora contra la humedad, el polvo y los contaminantes, extendiendo la vida \u00fatil del teclado.<\/p>\n<ul>\n<li><strong>Resistente al agua, productos qu\u00edmicos y rayos UV<\/strong><\/li>\n<li><strong>Soporta temperaturas y vibraciones extremas<\/strong><\/li>\n<li><strong>Adecuado para entornos exteriores e industriales<\/strong><\/li>\n<\/ul>\n<p><strong>Respuesta t\u00e1ctil superior y retroalimentaci\u00f3n n\u00edtida<\/strong><\/p>\n<p>Los teclados de interruptor de membrana OCA ofrecen una respuesta t\u00e1ctil precisa y consistente, lo que garantiza una entrada de usuario precisa y confiable. La capa OCA mejora el recorrido de las teclas y proporciona una respuesta de clic n\u00edtida para la confirmaci\u00f3n positiva del usuario.<\/p>\n<ul>\n<li><strong>Actuaci\u00f3n de tecla precisa y consistente<\/strong><\/li>\n<li><strong>Retroalimentaci\u00f3n de clic n\u00edtida para confirmaci\u00f3n t\u00e1ctil<\/strong><\/li>\n<li><strong>Minimiza los errores y mejora la experiencia del usuario<\/strong><\/li>\n<\/ul>\n<p><strong>Claridad visual mejorada y opciones de retroiluminaci\u00f3n<\/strong><\/p>\n<p>Los teclados de interruptor de membrana OCA ofrecen una claridad visual excepcional, con leyendas y s\u00edmbolos n\u00edtidos que son f\u00e1ciles de leer incluso con poca luz. La capa OCA permite una retroiluminaci\u00f3n uniforme, proporcionando una visibilidad clara en condiciones de poca luz.<\/p>\n<ul>\n<li><strong>Leyendas y s\u00edmbolos n\u00edtidos y legibles<\/strong><\/li>\n<li><strong>Opciones de retroiluminaci\u00f3n uniformes para una visibilidad mejorada<\/strong><\/li>\n<li><strong>Gr\u00e1ficos personalizables y elementos de marca<\/strong><\/li>\n<\/ul>\n<p><strong>Aplicaciones<\/strong><\/p>\n<p>Los teclados de interruptor de membrana OCA se utilizan ampliamente en diversas aplicaciones, incluyendo:<\/p>\n<ul>\n<li><strong>Cuadros de control industrial<\/strong><\/li>\n<li><strong>Productos sanitarios<\/strong><\/li>\n<li><strong>Electr\u00f3nica de consumo<\/strong><\/li>\n<li><strong>Equipos de telecomunicaciones<\/strong><\/li>\n<li><strong>Consolas de transporte<\/strong><\/li>\n<\/ul>\n<p><strong>Soluciones a medida<\/strong><\/p>\n<p>Ofrecemos una amplia gama de opciones de personalizaci\u00f3n para satisfacer sus necesidades espec\u00edficas, entre las que se incluyen:<\/p>\n<ul>\n<li><strong>Variedad de tama\u00f1os de teclas, dise\u00f1os y configuraciones<\/strong><\/li>\n<li><strong>Gr\u00e1ficos personalizados, leyendas y elementos de marca<\/strong><\/li>\n<li><strong>Opciones de retroiluminaci\u00f3n y colores<\/strong><\/li>\n<li><strong>Integraci\u00f3n con componentes adicionales<\/strong><\/li>\n<\/ul>\n<p><strong>As\u00f3ciese con un fabricante experimentado de teclados de interruptor de membrana OCA<\/strong><\/p>\n<p>Con a\u00f1os de experiencia y un compromiso con la calidad, somos su fuente confiable de teclados de interruptor de membrana OCA personalizados. Nuestro equipo de expertos puede ayudarlo a dise\u00f1ar y fabricar los teclados perfectos para mejorar la durabilidad, la respuesta t\u00e1ctil, la claridad visual y el rendimiento general de su producto.<\/p>\n<p><strong>P\u00f3ngase en contacto con nosotros<\/strong>\u00a0para obtener m\u00e1s informaci\u00f3n sobre nuestras soluciones de teclado de interruptor de membrana OCA y c\u00f3mo podemos ayudarlo a mejorar sus productos.<\/p>","protected":false},"excerpt":{"rendered":"<p>Los teclados de membrana OCA (adhesivo \u00f3pticamente transparente) ofrecen una alternativa superior a los teclados de membrana tradicionales, proporcionando mayor durabilidad, respuesta t\u00e1ctil y claridad visual. Estos innovadores teclados son ideales para aplicaciones que exigen alto rendimiento y fiabilidad en entornos dif\u00edciles.<\/p>","protected":false},"featured_media":1756,"template":"","meta":[],"product_brand":[],"product_cat":[40],"product_tag":[],"class_list":{"0":"post-1783","1":"product","2":"type-product","3":"status-publish","4":"has-post-thumbnail","6":"product_cat-membrane-switch","8":"first","9":"instock","10":"shipping-taxable","11":"product-type-simple"},"_links":{"self":[{"href":"https:\/\/membraneswitchmfg.com\/es\/wp-json\/wp\/v2\/product\/1783","targetHints":{"allow":["GET"]}}],"collection":[{"href":"https:\/\/membraneswitchmfg.com\/es\/wp-json\/wp\/v2\/product"}],"about":[{"href":"https:\/\/membraneswitchmfg.com\/es\/wp-json\/wp\/v2\/types\/product"}],"wp:featuredmedia":[{"embeddable":true,"href":"https:\/\/membraneswitchmfg.com\/es\/wp-json\/wp\/v2\/media\/1756"}],"wp:attachment":[{"href":"https:\/\/membraneswitchmfg.com\/es\/wp-json\/wp\/v2\/media?parent=1783"}],"wp:term":[{"taxonomy":"product_brand","embeddable":true,"href":"https:\/\/membraneswitchmfg.com\/es\/wp-json\/wp\/v2\/product_brand?post=1783"},{"taxonomy":"product_cat","embeddable":true,"href":"https:\/\/membraneswitchmfg.com\/es\/wp-json\/wp\/v2\/product_cat?post=1783"},{"taxonomy":"product_tag","embeddable":true,"href":"https:\/\/membraneswitchmfg.com\/es\/wp-json\/wp\/v2\/product_tag?post=1783"}],"curies":[{"name":"wp","href":"https:\/\/api.w.org\/{rel}","templated":true}]}}