{"id":1785,"date":"2024-06-24T05:57:57","date_gmt":"2024-06-24T05:57:57","guid":{"rendered":"https:\/\/membraneswitchmfg.com\/manufacturer\/thru-hole-silver-flex-circuit\/"},"modified":"2024-06-25T13:49:55","modified_gmt":"2024-06-25T13:49:55","slug":"thru-hole-silver-flex-circuit","status":"publish","type":"product","link":"https:\/\/membraneswitchmfg.com\/es\/manufacturer\/thru-hole-silver-flex-circuit\/","title":{"rendered":"Circuito THRU-HOLE Silver Flex"},"content":{"rendered":"<h2><strong><b>THRU-HOLE Circuitos Flexibles de Plata: Interconexiones Flexibles y Fiables para Diversas Aplicaciones<\/b><\/strong><\/h2>\n<p><strong>Flexibilidad y Adaptabilidad Mejoradas<\/strong><\/p>\n<p>Los Circuitos Flexibles de Plata THRU-HOLE son altamente flexibles, adapt\u00e1ndose a formas y geometr\u00edas complejas. Esto los hace ideales para aplicaciones donde el espacio es limitado o donde se requiere movimiento.<\/p>\n<ul>\n<li><strong>Se adaptan a superficies curvas y espacios reducidos<\/strong><\/li>\n<li><strong>Resisten la flexi\u00f3n, la torsi\u00f3n y el giro<\/strong><\/li>\n<li><strong>Adecuados para aplicaciones din\u00e1micas y m\u00f3viles<\/strong><\/li>\n<\/ul>\n<p><strong>Conductividad El\u00e9ctrica Fiable<\/strong><\/p>\n<p>Los conductores de tinta de plata garantizan una baja resistencia y una alta capacidad de corriente, lo que permite una transmisi\u00f3n de se\u00f1al y una distribuci\u00f3n de energ\u00eda fiables.<\/p>\n<ul>\n<li><strong>Excelente conductividad para una transferencia de se\u00f1al eficiente<\/strong><\/li>\n<li><strong>Baja resistencia para una m\u00ednima p\u00e9rdida de energ\u00eda<\/strong><\/li>\n<li><strong>Adecuados para aplicaciones el\u00e9ctricas exigentes<\/strong><\/li>\n<\/ul>\n<p><strong>Orificios Pasantes Metalizados Robustos<\/strong><\/p>\n<p>Los orificios pasantes metalizados proporcionan conexiones fuertes y fiables entre las diferentes capas del circuito flexible, garantizando la integridad de la se\u00f1al y la estabilidad del circuito.<\/p>\n<ul>\n<li><strong>Conexiones seguras para una transmisi\u00f3n de se\u00f1al fiable<\/strong><\/li>\n<li><strong>Resisten el desgaste para un rendimiento duradero<\/strong><\/li>\n<li><strong>Adecuados para entornos hostiles y exigentes<\/strong><\/li>\n<\/ul>\n<p><strong>Aplicaciones<\/strong><\/p>\n<p>Los Circuitos Flexibles de Plata THRU-HOLE se utilizan ampliamente en diversas aplicaciones, incluyendo:<\/p>\n<ul>\n<li><strong>Interruptores de bot\u00f3n de membrana<\/strong><\/li>\n<li><strong>Productos sanitarios<\/strong><\/li>\n<li><strong>Electr\u00f3nica de consumo<\/strong><\/li>\n<li><strong>Cuadros de control industrial<\/strong><\/li>\n<li><strong>Equipos automotrices y aeroespaciales<\/strong><\/li>\n<\/ul>\n<p><strong>Soluciones a medida<\/strong><\/p>\n<p>Ofrecemos una amplia gama de opciones de personalizaci\u00f3n para satisfacer sus necesidades espec\u00edficas, entre las que se incluyen:<\/p>\n<ul>\n<li><strong>Variedad de dise\u00f1os y configuraciones de circuitos<\/strong><\/li>\n<li><strong>Patrones y tama\u00f1os de conductores personalizados<\/strong><\/li>\n<li><strong>Diferentes materiales y grosores<\/strong><\/li>\n<li><strong>Acabados superficiales y recubrimientos protectores<\/strong><\/li>\n<\/ul>\n<p><strong>As\u00f3ciese con un Fabricante de Circuitos Flexibles de Plata THRU-HOLE con Experiencia<\/strong><\/p>\n<p>Con a\u00f1os de experiencia y un compromiso con la calidad, somos su fuente de confianza para Circuitos Flexibles de Plata THRU-HOLE personalizados. Nuestro equipo de expertos puede ayudarle a dise\u00f1ar y fabricar los circuitos perfectos para satisfacer los requisitos espec\u00edficos de su aplicaci\u00f3n.<\/p>\n<p><strong>P\u00f3ngase en contacto con nosotros<\/strong>\u00a0para obtener m\u00e1s informaci\u00f3n sobre nuestras soluciones de Circuitos Flexibles de Plata THRU-HOLE y c\u00f3mo podemos ayudarle a mejorar sus productos.<\/p>","protected":false},"excerpt":{"rendered":"<p>THRU-HOLE Los circuitos flexibles de plata ofrecen una soluci\u00f3n vers\u00e1til y confiable para interconexiones en una amplia gama de aplicaciones. Estos circuitos flexibles cuentan con conductores de tinta de plata y orificios pasantes metalizados, lo que proporciona una excelente conductividad, flexibilidad y durabilidad.<\/p>","protected":false},"featured_media":1760,"template":"","meta":[],"product_brand":[],"product_cat":[40],"product_tag":[],"class_list":{"0":"post-1785","1":"product","2":"type-product","3":"status-publish","4":"has-post-thumbnail","6":"product_cat-membrane-switch","8":"first","9":"instock","10":"shipping-taxable","11":"product-type-simple"},"_links":{"self":[{"href":"https:\/\/membraneswitchmfg.com\/es\/wp-json\/wp\/v2\/product\/1785","targetHints":{"allow":["GET"]}}],"collection":[{"href":"https:\/\/membraneswitchmfg.com\/es\/wp-json\/wp\/v2\/product"}],"about":[{"href":"https:\/\/membraneswitchmfg.com\/es\/wp-json\/wp\/v2\/types\/product"}],"wp:featuredmedia":[{"embeddable":true,"href":"https:\/\/membraneswitchmfg.com\/es\/wp-json\/wp\/v2\/media\/1760"}],"wp:attachment":[{"href":"https:\/\/membraneswitchmfg.com\/es\/wp-json\/wp\/v2\/media?parent=1785"}],"wp:term":[{"taxonomy":"product_brand","embeddable":true,"href":"https:\/\/membraneswitchmfg.com\/es\/wp-json\/wp\/v2\/product_brand?post=1785"},{"taxonomy":"product_cat","embeddable":true,"href":"https:\/\/membraneswitchmfg.com\/es\/wp-json\/wp\/v2\/product_cat?post=1785"},{"taxonomy":"product_tag","embeddable":true,"href":"https:\/\/membraneswitchmfg.com\/es\/wp-json\/wp\/v2\/product_tag?post=1785"}],"curies":[{"name":"wp","href":"https:\/\/api.w.org\/{rel}","templated":true}]}}